{"id":3144,"date":"2018-11-28T12:03:38","date_gmt":"2018-11-28T12:03:38","guid":{"rendered":"https:\/\/spacva.eu\/eu-projekt-spacva"},"modified":"2022-02-16T13:10:33","modified_gmt":"2022-02-16T12:10:33","slug":"eu-projekt-spacva","status":"publish","type":"page","link":"https:\/\/spacva.eu\/de\/eu-projekt-spacva","title":{"rendered":"EU project Spa\u010dva d.d."},"content":{"rendered":"<h3 class=\"p1\"><span class=\"s1\">Project description <\/span><\/h3>\n<p class=\"p1\"><span class=\"s1\">Through the project, we want to increase the research activities of the company Spa\u010dva d.d. with the aim of developing an innovative and significantly technologically improved product \u2014 the innovative oak doors of significantly improved functionality. The project is implemented in cooperation with the Faculty of Forestry in Zagreb and the Faculty of Electrical Engineering, Computing and Information Technology in Osijek.<\/span><\/p>\n<h3 class=\"p1\"><span class=\"s1\">Objectives and results<\/span><\/h3>\n<p class=\"p1\"><span class=\"s1\">The general objective of the project is the contribution of the Spa\u010dva d.d. company to the increase in competitiveness and strengthening of the market position of domestic entrepreneurs by developing new, significantly improved products through increased investment in research, development, and innovation. <\/span><\/p>\n<p class=\"p1\"><span class=\"s1\">Specific project objectives: to increase research activities of the Spa\u010dva d.d. company with the aim of developing an innovative and significantly technologically improved product \u2014 the innovative oak doors of significantly improved functionality, to increase competitiveness and strengthen the market position of the Spa\u010dva d.d. company, to increase the number of new employees in Spa\u010dva d.d., and, consequently, to contribute to the local community\u2019s efforts to reduce unemployment.<br \/>\n<\/span><\/p>\n<h3 class=\"p1\"><span class=\"s1\">Total value of the project and amount co-financed:<\/span><\/h3>\n<p class=\"p1\"><span class=\"s1\">Total value of the project HRK 45,787,603.70<\/span><\/p>\n<p class=\"p1\"><span class=\"s1\">Amount of grants HRK 20,719,724.42<\/span><\/p>\n<h3 class=\"p1\"><span class=\"s1\">Implementation period<\/span><\/h3>\n<p class=\"p1\"><span class=\"s1\">The project is implemented for 48 months, from 16 July 2018 to 16 July 2022<\/span><\/p>\n<h3 class=\"p3\"><span class=\"s2\">Contact person<\/span><\/h3>\n<p class=\"p3\"><span class=\"s1\">An\u0111elko Dobro\u010dinac<br \/>\ne-mail: <a href=\"mailto:andjelko.dobrocinac@spacva.hr\"><span class=\"s3\">andjelko.dobrocinac@spacva.hr<\/span><\/a><\/span><\/p>\n<p>For more information on the European Structural and Investment Funds and Operational Program, please visit:<\/p>\n<p>https:\/\/strukturnifondovi.hr\/<\/p>\n<blockquote class=\"wp-embedded-content\" data-secret=\"V9Y5OhB3sx\"><p><a href=\"https:\/\/strukturnifondovi.hr\/eu-fondovi\/esi-fondovi-2014-2020\/op-konkurentnost-i-kohezija\/\">Operativni program konkurentnost i kohezija 2014.-2020.<\/a><\/p><\/blockquote>\n<p><iframe loading=\"lazy\" class=\"wp-embedded-content\" sandbox=\"allow-scripts\" security=\"restricted\" style=\"position: absolute; clip: rect(1px, 1px, 1px, 1px);\" title=\"&#8220;Operativni program konkurentnost i kohezija 2014.-2020.&#8221; &#8212; Europski strukturni i investicijski fondovi\" src=\"https:\/\/strukturnifondovi.hr\/eu-fondovi\/esi-fondovi-2014-2020\/op-konkurentnost-i-kohezija\/embed\/#?secret=V9Y5OhB3sx\" data-secret=\"V9Y5OhB3sx\" width=\"600\" height=\"338\" frameborder=\"0\" marginwidth=\"0\" marginheight=\"0\" scrolling=\"no\"><\/iframe><\/p>\n<p>&nbsp;<\/p>\n<p>&nbsp;<\/p>\n","protected":false},"excerpt":{"rendered":"Project description Through the project, we want to increase the research activities of the company Spa\u010dva d.d. with the aim of developing an innovative and significantly technologically improved product \u2014 the innovative oak doors of significantly improved functionality. The project is implemented in cooperation with the Faculty of Forestry in Zagreb and the Faculty of&#8230; <a class=\"view-article\" href=\"https:\/\/spacva.eu\/de\/eu-projekt-spacva\">Artikel ansehen<\/a>","protected":false},"author":1,"featured_media":0,"parent":0,"menu_order":0,"comment_status":"closed","ping_status":"closed","template":"template-eu-projekt.php","meta":{"_acf_changed":false,"footnotes":""},"class_list":["post-3144","page","type-page","status-publish","hentry"],"acf":[],"yoast_head":"<!-- This site is optimized with the Yoast SEO plugin v27.3 - https:\/\/yoast.com\/product\/yoast-seo-wordpress\/ -->\n<title>EU project Spa\u010dva d.d. - Spa\u010dva<\/title>\n<meta name=\"description\" content=\"Increasing the research activity of Spa\u010dva d.d. with the aim of developing an innovative and technologically significantly improved product\" \/>\n<meta name=\"robots\" content=\"index, follow, max-snippet:-1, max-image-preview:large, max-video-preview:-1\" \/>\n<link rel=\"canonical\" href=\"https:\/\/spacva.eu\/de\/eu-projekt-spacva\" \/>\n<meta property=\"og:locale\" content=\"de_DE\" \/>\n<meta property=\"og:type\" content=\"article\" \/>\n<meta property=\"og:title\" content=\"EU project Spa\u010dva d.d. - Spa\u010dva\" \/>\n<meta property=\"og:description\" content=\"Increasing the research activity of Spa\u010dva d.d. with the aim of developing an innovative and technologically significantly improved product\" \/>\n<meta property=\"og:url\" content=\"https:\/\/spacva.eu\/de\/eu-projekt-spacva\" \/>\n<meta property=\"og:site_name\" content=\"Spa\u010dva\" \/>\n<meta property=\"article:publisher\" content=\"https:\/\/web.facebook.com\/Spacva\/\" \/>\n<meta property=\"article:modified_time\" content=\"2022-02-16T12:10:33+00:00\" \/>\n<meta property=\"og:image\" content=\"https:\/\/spacva.eu\/wp-content\/uploads\/2018\/12\/Spacva-fb-share.jpg\" \/>\n\t<meta property=\"og:image:width\" content=\"1200\" \/>\n\t<meta property=\"og:image:height\" content=\"630\" \/>\n\t<meta property=\"og:image:type\" content=\"image\/jpeg\" \/>\n<meta name=\"twitter:card\" content=\"summary_large_image\" \/>\n<meta name=\"twitter:label1\" content=\"Gesch\u00e4tzte Lesezeit\" \/>\n\t<meta name=\"twitter:data1\" content=\"1\u00a0Minute\" \/>\n<script type=\"application\/ld+json\" class=\"yoast-schema-graph\">{\"@context\":\"https:\\\/\\\/schema.org\",\"@graph\":[{\"@type\":\"WebPage\",\"@id\":\"https:\\\/\\\/spacva.eu\\\/de\\\/eu-projekt-spacva\",\"url\":\"https:\\\/\\\/spacva.eu\\\/de\\\/eu-projekt-spacva\",\"name\":\"EU project Spa\u010dva d.d. - Spa\u010dva\",\"isPartOf\":{\"@id\":\"https:\\\/\\\/spacva.eu\\\/de#website\"},\"datePublished\":\"2018-11-28T12:03:38+00:00\",\"dateModified\":\"2022-02-16T12:10:33+00:00\",\"description\":\"Increasing the research activity of Spa\u010dva d.d. with the aim of developing an innovative and technologically significantly improved product\",\"breadcrumb\":{\"@id\":\"https:\\\/\\\/spacva.eu\\\/de\\\/eu-projekt-spacva#breadcrumb\"},\"inLanguage\":\"de\",\"potentialAction\":[{\"@type\":\"ReadAction\",\"target\":[\"https:\\\/\\\/spacva.eu\\\/de\\\/eu-projekt-spacva\"]}]},{\"@type\":\"BreadcrumbList\",\"@id\":\"https:\\\/\\\/spacva.eu\\\/de\\\/eu-projekt-spacva#breadcrumb\",\"itemListElement\":[{\"@type\":\"ListItem\",\"position\":1,\"name\":\"\",\"item\":\"https:\\\/\\\/spacva.eu\\\/de\"},{\"@type\":\"ListItem\",\"position\":2,\"name\":\"EU project Spa\u010dva d.d.\"}]},{\"@type\":\"WebSite\",\"@id\":\"https:\\\/\\\/spacva.eu\\\/de#website\",\"url\":\"https:\\\/\\\/spacva.eu\\\/de\",\"name\":\"Spa\u010dva\",\"description\":\"\",\"publisher\":{\"@id\":\"https:\\\/\\\/spacva.eu\\\/de#organization\"},\"potentialAction\":[{\"@type\":\"SearchAction\",\"target\":{\"@type\":\"EntryPoint\",\"urlTemplate\":\"https:\\\/\\\/spacva.eu\\\/de?s={search_term_string}\"},\"query-input\":{\"@type\":\"PropertyValueSpecification\",\"valueRequired\":true,\"valueName\":\"search_term_string\"}}],\"inLanguage\":\"de\"},{\"@type\":\"Organization\",\"@id\":\"https:\\\/\\\/spacva.eu\\\/de#organization\",\"name\":\"Spa\u010dva d.d.\",\"url\":\"https:\\\/\\\/spacva.eu\\\/de\",\"logo\":{\"@type\":\"ImageObject\",\"inLanguage\":\"de\",\"@id\":\"https:\\\/\\\/spacva.eu\\\/de#\\\/schema\\\/logo\\\/image\\\/\",\"url\":\"https:\\\/\\\/spacva.eu\\\/wp-content\\\/uploads\\\/2018\\\/06\\\/logo.png\",\"contentUrl\":\"https:\\\/\\\/spacva.eu\\\/wp-content\\\/uploads\\\/2018\\\/06\\\/logo.png\",\"width\":100,\"height\":124,\"caption\":\"Spa\u010dva d.d.\"},\"image\":{\"@id\":\"https:\\\/\\\/spacva.eu\\\/de#\\\/schema\\\/logo\\\/image\\\/\"},\"sameAs\":[\"https:\\\/\\\/web.facebook.com\\\/Spacva\\\/\"]}]}<\/script>\n<!-- \/ Yoast SEO plugin. -->","yoast_head_json":{"title":"EU project Spa\u010dva d.d. - Spa\u010dva","description":"Increasing the research activity of Spa\u010dva d.d. with the aim of developing an innovative and technologically significantly improved product","robots":{"index":"index","follow":"follow","max-snippet":"max-snippet:-1","max-image-preview":"max-image-preview:large","max-video-preview":"max-video-preview:-1"},"canonical":"https:\/\/spacva.eu\/de\/eu-projekt-spacva","og_locale":"de_DE","og_type":"article","og_title":"EU project Spa\u010dva d.d. - Spa\u010dva","og_description":"Increasing the research activity of Spa\u010dva d.d. with the aim of developing an innovative and technologically significantly improved product","og_url":"https:\/\/spacva.eu\/de\/eu-projekt-spacva","og_site_name":"Spa\u010dva","article_publisher":"https:\/\/web.facebook.com\/Spacva\/","article_modified_time":"2022-02-16T12:10:33+00:00","og_image":[{"width":1200,"height":630,"url":"https:\/\/spacva.eu\/wp-content\/uploads\/2018\/12\/Spacva-fb-share.jpg","type":"image\/jpeg"}],"twitter_card":"summary_large_image","twitter_misc":{"Gesch\u00e4tzte Lesezeit":"1\u00a0Minute"},"schema":{"@context":"https:\/\/schema.org","@graph":[{"@type":"WebPage","@id":"https:\/\/spacva.eu\/de\/eu-projekt-spacva","url":"https:\/\/spacva.eu\/de\/eu-projekt-spacva","name":"EU project Spa\u010dva d.d. - Spa\u010dva","isPartOf":{"@id":"https:\/\/spacva.eu\/de#website"},"datePublished":"2018-11-28T12:03:38+00:00","dateModified":"2022-02-16T12:10:33+00:00","description":"Increasing the research activity of Spa\u010dva d.d. with the aim of developing an innovative and technologically significantly improved product","breadcrumb":{"@id":"https:\/\/spacva.eu\/de\/eu-projekt-spacva#breadcrumb"},"inLanguage":"de","potentialAction":[{"@type":"ReadAction","target":["https:\/\/spacva.eu\/de\/eu-projekt-spacva"]}]},{"@type":"BreadcrumbList","@id":"https:\/\/spacva.eu\/de\/eu-projekt-spacva#breadcrumb","itemListElement":[{"@type":"ListItem","position":1,"name":"","item":"https:\/\/spacva.eu\/de"},{"@type":"ListItem","position":2,"name":"EU project Spa\u010dva d.d."}]},{"@type":"WebSite","@id":"https:\/\/spacva.eu\/de#website","url":"https:\/\/spacva.eu\/de","name":"Spa\u010dva","description":"","publisher":{"@id":"https:\/\/spacva.eu\/de#organization"},"potentialAction":[{"@type":"SearchAction","target":{"@type":"EntryPoint","urlTemplate":"https:\/\/spacva.eu\/de?s={search_term_string}"},"query-input":{"@type":"PropertyValueSpecification","valueRequired":true,"valueName":"search_term_string"}}],"inLanguage":"de"},{"@type":"Organization","@id":"https:\/\/spacva.eu\/de#organization","name":"Spa\u010dva d.d.","url":"https:\/\/spacva.eu\/de","logo":{"@type":"ImageObject","inLanguage":"de","@id":"https:\/\/spacva.eu\/de#\/schema\/logo\/image\/","url":"https:\/\/spacva.eu\/wp-content\/uploads\/2018\/06\/logo.png","contentUrl":"https:\/\/spacva.eu\/wp-content\/uploads\/2018\/06\/logo.png","width":100,"height":124,"caption":"Spa\u010dva d.d."},"image":{"@id":"https:\/\/spacva.eu\/de#\/schema\/logo\/image\/"},"sameAs":["https:\/\/web.facebook.com\/Spacva\/"]}]}},"_links":{"self":[{"href":"https:\/\/spacva.eu\/de\/wp-json\/wp\/v2\/pages\/3144","targetHints":{"allow":["GET"]}}],"collection":[{"href":"https:\/\/spacva.eu\/de\/wp-json\/wp\/v2\/pages"}],"about":[{"href":"https:\/\/spacva.eu\/de\/wp-json\/wp\/v2\/types\/page"}],"author":[{"embeddable":true,"href":"https:\/\/spacva.eu\/de\/wp-json\/wp\/v2\/users\/1"}],"replies":[{"embeddable":true,"href":"https:\/\/spacva.eu\/de\/wp-json\/wp\/v2\/comments?post=3144"}],"version-history":[{"count":2,"href":"https:\/\/spacva.eu\/de\/wp-json\/wp\/v2\/pages\/3144\/revisions"}],"predecessor-version":[{"id":5786,"href":"https:\/\/spacva.eu\/de\/wp-json\/wp\/v2\/pages\/3144\/revisions\/5786"}],"wp:attachment":[{"href":"https:\/\/spacva.eu\/de\/wp-json\/wp\/v2\/media?parent=3144"}],"curies":[{"name":"wp","href":"https:\/\/api.w.org\/{rel}","templated":true}]}}