{"id":3146,"date":"2018-11-28T11:35:37","date_gmt":"2018-11-28T11:35:37","guid":{"rendered":"https:\/\/spacva.eu\/sustainability"},"modified":"2019-01-22T08:30:33","modified_gmt":"2019-01-22T07:30:33","slug":"sustainability","status":"publish","type":"page","link":"https:\/\/spacva.eu\/de\/sustainability","title":{"rendered":"Nachhaltigkeit"},"content":{"rendered":"<p>SPA\u010cVA d.d. (AG) hat CSR (Corporate Social Responsibility) als einen der Schl\u00fcsselfaktoren f\u00fcr nachhaltige Entwicklung anerkannt und umgesetzt. CSR f\u00f6rdert verantwortungsvolle Praktiken der guten und transparenten Verwaltung und die Interessen unterschiedlicher Interessengruppen auf dem Weg zur Umsetzung von hochwertigen Arbeitsverfahren und nachhaltiger Entwicklung.<\/p>\n<p>Diese Gesch\u00e4ftspraxis beruht auf dem Prinzip der ausgewogenen Ber\u00fccksichtigung der wirtschaftlichen, sozialen und \u00f6kologischen Auswirkungen des Unternehmens und auf seine Investitionen in Humanressourcen.<\/p>\n<p>Beziehungen zu Gesch\u00e4ftspartnern, Lieferanten und Verbrauchern bauen wir mithilfe von hochwertigen Produkten, gegenseitigem Vertrauen und fairen Beziehungen schon seit vielen Jahren auf. In unsere Marketingkommunikation haben wir bez\u00fcglich der Produktwerbung eine Wahrhaftigkeitspraxis eingebaut.<\/p>\n<p>Humanressourcen werden f\u00fcr das Unternehmen als wertvolle Mitarbeiter angesehen und das ist der Grund, warum wir als Unternehmen auf das Wachstum und die Entwicklung des Potenzials und der Leistungsf\u00e4higkeiten von Individuen ausgerichtet sind. Das Investieren in Humanressourcen lohnt sich mehr aus als das Investieren in andere Arten von Ressourcen. Dementsprechend f\u00fchrt das Unternehmen SPA\u010cVA d.d. verschiedene interne Schulungen f\u00fcr seine Mitarbeiter durch, wie z.B Fremdsprachenkurse und verschiedene Schulungen zur Bef\u00e4higung der Mitarbeiter f\u00fcr die Verarbeitung und Bearbeitung von Holz.<\/p>\n<p>Alle Sch\u00fcler der Mittelschule f\u00fcr Holzwirtschaft und Technik absolvieren beispielsweise ein Praktikum bei SPA\u010cVA d.d. und heben sich durch ihr Bem\u00fchen und Engagement hervor, was oft dazu f\u00fchrt, dass sie nach dem Abschluss ihrer Ausbildung in ein Arbeitsverh\u00e4ltnis mit dem Unternehmen eintreten. Im letzten Jahr hat SPA\u010cVA d.d. ein Stipendium an eine Studentin der Fakult\u00e4t f\u00fcr Forstwissenschaften verliehen. Das Ziel der Stipendienvergabe war der Eintritt der Studentin in ein Arbeitsverh\u00e4ltnis mit dem Unternehmen nach dem Studienabschluss.<\/p>\n<p>Die Praxis, einen unbefristeten Arbeitsvertrag mit allen Mitarbeitern zu schlie\u00dfen, dauert schon \u00fcber einen l\u00e4ngeren Zeitraum. Diese Praxis erm\u00f6glicht einerseits die formale Gleichheit aller Mitarbeiter bez\u00fcglich ihres Arbeitsverh\u00e4ltnisses und andererseits tr\u00e4gt diese Praxis zur Entwicklung des Gef\u00fchls von Sicherheit und Stabilit\u00e4t bei, was den Mitarbeitern erm\u00f6glicht, sich ausschlie\u00dflich auf ihre Arbeitsauftr\u00e4ge und Pflichten zu konzentrieren.<\/p>\n<p>Mit dem Ziel, eine noch st\u00e4rkere Verbindung zwischen der akademischen und gesch\u00e4ftlichen Welt herzustellen, setzt sich die langj\u00e4hrige Zusammenarbeit mit der Fakult\u00e4t f\u00fcr Wirtschaftswissenschaften und dem Kroatischen Arbeitgeberverband (HUP) fort und erm\u00f6glicht den Studenten der Fakult\u00e4t der Wirtschaftswissenschaften in Osijek, ein Praktikum zu absolvieren.<\/p>\n<p>Mitarbeiter werden \u00fcber alle wichtigen Ereignisse und Informationen im Unternehmen informiert &#8211; am Mitteilungsbrett, wie auch \u00fcber die Facebook-Seite E-Novosti SPA\u010cVA d.d.<\/p>\n<p>Um die Kommunikation zu verbessern, hat das Unternehmen auch in jedem Betrieb \u201eK\u00e4stchen f\u00fcr kleine Ideen\u201c angefertigt und ausgelegt, wo jeder Mitarbeiter auf ein St\u00fcckchen Papier sein Lob, seine Bemerkungen und Kritik hineinwerfen kann.<\/p>\n<p>Weiterhin, um das Verhalten und Leistungsverm\u00f6gen der Mitarbeiter, sowie die interne Kommunikation zu verbessern, hat das Unternehmen ein Prozess der Leistungsverm\u00f6genssteuerung eingef\u00fchrt, der letztendlich nicht nur f\u00fcr den Arbeitgeber, sondern auch f\u00fcr die Arbeitnehmer vorteilhaft sein wird. Die Mitarbeiter k\u00f6nnen mithilfe dieses Prozesses die Bedeutung ihres Platzes im Unternehmen klarer einsehen und wissen genau, was ihre Arbeitsziele sind und in welchem Ma\u00dfe sie erreicht wurden. Sie verf\u00fcgen \u00fcber rechtzeitige Informationen, die zur Verbesserung der Arbeitsresultate erforderlich sind, und die bessere wechselseitige Kommunikation zwischen den Mitarbeitern und dem unmittelbaren Vorgesetzten gew\u00e4hrleisten.<\/p>\n<p>Jedes Jahr organisiert SPA\u010cVA d.d. ein angemessenes Treffen und Mittagessen f\u00fcr alle Mitarbeiter des Unternehmens.<\/p>\n<p>Im Bereich des Umweltschutzes ist SPA\u010cVA d.d. in mehreren Bereichen t\u00e4tig. Im Unternehmen werden technische Ma\u00dfnahmen f\u00fcr die Verringerung der Umweltauswirkungen durchgef\u00fchrt. Die Auswirkungen unseres Unternehmens auf die Umwelt werden systematisch durch die Messung der Emissionen aus ortfesten Quellen und der Luftqualit\u00e4t \u00fcberwacht. Das Unternehmen investiert auch in energiesparende Maschinen und Anlagen, um den Energieverbrauch zu reduzieren. Bez\u00fcglich der Abfallreduzierung k\u00fcmmert sich das Unternehmen um die Abfallsortierung, sowie um die Abfallentsorgung, um die Umweltbelastung zu verringern. Im Unternehmen wird ebenfalls eine systematische Wasser\u00fcberwachung und -kontrolle durchgef\u00fchrt. In diesem Jahr hat das Unternehmen in den Wiederaufbau des Abwassersystems investiert, was letztendlich zur Verbesserung der Abwasserqualit\u00e4t f\u00fchren wird.<\/p>\n<p>Aus all den obengenannten Gr\u00fcnden ist es eindeutig, dass wir CSR nicht als einen kostenaufwendigen Prozess, sondern als eine Investition in die Zukunft betrachten.<\/p>\n<p class=\"p3\">\n","protected":false},"excerpt":{"rendered":"SPA\u010cVA d.d. (AG) hat CSR (Corporate Social Responsibility) als einen der Schl\u00fcsselfaktoren f\u00fcr nachhaltige Entwicklung anerkannt und umgesetzt. CSR f\u00f6rdert verantwortungsvolle Praktiken der guten und transparenten Verwaltung und die Interessen unterschiedlicher Interessengruppen auf dem Weg zur Umsetzung von hochwertigen Arbeitsverfahren und nachhaltiger Entwicklung. Diese Gesch\u00e4ftspraxis beruht auf dem Prinzip der ausgewogenen Ber\u00fccksichtigung der wirtschaftlichen, sozialen&#8230; <a class=\"view-article\" href=\"https:\/\/spacva.eu\/de\/sustainability\">Artikel ansehen<\/a>","protected":false},"author":1,"featured_media":0,"parent":0,"menu_order":0,"comment_status":"closed","ping_status":"closed","template":"template-blank.php","meta":{"_acf_changed":false,"footnotes":""},"class_list":["post-3146","page","type-page","status-publish","hentry"],"acf":[],"yoast_head":"<!-- This site is optimized with the Yoast SEO plugin v27.3 - https:\/\/yoast.com\/product\/yoast-seo-wordpress\/ -->\n<title>Nachhaltigkeit - Spa\u010dva<\/title>\n<meta name=\"robots\" content=\"index, follow, max-snippet:-1, max-image-preview:large, max-video-preview:-1\" \/>\n<link rel=\"canonical\" href=\"https:\/\/spacva.eu\/de\/sustainability\" \/>\n<meta property=\"og:locale\" content=\"de_DE\" \/>\n<meta property=\"og:type\" content=\"article\" \/>\n<meta property=\"og:title\" content=\"Nachhaltigkeit - Spa\u010dva\" \/>\n<meta property=\"og:description\" content=\"SPA\u010cVA d.d. (AG) hat CSR (Corporate Social Responsibility) als einen der Schl\u00fcsselfaktoren f\u00fcr nachhaltige Entwicklung anerkannt und umgesetzt. CSR f\u00f6rdert verantwortungsvolle Praktiken der guten und transparenten Verwaltung und die Interessen unterschiedlicher Interessengruppen auf dem Weg zur Umsetzung von hochwertigen Arbeitsverfahren und nachhaltiger Entwicklung. Diese Gesch\u00e4ftspraxis beruht auf dem Prinzip der ausgewogenen Ber\u00fccksichtigung der wirtschaftlichen, sozialen... Artikel ansehen\" \/>\n<meta property=\"og:url\" content=\"https:\/\/spacva.eu\/de\/sustainability\" \/>\n<meta property=\"og:site_name\" content=\"Spa\u010dva\" \/>\n<meta property=\"article:publisher\" content=\"https:\/\/web.facebook.com\/Spacva\/\" \/>\n<meta property=\"article:modified_time\" content=\"2019-01-22T07:30:33+00:00\" \/>\n<meta property=\"og:image\" content=\"https:\/\/spacva.eu\/wp-content\/uploads\/2018\/12\/Spacva-fb-share.jpg\" \/>\n\t<meta property=\"og:image:width\" content=\"1200\" \/>\n\t<meta property=\"og:image:height\" content=\"630\" \/>\n\t<meta property=\"og:image:type\" content=\"image\/jpeg\" \/>\n<meta name=\"twitter:card\" content=\"summary_large_image\" \/>\n<meta name=\"twitter:label1\" content=\"Gesch\u00e4tzte Lesezeit\" \/>\n\t<meta name=\"twitter:data1\" content=\"4\u00a0Minuten\" \/>\n<script type=\"application\/ld+json\" class=\"yoast-schema-graph\">{\"@context\":\"https:\\\/\\\/schema.org\",\"@graph\":[{\"@type\":\"WebPage\",\"@id\":\"https:\\\/\\\/spacva.eu\\\/de\\\/sustainability\",\"url\":\"https:\\\/\\\/spacva.eu\\\/de\\\/sustainability\",\"name\":\"Nachhaltigkeit - Spa\u010dva\",\"isPartOf\":{\"@id\":\"https:\\\/\\\/spacva.eu\\\/de#website\"},\"datePublished\":\"2018-11-28T11:35:37+00:00\",\"dateModified\":\"2019-01-22T07:30:33+00:00\",\"breadcrumb\":{\"@id\":\"https:\\\/\\\/spacva.eu\\\/de\\\/sustainability#breadcrumb\"},\"inLanguage\":\"de\",\"potentialAction\":[{\"@type\":\"ReadAction\",\"target\":[\"https:\\\/\\\/spacva.eu\\\/de\\\/sustainability\"]}]},{\"@type\":\"BreadcrumbList\",\"@id\":\"https:\\\/\\\/spacva.eu\\\/de\\\/sustainability#breadcrumb\",\"itemListElement\":[{\"@type\":\"ListItem\",\"position\":1,\"name\":\"\",\"item\":\"https:\\\/\\\/spacva.eu\\\/de\"},{\"@type\":\"ListItem\",\"position\":2,\"name\":\"Nachhaltigkeit\"}]},{\"@type\":\"WebSite\",\"@id\":\"https:\\\/\\\/spacva.eu\\\/de#website\",\"url\":\"https:\\\/\\\/spacva.eu\\\/de\",\"name\":\"Spa\u010dva\",\"description\":\"\",\"publisher\":{\"@id\":\"https:\\\/\\\/spacva.eu\\\/de#organization\"},\"potentialAction\":[{\"@type\":\"SearchAction\",\"target\":{\"@type\":\"EntryPoint\",\"urlTemplate\":\"https:\\\/\\\/spacva.eu\\\/de?s={search_term_string}\"},\"query-input\":{\"@type\":\"PropertyValueSpecification\",\"valueRequired\":true,\"valueName\":\"search_term_string\"}}],\"inLanguage\":\"de\"},{\"@type\":\"Organization\",\"@id\":\"https:\\\/\\\/spacva.eu\\\/de#organization\",\"name\":\"Spa\u010dva d.d.\",\"url\":\"https:\\\/\\\/spacva.eu\\\/de\",\"logo\":{\"@type\":\"ImageObject\",\"inLanguage\":\"de\",\"@id\":\"https:\\\/\\\/spacva.eu\\\/de#\\\/schema\\\/logo\\\/image\\\/\",\"url\":\"https:\\\/\\\/spacva.eu\\\/wp-content\\\/uploads\\\/2018\\\/06\\\/logo.png\",\"contentUrl\":\"https:\\\/\\\/spacva.eu\\\/wp-content\\\/uploads\\\/2018\\\/06\\\/logo.png\",\"width\":100,\"height\":124,\"caption\":\"Spa\u010dva d.d.\"},\"image\":{\"@id\":\"https:\\\/\\\/spacva.eu\\\/de#\\\/schema\\\/logo\\\/image\\\/\"},\"sameAs\":[\"https:\\\/\\\/web.facebook.com\\\/Spacva\\\/\"]}]}<\/script>\n<!-- \/ Yoast SEO plugin. -->","yoast_head_json":{"title":"Nachhaltigkeit - Spa\u010dva","robots":{"index":"index","follow":"follow","max-snippet":"max-snippet:-1","max-image-preview":"max-image-preview:large","max-video-preview":"max-video-preview:-1"},"canonical":"https:\/\/spacva.eu\/de\/sustainability","og_locale":"de_DE","og_type":"article","og_title":"Nachhaltigkeit - Spa\u010dva","og_description":"SPA\u010cVA d.d. (AG) hat CSR (Corporate Social Responsibility) als einen der Schl\u00fcsselfaktoren f\u00fcr nachhaltige Entwicklung anerkannt und umgesetzt. CSR f\u00f6rdert verantwortungsvolle Praktiken der guten und transparenten Verwaltung und die Interessen unterschiedlicher Interessengruppen auf dem Weg zur Umsetzung von hochwertigen Arbeitsverfahren und nachhaltiger Entwicklung. Diese Gesch\u00e4ftspraxis beruht auf dem Prinzip der ausgewogenen Ber\u00fccksichtigung der wirtschaftlichen, sozialen... Artikel ansehen","og_url":"https:\/\/spacva.eu\/de\/sustainability","og_site_name":"Spa\u010dva","article_publisher":"https:\/\/web.facebook.com\/Spacva\/","article_modified_time":"2019-01-22T07:30:33+00:00","og_image":[{"width":1200,"height":630,"url":"https:\/\/spacva.eu\/wp-content\/uploads\/2018\/12\/Spacva-fb-share.jpg","type":"image\/jpeg"}],"twitter_card":"summary_large_image","twitter_misc":{"Gesch\u00e4tzte Lesezeit":"4\u00a0Minuten"},"schema":{"@context":"https:\/\/schema.org","@graph":[{"@type":"WebPage","@id":"https:\/\/spacva.eu\/de\/sustainability","url":"https:\/\/spacva.eu\/de\/sustainability","name":"Nachhaltigkeit - Spa\u010dva","isPartOf":{"@id":"https:\/\/spacva.eu\/de#website"},"datePublished":"2018-11-28T11:35:37+00:00","dateModified":"2019-01-22T07:30:33+00:00","breadcrumb":{"@id":"https:\/\/spacva.eu\/de\/sustainability#breadcrumb"},"inLanguage":"de","potentialAction":[{"@type":"ReadAction","target":["https:\/\/spacva.eu\/de\/sustainability"]}]},{"@type":"BreadcrumbList","@id":"https:\/\/spacva.eu\/de\/sustainability#breadcrumb","itemListElement":[{"@type":"ListItem","position":1,"name":"","item":"https:\/\/spacva.eu\/de"},{"@type":"ListItem","position":2,"name":"Nachhaltigkeit"}]},{"@type":"WebSite","@id":"https:\/\/spacva.eu\/de#website","url":"https:\/\/spacva.eu\/de","name":"Spa\u010dva","description":"","publisher":{"@id":"https:\/\/spacva.eu\/de#organization"},"potentialAction":[{"@type":"SearchAction","target":{"@type":"EntryPoint","urlTemplate":"https:\/\/spacva.eu\/de?s={search_term_string}"},"query-input":{"@type":"PropertyValueSpecification","valueRequired":true,"valueName":"search_term_string"}}],"inLanguage":"de"},{"@type":"Organization","@id":"https:\/\/spacva.eu\/de#organization","name":"Spa\u010dva d.d.","url":"https:\/\/spacva.eu\/de","logo":{"@type":"ImageObject","inLanguage":"de","@id":"https:\/\/spacva.eu\/de#\/schema\/logo\/image\/","url":"https:\/\/spacva.eu\/wp-content\/uploads\/2018\/06\/logo.png","contentUrl":"https:\/\/spacva.eu\/wp-content\/uploads\/2018\/06\/logo.png","width":100,"height":124,"caption":"Spa\u010dva d.d."},"image":{"@id":"https:\/\/spacva.eu\/de#\/schema\/logo\/image\/"},"sameAs":["https:\/\/web.facebook.com\/Spacva\/"]}]}},"_links":{"self":[{"href":"https:\/\/spacva.eu\/de\/wp-json\/wp\/v2\/pages\/3146","targetHints":{"allow":["GET"]}}],"collection":[{"href":"https:\/\/spacva.eu\/de\/wp-json\/wp\/v2\/pages"}],"about":[{"href":"https:\/\/spacva.eu\/de\/wp-json\/wp\/v2\/types\/page"}],"author":[{"embeddable":true,"href":"https:\/\/spacva.eu\/de\/wp-json\/wp\/v2\/users\/1"}],"replies":[{"embeddable":true,"href":"https:\/\/spacva.eu\/de\/wp-json\/wp\/v2\/comments?post=3146"}],"version-history":[{"count":2,"href":"https:\/\/spacva.eu\/de\/wp-json\/wp\/v2\/pages\/3146\/revisions"}],"predecessor-version":[{"id":3414,"href":"https:\/\/spacva.eu\/de\/wp-json\/wp\/v2\/pages\/3146\/revisions\/3414"}],"wp:attachment":[{"href":"https:\/\/spacva.eu\/de\/wp-json\/wp\/v2\/media?parent=3146"}],"curies":[{"name":"wp","href":"https:\/\/api.w.org\/{rel}","templated":true}]}}