{"id":3152,"date":"2018-08-31T08:31:38","date_gmt":"2018-08-31T08:31:38","guid":{"rendered":"https:\/\/spacva.eu\/privacy-policy-terms-of-use"},"modified":"2023-05-25T10:02:50","modified_gmt":"2023-05-25T08:02:50","slug":"privacy-policy-terms-of-use","status":"publish","type":"page","link":"https:\/\/spacva.eu\/de\/privacy-policy-terms-of-use","title":{"rendered":"Datenschutzerkl\u00e4rung und Nutzungsbedingungen"},"content":{"rendered":"<p><strong>Datenschutzerkl\u00e4rung<\/strong><\/p>\n<p>Der Schutz Ihrer Privatsph\u00e4re und personenbezogenen Daten ist ein sehr wichtiges Thema, dem wir in all unseren Gesch\u00e4ftsverh\u00e4ltnissen gro\u00dfe Aufmerksamkeit schenken. Wir achten die Vertraulichkeit Ihrer personenbezogenen Daten und verfahren stets in Einklang mit den geltenden gesetzlichen Bestimmungen und sonstigen Vorschriften, die den Schutz personenbezogener Daten regulieren, sowie mit den Bestimmungen dieser Datenschutzerkl\u00e4rung.<\/p>\n<p>Daher m\u00f6chten wir Ihnen auf diesem Wege mitteilen, dass wir im Sinne eines allumfassenden Schutzes personenbezogener Daten unsere Gesch\u00e4ftst\u00e4tigkeit entsprechend den Anforderungen der Verordnung (EU) 2016\/679 des Europ\u00e4ischen Parlaments und Rates vom 27. April 2016 zum Schutz nat\u00fcrlicher Personen bei der Verarbeitung personenbezogener Daten, zum freien Datenverkehr und zur Aufhebung der Richtlinie 95\/46\/EG (Datenschutz-Grundverordnung) (nachfolgend: <strong>\u201eDSGVO\u201c<\/strong>) sowie dem dazugeh\u00f6rigen Gesetz zur Durchf\u00fchrung der Datenschutzverordnung (Amtsblatt der Republik Kroatien, Narodne novine Nr. 42\/2018; nachfolgend: <strong>\u201eGesetz\u201c<\/strong>) angepasst haben.<\/p>\n<p>Wir merken an, dass diese Datenschutzerkl\u00e4rung auf Sie als K\u00e4ufer von BJELIN SPA\u010cVA d.o.o bzw. das nachfolgend Angef\u00fchrte auf die Verarbeitung Ihrer personenbezogenen Daten als K\u00e4ufer von BJELIN SPA\u010cVA d.o.o Anwendung findet.<\/p>\n<p>Demzufolge werden Ihnen im nachfolgenden Text dieser Datenschutzerkl\u00e4rung Informationen dar\u00fcber zur Verf\u00fcgung gestellt, (i) wer Ihre personenbezogenen Daten verarbeitet, (ii) zu welchen Zwecken Ihre personenbezogenen Daten verarbeitet werden, (iii) wann wir Ihre personenbezogenen Daten an andere Personen oder eventuell an andere L\u00e4nder und\/oder internationale Organisationen \u00fcbermitteln, (iv) \u00fcber welchen Zeitraum wir Ihre personenbezogenen Daten verarbeiten und (v) welche Rechte Ihnen hinsichtlich der gegenst\u00e4ndlichen personenbezogenen Daten zustehen.<\/p>\n<p>&nbsp;<\/p>\n<ol>\n<li><strong> Umfang dieser Datenschutzerkl\u00e4rung<\/strong><\/li>\n<\/ol>\n<p>Bezugnehmend auf die vorstehende Einleitung halten wir fest, dass diese Datenschutzerkl\u00e4rung dazu dient, Sie als Kunden dar\u00fcber in Kenntnis zu setzen, dass der Verk\u00e4ufer, die Handelsgesellschaft BJELIN SPA\u010cVA dru\u0161tvo sa ograni\u010denom odgovorno\u0161\u0107u za drvnu industriju mit Sitz in Vinkovci, Duga 181, pers\u00f6nliche Identifikationsnummer (OIB): 02046778584, eingetragen im Firmenbuch des Handelsregisters Osijek unter der Matrikelnummer MBS: 030014502 (nachfolgend: <strong>\u201eBJELIN SPA\u010cVA d.o.o.\u201c<\/strong>) Ihre personenbezogenen Daten verarbeitet.<\/p>\n<p>In diesem Sinne ist die BJELIN SPA\u010cVA d.o.o. der sog. <em>Verantwortliche<\/em> hinsichtlich der verarbeiteten personenbezogenen Daten.<\/p>\n<p>Da wir uns des Umstandes bewusst sind, dass der Begriff <em><u>Verarbeitung personenbezogener Daten<\/u><\/em> eventuell irref\u00fchrend sein kann, haben wir Ihnen in der untenstehenden Tabelle ein kleines Merkblatt dar\u00fcber zusammengestellt, was alles als <em>personenbezogene Daten<\/em> gilt und was unter der<em> Verarbeitung dieser Daten<\/em> zu verstehen ist.<\/p>\n<p>&nbsp;<\/p>\n<table style=\"height: 309px;\" width=\"740\">\n<tbody>\n<tr>\n<td width=\"233\">PERSONENBEZOGENE DATEN<\/td>\n<td width=\"238\">VERARBEITUNG PERSONENBEZOGENER DATEN<\/td>\n<\/tr>\n<tr>\n<td width=\"233\">Alle Informationen, die sich auf eine identifizierte oder identifizierbare nat\u00fcrliche Person (\u201e<strong>betroffene Person<\/strong>\u201c) beziehen. Als identifizierbar wird eine nat\u00fcrliche Person angesehen, die direkt oder indirekt, insbesondere mittels Zuordnung zu einer Kennung wie einem Namen, einer Kennnummer, Standortdaten, einer Online-Kennung oder einem oder mehreren besonderen Merkmalen, die Ausdruck der physischen, physiologischen, genetischen, psychischen, wirtschaftlichen, kulturellen oder sozialen Identit\u00e4t dieser nat\u00fcrlichen Person sind, identifiziert werden kann.<\/td>\n<td width=\"238\">Jeder (mit oder ohne Hilfe automatisierter Verfahren) ausgef\u00fchrte Vorgang oder jede solche Vorgangsreihe im Zusammenhang mit personenbezogenen Daten, wie das Erheben, das Erfassen, die Organisation, das Ordnen, die Speicherung, die Anpassung oder Ver\u00e4nderung, das Auslesen, das Abfragen, die Verwendung, die Offenlegung durch \u00dcbermittlung, Verbreitung oder eine andere Form der Bereitstellung, den Abgleich oder die Verkn\u00fcpfung, die Einschr\u00e4nkung, das L\u00f6schen oder die Vernichtung.<\/td>\n<\/tr>\n<\/tbody>\n<\/table>\n<p>&nbsp;<\/p>\n<ol start=\"2\">\n<li><strong> Erhebung und Verwendung der Daten<\/strong><\/li>\n<\/ol>\n<p>Ihre personenbezogenen Daten werden im Rahmen des Gesch\u00e4ftsverh\u00e4ltnisses, das Sie mit uns als K\u00e4ufer unserer Produkte begr\u00fcndet haben, unmittelbar von Ihnen erhoben. Die Daten werden von uns erhoben, (i) um die aus dem mit Ihnen abgeschlossenen Kaufvertrag \u00fcber Waren aus unserem Angebot hervorgehenden Pflichten erf\u00fcllen zu k\u00f6nnen, (ii) um bestimmte Pflichten erf\u00fcllen zu k\u00f6nnen, die der Gesetzgeber f\u00fcr uns als Verk\u00e4ufer in Bezug auf Sie als Verbraucher vorgeschrieben hat, und (iii) aufgrund der berechtigten Interessen von BJELIN SPA\u010cVA d.o.o.<\/p>\n<p>Die uns von Ihnen bereitgestellten personenbezogenen Daten werden wir ausschlie\u00dflich zu bestimmten Zwecken verarbeiten und nutzen, die insbesondere Folgendes umfassen:<\/p>\n<ul>\n<li><strong>-Aus\u00fcbung von Handlungen auf Aufforderung des K\u00e4ufers vor Abschluss des Kaufvertrages.<\/strong> Die Erhebung und Verarbeitung Ihrer personenbezogenen Daten ist eine notwendige Voraussetzung daf\u00fcr, dass wir vor Abschluss des Kaufvertrages \u00fcber ein Produkt aus unserem Angebot auf Ihre Aufforderung Handlungen vornehmen k\u00f6nnen, wie beispielsweise die Beantwortung Ihrer Fragen hinsichtlich des Angebotes, der Wareneigenschaften, der Bedingungen f\u00fcr die Erbringung unserer Dienstleistungen etc.<\/li>\n<li><strong>-Erf\u00fcllung des Kaufvertrages. <\/strong>Wir erheben und verarbeiten Ihre personenbezogenen Daten zwecks Erf\u00fcllung der Pflichten, die f\u00fcr uns als Verk\u00e4ufer aus den mit K\u00e4ufern abgeschlossenen Kaufvertr\u00e4gen hervorgehen, um die erhaltenen Bestellungen bearbeiten, Sie bei Bedarf im Hinblick auf die f\u00fcr die Erf\u00fcllung des Vertrages wichtigen Umst\u00e4nde kontaktieren, Ihnen unsere Rechnung ausstellen und die gekaufte Ware ausliefern sowie gegebenenfalls erforderliche Urkunden und Deklarationen in Bezug auf steuer- und\/oder zollrechtliche Vorschriften herausgeben zu k\u00f6nnen.<\/li>\n<li><strong>-F\u00fchrung gesetzlich vorgeschriebener Verzeichnisse:<\/strong> Ihre personenbezogenen Daten k\u00f6nnen Teil eines Verzeichnisses sein, zu dessen F\u00fchrung wir gesetzlich verpflichtet sind, was insbesondere die F\u00fchrung von Gesch\u00e4ftsb\u00fcchern in Einklang mit dem Gesetz \u00fcber das Rechnungswesen, die F\u00fchrung von Steuerverzeichnissen sowie von Verzeichnissen \u00fcber Reklamationen nach Ma\u00dfgabe des Verbraucherschutzgesetzes betrifft.<\/li>\n<li><strong>-Schutz von Sicherheit, Verm\u00f6gen und Gesundheit:<\/strong> Die BJELIN SPA\u010cVA d.o.o. erhebt und verarbeitet Ihre personenbezogenen Daten im Wege von Video\u00fcberwachungskameras, die zum Schutze der Sicherheit und des Verm\u00f6gens der Gesellschaft, Arbeitnehmer und Besucher aufgestellt worden sind. BJELIN SPA\u010cVA d.o.o. hat Fragen hinsichtlich der Erhebung und Verarbeitung personenbezogener Daten im Wege von Video\u00fcberwachungskameras in einer Sonderverordnung geregelt.<\/li>\n<li><strong>-Bereinigung und Konsolidierung der Daten:<\/strong> Von Zeit zu Zeit k\u00f6nnen die von Ihnen bereitgestellten personenbezogenen Daten \u00fcberpr\u00fcft oder mit (i) den Daten aus unseren bestehenden Registern (online und offline), (ii) den vom gesetzlichen Vorg\u00e4nger \u00fcbernommenen Daten oder (iii) Daten aus anderen Quellen konsolidiert wird.<\/li>\n<\/ul>\n<p>&nbsp;<\/p>\n<ol start=\"3\">\n<li><strong> \u00dcbermittlung und Offenlegung personenbezogener Daten<\/strong><\/li>\n<\/ol>\n<p>In Einklang mit dem, was wir im vorstehenden Kapitel beschrieben haben, k\u00f6nnen bestimmte Daten, je nach Art des Prozesses im Rahmen dessen wir Ihre Daten verarbeiten, an Dritte \u00fcbermittelt werden. Dies erfolgt zwecks Erf\u00fcllung gesetzlicher Pflichten oder von Gesetzen, Vorschriften oder Auflagen \u00f6ffentlicher Beh\u00f6rden.<\/p>\n<p>Dar\u00fcber hinaus werden wir Ihre personenbezogenen Daten gelegentlich mit dritten Personen, mit denen wir zwecks Erf\u00fcllung unserer Dienstleistungen gesch\u00e4ftlich zusammenarbeiten, teilen, wobei wir jedoch auf die Zuverl\u00e4ssigkeit dieser Personen achten, sie zur Einhaltung der von uns angewandten Standards zum Schutz personenbezogener Daten verpflichten und die Verwendung Ihrer personenbezogenen Daten zu keinen anderen Zwecken, als den hier aufgef\u00fchrten, zulassen werden.<\/p>\n<p>Ihre personenbezogenen Daten werden allerdings nicht in andere L\u00e4nder und\/oder an internationale Organisationen \u00fcbermittelt.<\/p>\n<p><strong>\u00a0<\/strong><\/p>\n<ol start=\"4\">\n<li><strong> Zeitraum der Aufbewahrung Ihrer Daten<\/strong><strong>\u00a0<\/strong><\/li>\n<\/ol>\n<p>Der Zeitraum der Aufbewahrung Ihrer personenbezogenen Daten h\u00e4ngt in erster Linie von dem Zweck, zu welchem sie erhoben wurden, bzw. vom Grund der Verarbeitung Ihrer personenbezogenen Daten ab. In diesem Sinne garantieren wir Ihnen, dass wir Ihre personenbezogenen Daten nicht in einer Form aufbewahren werden, die Identifikation Ihrer Person l\u00e4nger als f\u00fcr die Erf\u00fcllung des Zweckes ihrer Erhebung n\u00f6tig, erm\u00f6glicht.<strong>\u00a0<\/strong><\/p>\n<p><strong>\u00a0<\/strong><\/p>\n<ol start=\"5\">\n<li><strong> Auskunftsrecht, Recht auf Widerruf und L\u00f6schung Ihrer personenbezogenen Daten<\/strong><\/li>\n<\/ol>\n<p>Nachstehend f\u00fchren wir Ihnen Ihre Rechte auf, die Sie in Bezug auf die vorstehend beschriebene Verarbeitung der personenbezogenen Daten geltend machen k\u00f6nnen. In diesem Sinne stehen Ihnen folgende Rechte zu:<\/p>\n<p>&nbsp;<\/p>\n<ul>\n<li>(i)\u00a0 \u00a0das Recht, auf schriftlichem Wege Auskunft \u00fcber Ihre von uns verarbeiteten personenbezogenen Daten einzuholen;<\/li>\n<li>(ii)\u00a0 das Recht auf Berichtigung der Sie betreffenden falschen personenbezogenen Daten;<\/li>\n<li>(iii) das Recht auf L\u00f6schung der Sie betreffenden personenbezogenen Daten;<\/li>\n<li>(iv) das Recht auf Einschr\u00e4nkung der Verarbeitung im Falle, dass\n<ul>\n<li>-Sie die Richtigkeit der Sie betreffenden personenbezogenen Daten bestreiten,<\/li>\n<li>-Sie der Auffassung sind, dass die Verarbeitung Ihrer personenbezogenen Daten unrechtm\u00e4\u00dfig erfolgt, Sie jedoch die L\u00f6schung der personenbezogenen Daten ablehnen,<\/li>\n<li>-Sie der Auffassung sind, das BJELIN SPA\u010cVA d.o.o. als Verantwortlicher Ihre personenbezogenen Daten nicht l\u00e4nger ben\u00f6tigt, Sie als betroffene Person die Daten jedoch zur Geltendmachung, Aus\u00fcbung oder Verteidigung von Rechtsanspr\u00fcchen ben\u00f6tigen;<\/li>\n<\/ul>\n<\/li>\n<li>(v)\u00a0 das Recht, die Sie betreffenden personenbezogenen Daten, die Sie dem Verantwortlichen bereitgestellt haben, in einem strukturierten, g\u00e4ngigen und maschinenlesbaren Format zu erhalten,<\/li>\n<li>(vi)\u00a0 das Recht, der Verarbeitung Ihrer personenbezogenen Daten zu widersprechen;<\/li>\n<li>(vii) das Recht, bei der f\u00fcr Datenschutz- und Aufsichtsfragen zust\u00e4ndigen Beh\u00f6rde der Republik Kroatien (der Datenschutzagentur) eine Beschwerde einzureichen.<\/li>\n<\/ul>\n<p>Jeden Antrag, mit dem Sie die oben beschriebenen Rechte geltend machen, senden Sie bitte an den in Punkt 7 aufgef\u00fchrten Kontakt.<\/p>\n<p>Ebenso teilen wir Ihnen mit, dass Sie im Falle, dass wir einzelne Ihrer personenbezogenen Daten auf der Grundlage einer von Ihnen erteilen Einwilligung verarbeiten (dies trifft auf F\u00e4lle zu, in denen die Verarbeitung einzelner personenbezogener Daten weder f\u00fcr die Erf\u00fcllung des Kaufvertrages noch zur Einhaltung der rechtlichen Pflichten von BJELIN SPA\u010cVA d.o.o. als Verantwortlichem erforderlich ist oder die Verarbeitung der personenbezogen Daten nicht auf begr\u00fcndeten Interessen von BJELIN SPA\u010cVA d.o.o. beruht), Sie jederzeit befugt sind, diese Einwilligung im Wege einer Mitteilung an die in Punkt 7 aufgef\u00fchrte E-Mail-Adresse zur\u00fcckzuziehen.<\/p>\n<p>&nbsp;<\/p>\n<ol start=\"6\">\n<li><strong> Datensicherheit<\/strong><\/li>\n<\/ol>\n<p>Wir teilen Ihnen mit, dass BJELIN SPA\u010cVA d.o.o. bem\u00fcht ist, die technischen und sicherheitsrelevanten Schutzma\u00dfnahmen umzusetzen, die erforderlich sind, um die Vertraulichkeit und Vollst\u00e4ndigkeit Ihrer personenbezogene Daten zu wahren.<\/p>\n<p>&nbsp;<\/p>\n<ol start=\"7\">\n<li><strong> Kontakt<\/strong><\/li>\n<\/ol>\n<p>Bei Fragen hinsichtlich dieser Datenschutzerkl\u00e4rung oder der Verarbeitung Ihrer Daten wenden Sie sich bitte an gdpr@bjelin.hr.<\/p>\n<p>&nbsp;<\/p>\n","protected":false},"excerpt":{"rendered":"Datenschutzerkl\u00e4rung Der Schutz Ihrer Privatsph\u00e4re und personenbezogenen Daten ist ein sehr wichtiges Thema, dem wir in all unseren Gesch\u00e4ftsverh\u00e4ltnissen gro\u00dfe Aufmerksamkeit schenken. Wir achten die Vertraulichkeit Ihrer personenbezogenen Daten und verfahren stets in Einklang mit den geltenden gesetzlichen Bestimmungen und sonstigen Vorschriften, die den Schutz personenbezogener Daten regulieren, sowie mit den Bestimmungen dieser Datenschutzerkl\u00e4rung. Daher&#8230; <a class=\"view-article\" href=\"https:\/\/spacva.eu\/de\/privacy-policy-terms-of-use\">Artikel ansehen<\/a>","protected":false},"author":1,"featured_media":0,"parent":0,"menu_order":0,"comment_status":"closed","ping_status":"closed","template":"template-blank.php","meta":{"_acf_changed":false,"footnotes":""},"class_list":["post-3152","page","type-page","status-publish","hentry"],"acf":[],"yoast_head":"<!-- This site is optimized with the Yoast SEO plugin v27.3 - https:\/\/yoast.com\/product\/yoast-seo-wordpress\/ -->\n<title>Datenschutzerkl\u00e4rung und Nutzungsbedingungen - Spa\u010dva<\/title>\n<meta name=\"robots\" content=\"index, follow, max-snippet:-1, max-image-preview:large, max-video-preview:-1\" \/>\n<link rel=\"canonical\" href=\"https:\/\/spacva.eu\/de\/privacy-policy-terms-of-use\" \/>\n<meta property=\"og:locale\" content=\"de_DE\" \/>\n<meta property=\"og:type\" content=\"article\" \/>\n<meta property=\"og:title\" content=\"Datenschutzerkl\u00e4rung und Nutzungsbedingungen - Spa\u010dva\" \/>\n<meta property=\"og:description\" content=\"Datenschutzerkl\u00e4rung Der Schutz Ihrer Privatsph\u00e4re und personenbezogenen Daten ist ein sehr wichtiges Thema, dem wir in all unseren Gesch\u00e4ftsverh\u00e4ltnissen gro\u00dfe Aufmerksamkeit schenken. Wir achten die Vertraulichkeit Ihrer personenbezogenen Daten und verfahren stets in Einklang mit den geltenden gesetzlichen Bestimmungen und sonstigen Vorschriften, die den Schutz personenbezogener Daten regulieren, sowie mit den Bestimmungen dieser Datenschutzerkl\u00e4rung. Daher... Artikel ansehen\" \/>\n<meta property=\"og:url\" content=\"https:\/\/spacva.eu\/de\/privacy-policy-terms-of-use\" \/>\n<meta property=\"og:site_name\" content=\"Spa\u010dva\" \/>\n<meta property=\"article:publisher\" content=\"https:\/\/web.facebook.com\/Spacva\/\" \/>\n<meta property=\"article:modified_time\" content=\"2023-05-25T08:02:50+00:00\" \/>\n<meta property=\"og:image\" content=\"https:\/\/spacva.eu\/wp-content\/uploads\/2018\/12\/Spacva-fb-share.jpg\" \/>\n\t<meta property=\"og:image:width\" content=\"1200\" \/>\n\t<meta property=\"og:image:height\" content=\"630\" \/>\n\t<meta property=\"og:image:type\" content=\"image\/jpeg\" \/>\n<meta name=\"twitter:card\" content=\"summary_large_image\" \/>\n<meta name=\"twitter:label1\" content=\"Gesch\u00e4tzte Lesezeit\" \/>\n\t<meta name=\"twitter:data1\" content=\"8\u00a0Minuten\" \/>\n<script type=\"application\/ld+json\" class=\"yoast-schema-graph\">{\"@context\":\"https:\\\/\\\/schema.org\",\"@graph\":[{\"@type\":\"WebPage\",\"@id\":\"https:\\\/\\\/spacva.eu\\\/de\\\/privacy-policy-terms-of-use\",\"url\":\"https:\\\/\\\/spacva.eu\\\/de\\\/privacy-policy-terms-of-use\",\"name\":\"Datenschutzerkl\u00e4rung und Nutzungsbedingungen - Spa\u010dva\",\"isPartOf\":{\"@id\":\"https:\\\/\\\/spacva.eu\\\/de#website\"},\"datePublished\":\"2018-08-31T08:31:38+00:00\",\"dateModified\":\"2023-05-25T08:02:50+00:00\",\"breadcrumb\":{\"@id\":\"https:\\\/\\\/spacva.eu\\\/de\\\/privacy-policy-terms-of-use#breadcrumb\"},\"inLanguage\":\"de\",\"potentialAction\":[{\"@type\":\"ReadAction\",\"target\":[\"https:\\\/\\\/spacva.eu\\\/de\\\/privacy-policy-terms-of-use\"]}]},{\"@type\":\"BreadcrumbList\",\"@id\":\"https:\\\/\\\/spacva.eu\\\/de\\\/privacy-policy-terms-of-use#breadcrumb\",\"itemListElement\":[{\"@type\":\"ListItem\",\"position\":1,\"name\":\"\",\"item\":\"https:\\\/\\\/spacva.eu\\\/de\"},{\"@type\":\"ListItem\",\"position\":2,\"name\":\"Datenschutzerkl\u00e4rung und Nutzungsbedingungen\"}]},{\"@type\":\"WebSite\",\"@id\":\"https:\\\/\\\/spacva.eu\\\/de#website\",\"url\":\"https:\\\/\\\/spacva.eu\\\/de\",\"name\":\"Spa\u010dva\",\"description\":\"\",\"publisher\":{\"@id\":\"https:\\\/\\\/spacva.eu\\\/de#organization\"},\"potentialAction\":[{\"@type\":\"SearchAction\",\"target\":{\"@type\":\"EntryPoint\",\"urlTemplate\":\"https:\\\/\\\/spacva.eu\\\/de?s={search_term_string}\"},\"query-input\":{\"@type\":\"PropertyValueSpecification\",\"valueRequired\":true,\"valueName\":\"search_term_string\"}}],\"inLanguage\":\"de\"},{\"@type\":\"Organization\",\"@id\":\"https:\\\/\\\/spacva.eu\\\/de#organization\",\"name\":\"Spa\u010dva d.d.\",\"url\":\"https:\\\/\\\/spacva.eu\\\/de\",\"logo\":{\"@type\":\"ImageObject\",\"inLanguage\":\"de\",\"@id\":\"https:\\\/\\\/spacva.eu\\\/de#\\\/schema\\\/logo\\\/image\\\/\",\"url\":\"https:\\\/\\\/spacva.eu\\\/wp-content\\\/uploads\\\/2018\\\/06\\\/logo.png\",\"contentUrl\":\"https:\\\/\\\/spacva.eu\\\/wp-content\\\/uploads\\\/2018\\\/06\\\/logo.png\",\"width\":100,\"height\":124,\"caption\":\"Spa\u010dva d.d.\"},\"image\":{\"@id\":\"https:\\\/\\\/spacva.eu\\\/de#\\\/schema\\\/logo\\\/image\\\/\"},\"sameAs\":[\"https:\\\/\\\/web.facebook.com\\\/Spacva\\\/\"]}]}<\/script>\n<!-- \/ Yoast SEO plugin. -->","yoast_head_json":{"title":"Datenschutzerkl\u00e4rung und Nutzungsbedingungen - Spa\u010dva","robots":{"index":"index","follow":"follow","max-snippet":"max-snippet:-1","max-image-preview":"max-image-preview:large","max-video-preview":"max-video-preview:-1"},"canonical":"https:\/\/spacva.eu\/de\/privacy-policy-terms-of-use","og_locale":"de_DE","og_type":"article","og_title":"Datenschutzerkl\u00e4rung und Nutzungsbedingungen - Spa\u010dva","og_description":"Datenschutzerkl\u00e4rung Der Schutz Ihrer Privatsph\u00e4re und personenbezogenen Daten ist ein sehr wichtiges Thema, dem wir in all unseren Gesch\u00e4ftsverh\u00e4ltnissen gro\u00dfe Aufmerksamkeit schenken. Wir achten die Vertraulichkeit Ihrer personenbezogenen Daten und verfahren stets in Einklang mit den geltenden gesetzlichen Bestimmungen und sonstigen Vorschriften, die den Schutz personenbezogener Daten regulieren, sowie mit den Bestimmungen dieser Datenschutzerkl\u00e4rung. Daher... Artikel ansehen","og_url":"https:\/\/spacva.eu\/de\/privacy-policy-terms-of-use","og_site_name":"Spa\u010dva","article_publisher":"https:\/\/web.facebook.com\/Spacva\/","article_modified_time":"2023-05-25T08:02:50+00:00","og_image":[{"width":1200,"height":630,"url":"https:\/\/spacva.eu\/wp-content\/uploads\/2018\/12\/Spacva-fb-share.jpg","type":"image\/jpeg"}],"twitter_card":"summary_large_image","twitter_misc":{"Gesch\u00e4tzte Lesezeit":"8\u00a0Minuten"},"schema":{"@context":"https:\/\/schema.org","@graph":[{"@type":"WebPage","@id":"https:\/\/spacva.eu\/de\/privacy-policy-terms-of-use","url":"https:\/\/spacva.eu\/de\/privacy-policy-terms-of-use","name":"Datenschutzerkl\u00e4rung und Nutzungsbedingungen - Spa\u010dva","isPartOf":{"@id":"https:\/\/spacva.eu\/de#website"},"datePublished":"2018-08-31T08:31:38+00:00","dateModified":"2023-05-25T08:02:50+00:00","breadcrumb":{"@id":"https:\/\/spacva.eu\/de\/privacy-policy-terms-of-use#breadcrumb"},"inLanguage":"de","potentialAction":[{"@type":"ReadAction","target":["https:\/\/spacva.eu\/de\/privacy-policy-terms-of-use"]}]},{"@type":"BreadcrumbList","@id":"https:\/\/spacva.eu\/de\/privacy-policy-terms-of-use#breadcrumb","itemListElement":[{"@type":"ListItem","position":1,"name":"","item":"https:\/\/spacva.eu\/de"},{"@type":"ListItem","position":2,"name":"Datenschutzerkl\u00e4rung und Nutzungsbedingungen"}]},{"@type":"WebSite","@id":"https:\/\/spacva.eu\/de#website","url":"https:\/\/spacva.eu\/de","name":"Spa\u010dva","description":"","publisher":{"@id":"https:\/\/spacva.eu\/de#organization"},"potentialAction":[{"@type":"SearchAction","target":{"@type":"EntryPoint","urlTemplate":"https:\/\/spacva.eu\/de?s={search_term_string}"},"query-input":{"@type":"PropertyValueSpecification","valueRequired":true,"valueName":"search_term_string"}}],"inLanguage":"de"},{"@type":"Organization","@id":"https:\/\/spacva.eu\/de#organization","name":"Spa\u010dva d.d.","url":"https:\/\/spacva.eu\/de","logo":{"@type":"ImageObject","inLanguage":"de","@id":"https:\/\/spacva.eu\/de#\/schema\/logo\/image\/","url":"https:\/\/spacva.eu\/wp-content\/uploads\/2018\/06\/logo.png","contentUrl":"https:\/\/spacva.eu\/wp-content\/uploads\/2018\/06\/logo.png","width":100,"height":124,"caption":"Spa\u010dva d.d."},"image":{"@id":"https:\/\/spacva.eu\/de#\/schema\/logo\/image\/"},"sameAs":["https:\/\/web.facebook.com\/Spacva\/"]}]}},"_links":{"self":[{"href":"https:\/\/spacva.eu\/de\/wp-json\/wp\/v2\/pages\/3152","targetHints":{"allow":["GET"]}}],"collection":[{"href":"https:\/\/spacva.eu\/de\/wp-json\/wp\/v2\/pages"}],"about":[{"href":"https:\/\/spacva.eu\/de\/wp-json\/wp\/v2\/types\/page"}],"author":[{"embeddable":true,"href":"https:\/\/spacva.eu\/de\/wp-json\/wp\/v2\/users\/1"}],"replies":[{"embeddable":true,"href":"https:\/\/spacva.eu\/de\/wp-json\/wp\/v2\/comments?post=3152"}],"version-history":[{"count":6,"href":"https:\/\/spacva.eu\/de\/wp-json\/wp\/v2\/pages\/3152\/revisions"}],"predecessor-version":[{"id":5944,"href":"https:\/\/spacva.eu\/de\/wp-json\/wp\/v2\/pages\/3152\/revisions\/5944"}],"wp:attachment":[{"href":"https:\/\/spacva.eu\/de\/wp-json\/wp\/v2\/media?parent=3152"}],"curies":[{"name":"wp","href":"https:\/\/api.w.org\/{rel}","templated":true}]}}