{"id":3143,"date":"2018-11-28T12:03:38","date_gmt":"2018-11-28T12:03:38","guid":{"rendered":"https:\/\/spacva.eu\/eu-projekt-spacva"},"modified":"2021-02-16T09:39:25","modified_gmt":"2021-02-16T08:39:25","slug":"eu-projekt-spacva","status":"publish","type":"page","link":"https:\/\/spacva.eu\/fr\/eu-projekt-spacva","title":{"rendered":"EU project Spa\u010dva d.d."},"content":{"rendered":"<h3 class=\"p1\"><span class=\"s1\">Project description <\/span><\/h3>\n<p class=\"p1\"><span class=\"s1\">Through the project, we want to increase the research activities of the company Spa\u010dva d.d. with the aim of developing an innovative and significantly technologically improved product \u2014 the innovative oak doors of significantly improved functionality. The project is implemented in cooperation with the Faculty of Forestry in Zagreb and the Faculty of Electrical Engineering, Computing and Information Technology in Osijek.<\/span><\/p>\n<h3 class=\"p1\"><span class=\"s1\">Objectives and results<\/span><\/h3>\n<p class=\"p1\"><span class=\"s1\">The general objective of the project is the contribution of the Spa\u010dva d.d. company to the increase in competitiveness and strengthening of the market position of domestic entrepreneurs by developing new, significantly improved products through increased investment in research, development, and innovation. <\/span><\/p>\n<p class=\"p1\"><span class=\"s1\">Specific project objectives: to increase research activities of the Spa\u010dva d.d. company with the aim of developing an innovative and significantly technologically improved product \u2014 the innovative oak doors of significantly improved functionality, to increase competitiveness and strengthen the market position of the Spa\u010dva d.d. company, to increase the number of new employees in Spa\u010dva d.d., and, consequently, to contribute to the local community\u2019s efforts to reduce unemployment.<br \/>\n<\/span><\/p>\n<h3 class=\"p1\"><span class=\"s1\">Total value of the project and amount co-financed:<\/span><\/h3>\n<p class=\"p1\"><span class=\"s1\">Total value of the project HRK 45,787,603.70<\/span><\/p>\n<p class=\"p1\"><span class=\"s1\">Amount of grants HRK 20,719,724.42<\/span><\/p>\n<h3 class=\"p1\"><span class=\"s1\">Implementation period<\/span><\/h3>\n<p class=\"p1\"><span class=\"s1\">The project is implemented for 48 months, from 16 July 2018 to 16 July 2022<\/span><\/p>\n<h3 class=\"p3\"><span class=\"s2\">Contact person<\/span><\/h3>\n<p class=\"p3\"><span class=\"s1\">An\u0111elko Dobro\u010dinac<br \/>\ne-mail: <a href=\"mailto:andjelko.dobrocinac@spacva.hr\"><span class=\"s3\">andjelko.dobrocinac@spacva.hr<\/span><\/a><\/span><\/p>\n<p>Additional information on EU funds and tenders can be found on the website:<\/p>\n","protected":false},"excerpt":{"rendered":"Project description Through the project, we want to increase the research activities of the company Spa\u010dva d.d. with the aim of developing an innovative and significantly technologically improved product \u2014 the innovative oak doors of significantly improved functionality. The project is implemented in cooperation with the Faculty of Forestry in Zagreb and the Faculty of&#8230; <a class=\"view-article\" href=\"https:\/\/spacva.eu\/fr\/eu-projekt-spacva\">Voir l&rsquo;article<\/a>","protected":false},"author":1,"featured_media":0,"parent":0,"menu_order":0,"comment_status":"closed","ping_status":"closed","template":"template-eu-projekt.php","meta":{"_acf_changed":false,"footnotes":""},"class_list":["post-3143","page","type-page","status-publish","hentry"],"acf":[],"yoast_head":"<!-- This site is optimized with the Yoast SEO plugin v27.3 - https:\/\/yoast.com\/product\/yoast-seo-wordpress\/ -->\n<title>EU project Spa\u010dva d.d. - Spa\u010dva<\/title>\n<meta name=\"description\" content=\"Augmentation de l&#039;activit\u00e9 de recherche \u00e0 Spa\u010dva d.d. dans le but de d\u00e9velopper un produit innovant et technologiquement am\u00e9lior\u00e9 de mani\u00e8re significative\" \/>\n<meta name=\"robots\" content=\"index, follow, max-snippet:-1, max-image-preview:large, max-video-preview:-1\" \/>\n<link rel=\"canonical\" href=\"https:\/\/spacva.eu\/fr\/eu-projekt-spacva\" \/>\n<meta property=\"og:locale\" content=\"fr_FR\" \/>\n<meta property=\"og:type\" content=\"article\" \/>\n<meta property=\"og:title\" content=\"EU project Spa\u010dva d.d. - Spa\u010dva\" \/>\n<meta property=\"og:description\" content=\"Augmentation de l&#039;activit\u00e9 de recherche \u00e0 Spa\u010dva d.d. dans le but de d\u00e9velopper un produit innovant et technologiquement am\u00e9lior\u00e9 de mani\u00e8re significative\" \/>\n<meta property=\"og:url\" content=\"https:\/\/spacva.eu\/fr\/eu-projekt-spacva\" \/>\n<meta property=\"og:site_name\" content=\"Spa\u010dva\" \/>\n<meta property=\"article:publisher\" content=\"https:\/\/web.facebook.com\/Spacva\/\" \/>\n<meta property=\"article:modified_time\" content=\"2021-02-16T08:39:25+00:00\" \/>\n<meta property=\"og:image\" content=\"https:\/\/spacva.eu\/wp-content\/uploads\/2018\/12\/Spacva-fb-share.jpg\" \/>\n\t<meta property=\"og:image:width\" content=\"1200\" \/>\n\t<meta property=\"og:image:height\" content=\"630\" \/>\n\t<meta property=\"og:image:type\" content=\"image\/jpeg\" \/>\n<meta name=\"twitter:card\" content=\"summary_large_image\" \/>\n<meta name=\"twitter:label1\" content=\"Dur\u00e9e de lecture estim\u00e9e\" \/>\n\t<meta name=\"twitter:data1\" content=\"1 minute\" \/>\n<script type=\"application\/ld+json\" class=\"yoast-schema-graph\">{\"@context\":\"https:\\\/\\\/schema.org\",\"@graph\":[{\"@type\":\"WebPage\",\"@id\":\"https:\\\/\\\/spacva.eu\\\/fr\\\/eu-projekt-spacva\",\"url\":\"https:\\\/\\\/spacva.eu\\\/fr\\\/eu-projekt-spacva\",\"name\":\"EU project Spa\u010dva d.d. - Spa\u010dva\",\"isPartOf\":{\"@id\":\"https:\\\/\\\/spacva.eu\\\/fr#website\"},\"datePublished\":\"2018-11-28T12:03:38+00:00\",\"dateModified\":\"2021-02-16T08:39:25+00:00\",\"description\":\"Augmentation de l'activit\u00e9 de recherche \u00e0 Spa\u010dva d.d. dans le but de d\u00e9velopper un produit innovant et technologiquement am\u00e9lior\u00e9 de mani\u00e8re significative\",\"breadcrumb\":{\"@id\":\"https:\\\/\\\/spacva.eu\\\/fr\\\/eu-projekt-spacva#breadcrumb\"},\"inLanguage\":\"fr-FR\",\"potentialAction\":[{\"@type\":\"ReadAction\",\"target\":[\"https:\\\/\\\/spacva.eu\\\/fr\\\/eu-projekt-spacva\"]}]},{\"@type\":\"BreadcrumbList\",\"@id\":\"https:\\\/\\\/spacva.eu\\\/fr\\\/eu-projekt-spacva#breadcrumb\",\"itemListElement\":[{\"@type\":\"ListItem\",\"position\":1,\"name\":\"\",\"item\":\"https:\\\/\\\/spacva.eu\\\/fr\"},{\"@type\":\"ListItem\",\"position\":2,\"name\":\"EU project Spa\u010dva d.d.\"}]},{\"@type\":\"WebSite\",\"@id\":\"https:\\\/\\\/spacva.eu\\\/fr#website\",\"url\":\"https:\\\/\\\/spacva.eu\\\/fr\",\"name\":\"Spa\u010dva\",\"description\":\"\",\"publisher\":{\"@id\":\"https:\\\/\\\/spacva.eu\\\/fr#organization\"},\"potentialAction\":[{\"@type\":\"SearchAction\",\"target\":{\"@type\":\"EntryPoint\",\"urlTemplate\":\"https:\\\/\\\/spacva.eu\\\/fr?s={search_term_string}\"},\"query-input\":{\"@type\":\"PropertyValueSpecification\",\"valueRequired\":true,\"valueName\":\"search_term_string\"}}],\"inLanguage\":\"fr-FR\"},{\"@type\":\"Organization\",\"@id\":\"https:\\\/\\\/spacva.eu\\\/fr#organization\",\"name\":\"Spa\u010dva d.d.\",\"url\":\"https:\\\/\\\/spacva.eu\\\/fr\",\"logo\":{\"@type\":\"ImageObject\",\"inLanguage\":\"fr-FR\",\"@id\":\"https:\\\/\\\/spacva.eu\\\/fr#\\\/schema\\\/logo\\\/image\\\/\",\"url\":\"https:\\\/\\\/spacva.eu\\\/wp-content\\\/uploads\\\/2018\\\/06\\\/logo.png\",\"contentUrl\":\"https:\\\/\\\/spacva.eu\\\/wp-content\\\/uploads\\\/2018\\\/06\\\/logo.png\",\"width\":100,\"height\":124,\"caption\":\"Spa\u010dva d.d.\"},\"image\":{\"@id\":\"https:\\\/\\\/spacva.eu\\\/fr#\\\/schema\\\/logo\\\/image\\\/\"},\"sameAs\":[\"https:\\\/\\\/web.facebook.com\\\/Spacva\\\/\"]}]}<\/script>\n<!-- \/ Yoast SEO plugin. -->","yoast_head_json":{"title":"EU project Spa\u010dva d.d. - Spa\u010dva","description":"Augmentation de l'activit\u00e9 de recherche \u00e0 Spa\u010dva d.d. dans le but de d\u00e9velopper un produit innovant et technologiquement am\u00e9lior\u00e9 de mani\u00e8re significative","robots":{"index":"index","follow":"follow","max-snippet":"max-snippet:-1","max-image-preview":"max-image-preview:large","max-video-preview":"max-video-preview:-1"},"canonical":"https:\/\/spacva.eu\/fr\/eu-projekt-spacva","og_locale":"fr_FR","og_type":"article","og_title":"EU project Spa\u010dva d.d. - Spa\u010dva","og_description":"Augmentation de l'activit\u00e9 de recherche \u00e0 Spa\u010dva d.d. dans le but de d\u00e9velopper un produit innovant et technologiquement am\u00e9lior\u00e9 de mani\u00e8re significative","og_url":"https:\/\/spacva.eu\/fr\/eu-projekt-spacva","og_site_name":"Spa\u010dva","article_publisher":"https:\/\/web.facebook.com\/Spacva\/","article_modified_time":"2021-02-16T08:39:25+00:00","og_image":[{"width":1200,"height":630,"url":"https:\/\/spacva.eu\/wp-content\/uploads\/2018\/12\/Spacva-fb-share.jpg","type":"image\/jpeg"}],"twitter_card":"summary_large_image","twitter_misc":{"Dur\u00e9e de lecture estim\u00e9e":"1 minute"},"schema":{"@context":"https:\/\/schema.org","@graph":[{"@type":"WebPage","@id":"https:\/\/spacva.eu\/fr\/eu-projekt-spacva","url":"https:\/\/spacva.eu\/fr\/eu-projekt-spacva","name":"EU project Spa\u010dva d.d. - Spa\u010dva","isPartOf":{"@id":"https:\/\/spacva.eu\/fr#website"},"datePublished":"2018-11-28T12:03:38+00:00","dateModified":"2021-02-16T08:39:25+00:00","description":"Augmentation de l'activit\u00e9 de recherche \u00e0 Spa\u010dva d.d. dans le but de d\u00e9velopper un produit innovant et technologiquement am\u00e9lior\u00e9 de mani\u00e8re significative","breadcrumb":{"@id":"https:\/\/spacva.eu\/fr\/eu-projekt-spacva#breadcrumb"},"inLanguage":"fr-FR","potentialAction":[{"@type":"ReadAction","target":["https:\/\/spacva.eu\/fr\/eu-projekt-spacva"]}]},{"@type":"BreadcrumbList","@id":"https:\/\/spacva.eu\/fr\/eu-projekt-spacva#breadcrumb","itemListElement":[{"@type":"ListItem","position":1,"name":"","item":"https:\/\/spacva.eu\/fr"},{"@type":"ListItem","position":2,"name":"EU project Spa\u010dva d.d."}]},{"@type":"WebSite","@id":"https:\/\/spacva.eu\/fr#website","url":"https:\/\/spacva.eu\/fr","name":"Spa\u010dva","description":"","publisher":{"@id":"https:\/\/spacva.eu\/fr#organization"},"potentialAction":[{"@type":"SearchAction","target":{"@type":"EntryPoint","urlTemplate":"https:\/\/spacva.eu\/fr?s={search_term_string}"},"query-input":{"@type":"PropertyValueSpecification","valueRequired":true,"valueName":"search_term_string"}}],"inLanguage":"fr-FR"},{"@type":"Organization","@id":"https:\/\/spacva.eu\/fr#organization","name":"Spa\u010dva d.d.","url":"https:\/\/spacva.eu\/fr","logo":{"@type":"ImageObject","inLanguage":"fr-FR","@id":"https:\/\/spacva.eu\/fr#\/schema\/logo\/image\/","url":"https:\/\/spacva.eu\/wp-content\/uploads\/2018\/06\/logo.png","contentUrl":"https:\/\/spacva.eu\/wp-content\/uploads\/2018\/06\/logo.png","width":100,"height":124,"caption":"Spa\u010dva d.d."},"image":{"@id":"https:\/\/spacva.eu\/fr#\/schema\/logo\/image\/"},"sameAs":["https:\/\/web.facebook.com\/Spacva\/"]}]}},"_links":{"self":[{"href":"https:\/\/spacva.eu\/fr\/wp-json\/wp\/v2\/pages\/3143","targetHints":{"allow":["GET"]}}],"collection":[{"href":"https:\/\/spacva.eu\/fr\/wp-json\/wp\/v2\/pages"}],"about":[{"href":"https:\/\/spacva.eu\/fr\/wp-json\/wp\/v2\/types\/page"}],"author":[{"embeddable":true,"href":"https:\/\/spacva.eu\/fr\/wp-json\/wp\/v2\/users\/1"}],"replies":[{"embeddable":true,"href":"https:\/\/spacva.eu\/fr\/wp-json\/wp\/v2\/comments?post=3143"}],"version-history":[{"count":1,"href":"https:\/\/spacva.eu\/fr\/wp-json\/wp\/v2\/pages\/3143\/revisions"}],"predecessor-version":[{"id":3499,"href":"https:\/\/spacva.eu\/fr\/wp-json\/wp\/v2\/pages\/3143\/revisions\/3499"}],"wp:attachment":[{"href":"https:\/\/spacva.eu\/fr\/wp-json\/wp\/v2\/media?parent=3143"}],"curies":[{"name":"wp","href":"https:\/\/api.w.org\/{rel}","templated":true}]}}