{"id":3145,"date":"2018-11-28T11:35:37","date_gmt":"2018-11-28T11:35:37","guid":{"rendered":"https:\/\/spacva.eu\/sustainability"},"modified":"2019-01-22T10:03:44","modified_gmt":"2019-01-22T09:03:44","slug":"sustainability","status":"publish","type":"page","link":"https:\/\/spacva.eu\/fr\/sustainability","title":{"rendered":"Developpment Durable"},"content":{"rendered":"<p>La soci\u00e9t\u00e9 SPA\u010cVA d.d. a reconnu la responsabilit\u00e9 sociale des entreprises (RSE) et elle l\u2019a impl\u00e9ment\u00e9e dans ses activit\u00e9s, comme un des facteurs principaux du d\u00e9veloppement durable, tout en promouvant la pratique responsable de bonne et de transparente gestion, et en soutenant la promotion des int\u00e9r\u00eats de divers acteurs dans l\u2019optimisation de la qualit\u00e9 et du d\u00e9veloppement durable.<\/p>\n<p>Cette pratique commerciale est fond\u00e9e sur le principe de la prise en consid\u00e9ration \u00e9quilibr\u00e9e de l\u2019ensemble des effets \u00e9conomiques, sociaux et environnementaux et des investissements dans le capital humain.<\/p>\n<p>Il faut des ann\u00e9es pour \u00e9tablir les relations avec les partenaires, les fournisseurs et les clients, et cela gr\u00e2ce aux produits de choix et \u00e0 la confiance mutuelle et \u00e0 la bonne fois. Notre communication de marketing est dot\u00e9e des pratiques loyales de publicit\u00e9 dont font objet nos produits.<\/p>\n<p>Les ressources humaines sont nos employ\u00e9s qui ont une grande valeur pour la soci\u00e9t\u00e9, ce qui nous oriente vers la croissance et le d\u00e9veloppement des possibilit\u00e9s et du savoir-faire des individuels. L\u2019investissement aux possibilit\u00e9s est plus lucratif que l\u2019investissement dans d\u2019autres ressources. Dans cet esprit la soci\u00e9t\u00e9 SPA\u010cVA d.d. dispense diverses formations de caract\u00e8re interne destin\u00e9es aux employ\u00e9s, les cours des langues \u00e9trang\u00e8res, diff\u00e9rentes formations des employ\u00e9s pour le travail dans le secteur de transformation et de traitement du bois.<\/p>\n<p>Par exemple, tous les \u00e9l\u00e8ves de l\u2019Ecole technique de charpenterie et de menuiserie, qui suivent leur stage dans la soci\u00e9t\u00e9 SPA\u010cVA d.d., et se distinguent par leurs efforts et leur travail, sont embauch\u00e9s par la soci\u00e9t\u00e9 apr\u00e8s finir leur \u00e9ducation. L\u2019ann\u00e9e derni\u00e8re la SPA\u010cVA d.d. a accord\u00e9 une bourse \u00e0 une \u00e9tudiante de la Facult\u00e9 de foresterie, en vue de la recruter apr\u00e8s qu\u2019elle finit ses \u00e9tudes.<\/p>\n<p>La pratique de passer les contrats de travail \u00e0 temps ind\u00e9fini avec tous les employ\u00e9s date depuis un certain temps d\u00e9j\u00e0, ce qui, d\u2019une part, contribue \u00e0 l\u2019\u00e9galit\u00e9 formelle de tous les employ\u00e9s quant \u00e0 leur statut, et d\u2019autre part, une telle pratique contribue \u00e0 d\u00e9velopper le sentiment de s\u00e9curit\u00e9 et de stabilit\u00e9 et permet aux employ\u00e9s \u00e0 ne se concentrer qu\u2019\u00e0 leur travail et \u00e0 leurs obligations de travail.<\/p>\n<p>Encourag\u00e9s par les efforts de nouer des liens encore plus forts entre l&rsquo;environnement acad\u00e9mique et professionnel, on continue la pratique \u00e9tablie avec la Facult\u00e9 de l&rsquo;\u00e9conomie et l&rsquo;association des employeurs croate, qui permet aux \u00e9tudiants de la Facult\u00e9 de l&rsquo;\u00e9conomie d\u2019Osijek \u00e0 exercer leur stage.<\/p>\n<p>Les employ\u00e9s sont inform\u00e9s de tous les \u00e9v\u00e9nements importants dans le cadre de la soci\u00e9t\u00e9, ainsi que de toute information pertinente, \u00e0 travers les panneaux d\u2019affichage de l\u2019entreprise mais aussi via Facebook de la soci\u00e9t\u00e9, E-Nouvelles SPA\u010cVA d.d.<\/p>\n<p>Ainsi, en vue d\u2019am\u00e9liorer la communication, l&rsquo;entreprise a con\u00e7u et mis en place dans chaque installation, les \u00ab\u00a0boites d\u2019id\u00e9es\u00a0\u00bb, o\u00f9 les employ\u00e9s peuvent mettre leurs \u00e9loges, observations et critiques.<\/p>\n<p>Ensuite, en vue d\u2019am\u00e9liorer le comportement et les performances des employ\u00e9s et d\u2019am\u00e9liorer la communication interne, la soci\u00e9t\u00e9 a introduit le proc\u00e8s de gestion des performances de travail, ce qui, finalement, contribuera au bien-\u00eatre de l\u2019employeur et des employ\u00e9s. A travers le proc\u00e8s concern\u00e9, les employ\u00e9s ont une perspective plus claire de leur poste de travail dans le cadre de l\u2019entreprise, tout en connaissant leurs objectifs de travail et dans quelle mesure ceux-ci sont poursuivis, et ils disposent des informations n\u00e9cessaires \u00e0 savoir ce qu\u2019il faut faire de plus pour obtenir des r\u00e9sultats encore mieux, ce qui assure une meilleure communication entre les employ\u00e9s et leur sup\u00e9rieur direct.<\/p>\n<p>Toutes les ann\u00e9es la SPA\u010cVA d.d. organise une r\u00e9ception et un d\u00e9jeuner pour tous les employ\u00e9s de la soci\u00e9t\u00e9.<\/p>\n<p>En mati\u00e8re de la protection de l&rsquo;environnement, la SPA\u010cVA d.d. agit dans plusieurs domaines. On met en \u0153uvre des mesures techniques visant la diminution de l&rsquo;impact environnemental, on suit syst\u00e9matiquement l\u2019impact environnemental de notre soci\u00e9t\u00e9 en mesurant les \u00e9missions des sources fixes et en mesurant la qualit\u00e9 de l\u2019air. On investit aux machines et \u00e0 l\u2019\u00e9quipement permettant d&rsquo;\u00e9conomiser l&rsquo;\u00e9nergie, en vue d\u2019adopter les mesures visant la diminution de la consommation de l\u2019\u00e9nergie. En ce qui concerne les mesures visant la diminution des d\u00e9chets, la soci\u00e9t\u00e9 met en \u0153uvre le tri des d\u00e9chets et l&rsquo;\u00e9limination des d\u00e9chets en tant que mesure de diminution de l\u2019impact environnemental. On met en \u0153uvre \u00e9galement le suivi et le contr\u00f4le r\u00e9guliers des eaux. Cette ann\u00e9e on a investi dans la reconstruction du syst\u00e8me de canalisation, ce qui, finalement, am\u00e8nera \u00e0 l\u2019am\u00e9lioration de la qualit\u00e9 des eaux us\u00e9es.<\/p>\n<p>Pour tous ces motifs, pour nous, la responsabilit\u00e9 sociale des entreprises ne repr\u00e9sente pas un co\u00fbt mais un investissement dans le futur.<\/p>\n","protected":false},"excerpt":{"rendered":"La soci\u00e9t\u00e9 SPA\u010cVA d.d. a reconnu la responsabilit\u00e9 sociale des entreprises (RSE) et elle l\u2019a impl\u00e9ment\u00e9e dans ses activit\u00e9s, comme un des facteurs principaux du d\u00e9veloppement durable, tout en promouvant la pratique responsable de bonne et de transparente gestion, et en soutenant la promotion des int\u00e9r\u00eats de divers acteurs dans l\u2019optimisation de la qualit\u00e9 et&#8230; <a class=\"view-article\" href=\"https:\/\/spacva.eu\/fr\/sustainability\">Voir l&rsquo;article<\/a>","protected":false},"author":1,"featured_media":0,"parent":0,"menu_order":0,"comment_status":"closed","ping_status":"closed","template":"template-blank.php","meta":{"_acf_changed":false,"footnotes":""},"class_list":["post-3145","page","type-page","status-publish","hentry"],"acf":[],"yoast_head":"<!-- This site is optimized with the Yoast SEO plugin v27.3 - https:\/\/yoast.com\/product\/yoast-seo-wordpress\/ -->\n<title>Developpment Durable - Spa\u010dva<\/title>\n<meta name=\"robots\" content=\"index, follow, max-snippet:-1, max-image-preview:large, max-video-preview:-1\" \/>\n<link rel=\"canonical\" href=\"https:\/\/spacva.eu\/fr\/sustainability\" \/>\n<meta property=\"og:locale\" content=\"fr_FR\" \/>\n<meta property=\"og:type\" content=\"article\" \/>\n<meta property=\"og:title\" content=\"Developpment Durable - Spa\u010dva\" \/>\n<meta property=\"og:description\" content=\"La soci\u00e9t\u00e9 SPA\u010cVA d.d. a reconnu la responsabilit\u00e9 sociale des entreprises (RSE) et elle l\u2019a impl\u00e9ment\u00e9e dans ses activit\u00e9s, comme un des facteurs principaux du d\u00e9veloppement durable, tout en promouvant la pratique responsable de bonne et de transparente gestion, et en soutenant la promotion des int\u00e9r\u00eats de divers acteurs dans l\u2019optimisation de la qualit\u00e9 et... Voir l&#039;article\" \/>\n<meta property=\"og:url\" content=\"https:\/\/spacva.eu\/fr\/sustainability\" \/>\n<meta property=\"og:site_name\" content=\"Spa\u010dva\" \/>\n<meta property=\"article:publisher\" content=\"https:\/\/web.facebook.com\/Spacva\/\" \/>\n<meta property=\"article:modified_time\" content=\"2019-01-22T09:03:44+00:00\" \/>\n<meta property=\"og:image\" content=\"https:\/\/spacva.eu\/wp-content\/uploads\/2018\/12\/Spacva-fb-share.jpg\" \/>\n\t<meta property=\"og:image:width\" content=\"1200\" \/>\n\t<meta property=\"og:image:height\" content=\"630\" \/>\n\t<meta property=\"og:image:type\" content=\"image\/jpeg\" \/>\n<meta name=\"twitter:card\" content=\"summary_large_image\" \/>\n<meta name=\"twitter:label1\" content=\"Dur\u00e9e de lecture estim\u00e9e\" \/>\n\t<meta name=\"twitter:data1\" content=\"4 minutes\" \/>\n<script type=\"application\/ld+json\" class=\"yoast-schema-graph\">{\"@context\":\"https:\\\/\\\/schema.org\",\"@graph\":[{\"@type\":\"WebPage\",\"@id\":\"https:\\\/\\\/spacva.eu\\\/fr\\\/sustainability\",\"url\":\"https:\\\/\\\/spacva.eu\\\/fr\\\/sustainability\",\"name\":\"Developpment Durable - Spa\u010dva\",\"isPartOf\":{\"@id\":\"https:\\\/\\\/spacva.eu\\\/fr#website\"},\"datePublished\":\"2018-11-28T11:35:37+00:00\",\"dateModified\":\"2019-01-22T09:03:44+00:00\",\"breadcrumb\":{\"@id\":\"https:\\\/\\\/spacva.eu\\\/fr\\\/sustainability#breadcrumb\"},\"inLanguage\":\"fr-FR\",\"potentialAction\":[{\"@type\":\"ReadAction\",\"target\":[\"https:\\\/\\\/spacva.eu\\\/fr\\\/sustainability\"]}]},{\"@type\":\"BreadcrumbList\",\"@id\":\"https:\\\/\\\/spacva.eu\\\/fr\\\/sustainability#breadcrumb\",\"itemListElement\":[{\"@type\":\"ListItem\",\"position\":1,\"name\":\"\",\"item\":\"https:\\\/\\\/spacva.eu\\\/fr\"},{\"@type\":\"ListItem\",\"position\":2,\"name\":\"Developpment Durable\"}]},{\"@type\":\"WebSite\",\"@id\":\"https:\\\/\\\/spacva.eu\\\/fr#website\",\"url\":\"https:\\\/\\\/spacva.eu\\\/fr\",\"name\":\"Spa\u010dva\",\"description\":\"\",\"publisher\":{\"@id\":\"https:\\\/\\\/spacva.eu\\\/fr#organization\"},\"potentialAction\":[{\"@type\":\"SearchAction\",\"target\":{\"@type\":\"EntryPoint\",\"urlTemplate\":\"https:\\\/\\\/spacva.eu\\\/fr?s={search_term_string}\"},\"query-input\":{\"@type\":\"PropertyValueSpecification\",\"valueRequired\":true,\"valueName\":\"search_term_string\"}}],\"inLanguage\":\"fr-FR\"},{\"@type\":\"Organization\",\"@id\":\"https:\\\/\\\/spacva.eu\\\/fr#organization\",\"name\":\"Spa\u010dva d.d.\",\"url\":\"https:\\\/\\\/spacva.eu\\\/fr\",\"logo\":{\"@type\":\"ImageObject\",\"inLanguage\":\"fr-FR\",\"@id\":\"https:\\\/\\\/spacva.eu\\\/fr#\\\/schema\\\/logo\\\/image\\\/\",\"url\":\"https:\\\/\\\/spacva.eu\\\/wp-content\\\/uploads\\\/2018\\\/06\\\/logo.png\",\"contentUrl\":\"https:\\\/\\\/spacva.eu\\\/wp-content\\\/uploads\\\/2018\\\/06\\\/logo.png\",\"width\":100,\"height\":124,\"caption\":\"Spa\u010dva d.d.\"},\"image\":{\"@id\":\"https:\\\/\\\/spacva.eu\\\/fr#\\\/schema\\\/logo\\\/image\\\/\"},\"sameAs\":[\"https:\\\/\\\/web.facebook.com\\\/Spacva\\\/\"]}]}<\/script>\n<!-- \/ Yoast SEO plugin. -->","yoast_head_json":{"title":"Developpment Durable - Spa\u010dva","robots":{"index":"index","follow":"follow","max-snippet":"max-snippet:-1","max-image-preview":"max-image-preview:large","max-video-preview":"max-video-preview:-1"},"canonical":"https:\/\/spacva.eu\/fr\/sustainability","og_locale":"fr_FR","og_type":"article","og_title":"Developpment Durable - Spa\u010dva","og_description":"La soci\u00e9t\u00e9 SPA\u010cVA d.d. a reconnu la responsabilit\u00e9 sociale des entreprises (RSE) et elle l\u2019a impl\u00e9ment\u00e9e dans ses activit\u00e9s, comme un des facteurs principaux du d\u00e9veloppement durable, tout en promouvant la pratique responsable de bonne et de transparente gestion, et en soutenant la promotion des int\u00e9r\u00eats de divers acteurs dans l\u2019optimisation de la qualit\u00e9 et... Voir l'article","og_url":"https:\/\/spacva.eu\/fr\/sustainability","og_site_name":"Spa\u010dva","article_publisher":"https:\/\/web.facebook.com\/Spacva\/","article_modified_time":"2019-01-22T09:03:44+00:00","og_image":[{"width":1200,"height":630,"url":"https:\/\/spacva.eu\/wp-content\/uploads\/2018\/12\/Spacva-fb-share.jpg","type":"image\/jpeg"}],"twitter_card":"summary_large_image","twitter_misc":{"Dur\u00e9e de lecture estim\u00e9e":"4 minutes"},"schema":{"@context":"https:\/\/schema.org","@graph":[{"@type":"WebPage","@id":"https:\/\/spacva.eu\/fr\/sustainability","url":"https:\/\/spacva.eu\/fr\/sustainability","name":"Developpment Durable - Spa\u010dva","isPartOf":{"@id":"https:\/\/spacva.eu\/fr#website"},"datePublished":"2018-11-28T11:35:37+00:00","dateModified":"2019-01-22T09:03:44+00:00","breadcrumb":{"@id":"https:\/\/spacva.eu\/fr\/sustainability#breadcrumb"},"inLanguage":"fr-FR","potentialAction":[{"@type":"ReadAction","target":["https:\/\/spacva.eu\/fr\/sustainability"]}]},{"@type":"BreadcrumbList","@id":"https:\/\/spacva.eu\/fr\/sustainability#breadcrumb","itemListElement":[{"@type":"ListItem","position":1,"name":"","item":"https:\/\/spacva.eu\/fr"},{"@type":"ListItem","position":2,"name":"Developpment Durable"}]},{"@type":"WebSite","@id":"https:\/\/spacva.eu\/fr#website","url":"https:\/\/spacva.eu\/fr","name":"Spa\u010dva","description":"","publisher":{"@id":"https:\/\/spacva.eu\/fr#organization"},"potentialAction":[{"@type":"SearchAction","target":{"@type":"EntryPoint","urlTemplate":"https:\/\/spacva.eu\/fr?s={search_term_string}"},"query-input":{"@type":"PropertyValueSpecification","valueRequired":true,"valueName":"search_term_string"}}],"inLanguage":"fr-FR"},{"@type":"Organization","@id":"https:\/\/spacva.eu\/fr#organization","name":"Spa\u010dva d.d.","url":"https:\/\/spacva.eu\/fr","logo":{"@type":"ImageObject","inLanguage":"fr-FR","@id":"https:\/\/spacva.eu\/fr#\/schema\/logo\/image\/","url":"https:\/\/spacva.eu\/wp-content\/uploads\/2018\/06\/logo.png","contentUrl":"https:\/\/spacva.eu\/wp-content\/uploads\/2018\/06\/logo.png","width":100,"height":124,"caption":"Spa\u010dva d.d."},"image":{"@id":"https:\/\/spacva.eu\/fr#\/schema\/logo\/image\/"},"sameAs":["https:\/\/web.facebook.com\/Spacva\/"]}]}},"_links":{"self":[{"href":"https:\/\/spacva.eu\/fr\/wp-json\/wp\/v2\/pages\/3145","targetHints":{"allow":["GET"]}}],"collection":[{"href":"https:\/\/spacva.eu\/fr\/wp-json\/wp\/v2\/pages"}],"about":[{"href":"https:\/\/spacva.eu\/fr\/wp-json\/wp\/v2\/types\/page"}],"author":[{"embeddable":true,"href":"https:\/\/spacva.eu\/fr\/wp-json\/wp\/v2\/users\/1"}],"replies":[{"embeddable":true,"href":"https:\/\/spacva.eu\/fr\/wp-json\/wp\/v2\/comments?post=3145"}],"version-history":[{"count":2,"href":"https:\/\/spacva.eu\/fr\/wp-json\/wp\/v2\/pages\/3145\/revisions"}],"predecessor-version":[{"id":3415,"href":"https:\/\/spacva.eu\/fr\/wp-json\/wp\/v2\/pages\/3145\/revisions\/3415"}],"wp:attachment":[{"href":"https:\/\/spacva.eu\/fr\/wp-json\/wp\/v2\/media?parent=3145"}],"curies":[{"name":"wp","href":"https:\/\/api.w.org\/{rel}","templated":true}]}}