{"id":3151,"date":"2018-08-31T08:31:38","date_gmt":"2018-08-31T08:31:38","guid":{"rendered":"https:\/\/spacva.eu\/privacy-policy-terms-of-use"},"modified":"2023-05-25T10:28:55","modified_gmt":"2023-05-25T08:28:55","slug":"privacy-policy-terms-of-use","status":"publish","type":"page","link":"https:\/\/spacva.eu\/fr\/privacy-policy-terms-of-use","title":{"rendered":"D\u00e9claration de confidentialit\u00e9 et les termes d&rsquo;utilisation."},"content":{"rendered":"<p><strong>D\u00e9claration de confidentialit\u00e9<\/strong><\/p>\n<p>Nous consid\u00e9rons la protection de votre vie priv\u00e9e et de vos donn\u00e9es \u00e0 caract\u00e8re personnel tr\u00e8s importante et nous y accordons toute notre attention dans toutes nos relations d&rsquo;affaires. Nous respectons la confidentialit\u00e9 de vos donn\u00e9es \u00e0 caract\u00e8re personnel et nous nous conformons toujours aux dispositions pertinentes des lois et autres r\u00e8glements r\u00e9gissant la protection des donn\u00e9es \u00e0 caract\u00e8re personnel, ainsi qu&rsquo;aux dispositions de la pr\u00e9sente D\u00e9claration de confidentialit\u00e9.<\/p>\n<p>Par cons\u00e9quent, nous vous informons que, compte tenu de la protection universelle des donn\u00e9es, nous avons conform\u00e9 nos activit\u00e9s commerciales \u00e0 toutes les exigences du R\u00e8glement (UE) 2016\/679 du Parlement europ\u00e9en et du Conseil du 27 avril 2016 relatif \u00e0 la protection des personnes physiques \u00e0 l&rsquo;\u00e9gard du traitement des donn\u00e9es \u00e0 caract\u00e8re personnel et \u00e0 la libre circulation de ces donn\u00e9es, et abrogeant la directive 95\/46\/CE (R\u00e8glement G\u00e9n\u00e9ral sur la Protection des Donn\u00e9es) (ci-apr\u00e8s : \u00ab <strong>RGPD <\/strong>\u00bb), ainsi qu&rsquo;\u00e0 la Loi mettant en \u0153uvre le R\u00e8glement G\u00e9n\u00e9ral sur la Protection des Donn\u00e9es (Journal Officiel de la R\u00e9publique de Croatie No 42\/2018; ci-apr\u00e8s : \u00ab<strong> la Loi <\/strong>\u00bb).<\/p>\n<p>Veuillez noter que la pr\u00e9sente D\u00e9claration de confidentialit\u00e9 s&rsquo;applique \u00e0 vous en tant que clients de BJELIN SPA\u010cVA d.o.o., c&rsquo;est-\u00e0-dire que toutes les exigences d\u00e9crites dans la pr\u00e9sente D\u00e9claration s&rsquo;appliquent au traitement de vos donn\u00e9es \u00e0 caract\u00e8re personnel en tant que clients de BJELIN SPA\u010cVA d.o.o..<\/p>\n<p>Par cons\u00e9quent, dans le texte ci-dessous vous trouverez des informations (i) sur les personnes qui traitent vos donn\u00e9es personnelles, (ii) sur la transmission \u00e9ventuelle de vos donn\u00e9es \u00e0 caract\u00e8re personnel \u00e0 des tiers ou vers d&rsquo;autres pays et\/ou \u00e0 des organisations internationales, (iv) sur la dur\u00e9e du traitement de ces donn\u00e9es \u00e0 caract\u00e8re personnel, ainsi que (v) sur vos droits concernant les donn\u00e9es \u00e0 caract\u00e8re personnel concern\u00e9es.<\/p>\n<p>&nbsp;<\/p>\n<ol>\n<li><strong> Port\u00e9e de la pr\u00e9sente D\u00e9claration de confidentialit\u00e9<\/strong><\/li>\n<\/ol>\n<p>Suite \u00e0 l&rsquo;introduction, l&rsquo;objectif de la pr\u00e9sente D\u00e9claration de confidentialit\u00e9 est de vous informer, en tant que client, sur la fa\u00e7on dont la soci\u00e9t\u00e9 BJELIN SPA\u010cVA dru\u0161tvo sa ograni\u010denom odgovorno\u0161\u0107u za drvnu industriju, dont le si\u00e8ge est \u00e0 Vinkovci, Duga 181, num\u00e9ro OIB : 02046778584, enregistr\u00e9e aupr\u00e8s du Tribunal de commerce d&rsquo;Osijek sous le num\u00e9ro : 030014502 (ci-apr\u00e8s : \u00ab <strong>BJELIN SPA\u010cVA d.o.o.<\/strong>\u00bb) traite vos donn\u00e9es \u00e0 caract\u00e8re personnel.<\/p>\n<p>En ce sens, BJELIN SPA\u010cVA d.o.o. est <em>le responsable du traitement<\/em> des donn\u00e9es \u00e0 caract\u00e8re personnel que BJELIN SPA\u010cVA d.o.o. traite.<\/p>\n<p>\u00c9galement, puisque nous savons que le terme <em><u>traitement de donn\u00e9es \u00e0 caract\u00e8re personnel<\/u><\/em> pourrait \u00eatre une source de confusion, veuillez consulter le tableau ci-dessous pour v\u00e9rifier la signification des termes <em><u>donn\u00e9e \u00e0 caract\u00e8re personnel<\/u><\/em> et <em><u>traitement de donn\u00e9es \u00e0 caract\u00e8re personnel<\/u><\/em>.<\/p>\n<p>&nbsp;<\/p>\n<table style=\"height: 373px;\" width=\"745\">\n<tbody>\n<tr>\n<td width=\"234\">DONN\u00c9E A CARACT\u00c8RE PERSONNEL<\/td>\n<td width=\"238\">TRAITEMENT DES DONN\u00c9ES \u00c0 CARACT\u00c8RE PERSONNEL<\/td>\n<\/tr>\n<tr>\n<td width=\"234\">Toute information se rapportant \u00e0 une personne physique identifi\u00e9e ou identifiable (ci-apr\u00e8s d\u00e9nomm\u00e9e \u00ab <strong>personne concern\u00e9e<\/strong> \u00bb). Est r\u00e9put\u00e9e \u00eatre une \u00ab personne physique identifiable \u00bb une personne physique qui peut \u00eatre identifi\u00e9e, directement ou indirectement, notamment par r\u00e9f\u00e9rence \u00e0 un identifiant, tel qu&rsquo;un nom, un num\u00e9ro d&rsquo;identification, des donn\u00e9es de localisation, un identifiant en ligne, ou \u00e0 un ou plusieurs \u00e9l\u00e9ments sp\u00e9cifiques propres \u00e0 son identit\u00e9 physique, physiologique, g\u00e9n\u00e9tique, psychique, \u00e9conomique, culturelle ou sociale.<\/td>\n<td width=\"238\">Toute op\u00e9ration ou tout ensemble d&rsquo;op\u00e9rations effectu\u00e9es ou non \u00e0 l&rsquo;aide de proc\u00e9d\u00e9s automatis\u00e9s et appliqu\u00e9es \u00e0 des donn\u00e9es ou des ensembles de donn\u00e9es \u00e0 caract\u00e8re personnel, telles que la collecte, l&rsquo;enregistrement, l&rsquo;organisation, la structuration, la conservation, l&rsquo;adaptation ou la modification, l&rsquo;extraction, la consultation, l&rsquo;utilisation, la communication par transmission, la diffusion ou toute autre forme de mise \u00e0 disposition, le rapprochement ou l&rsquo;interconnexion, la limitation, l&rsquo;effacement ou la destruction.<\/td>\n<\/tr>\n<\/tbody>\n<\/table>\n<p><strong>\u00a0<\/strong><\/p>\n<ol start=\"2\">\n<li><strong> Collecte et utilisation des donn\u00e9es \u00e0 caract\u00e8re personnel<\/strong><\/li>\n<\/ol>\n<p>Nous collectons vos donn\u00e9es \u00e0 caract\u00e8re personnel directement aupr\u00e8s de vous dans le cadre d&rsquo;une relation d&rsquo;affaires, \u00e9tablie par vous en tant que client de notre soci\u00e9t\u00e9. Nous collectons vos donn\u00e9es \u00e0 caract\u00e8re personnel (i) pour ex\u00e9cuter les obligations du contrat de vente de nos marchandises conclu avec vous, (ii) pour pouvoir ex\u00e9cuter des obligations prescrite par le l\u00e9gislateur concernant notre relation de vendeur et de client, ainsi que (ii) en raison de certains int\u00e9r\u00eats l\u00e9gitimes de SPA\u010cVA d.d.<\/p>\n<p>Nous traitons et utilisons les donn\u00e9es \u00e0 caract\u00e8re personnel que vous avez fournies exclusivement dans certains buts incluant :<\/p>\n<ul>\n<li><strong>-La prise des mesures appropri\u00e9es sur demande du client avant de conclure le contrat de vente.<\/strong> La collecte et le traitement de vos donn\u00e9es \u00e0 caract\u00e8re personnel est une des conditions n\u00e9cessaires pour prendre une mesure suite \u00e0 votre demande avant la conclusion d&rsquo;un contrat de vente de nos marchandises, telle que r\u00e9pondre \u00e0 vos interrogations concernant l&rsquo;offre, les caract\u00e9ristiques des marchandises, les conditions de la prestation du service, etc.<\/li>\n<li><strong>-R\u00e9alisation du contrat de vente. <\/strong>Dans le but d&rsquo;ex\u00e9cuter nos obligations du contrat de vente, en tant que vendeur, nous collectons et traitons vos donn\u00e9es pour traiter vos commandes re\u00e7ues, pour vous contacter si cela est n\u00e9cessaire pour ex\u00e9cuter le contrat, pour \u00e9mettre une facture, pour livrer les marchandises achet\u00e9es et pour \u00e9mettre des documents et des d\u00e9clarations conform\u00e9ment \u00e0 la l\u00e9gislation fiscale et\/ou douani\u00e8re.<\/li>\n<li><strong>-Tenue de registres prescrits par la loi :<\/strong> Vos donn\u00e9es \u00e0 caract\u00e8re personnel peuvent faire partie de registres tenus conform\u00e9ment \u00e0 la loi, ce qui inclue en particulier la tenue de livres d&rsquo;affaires conform\u00e9ment \u00e0 la Loi sur la comptabilit\u00e9, la tenue de registres fiscaux et la tenue de registres d&rsquo;oppositions conform\u00e9ment \u00e0 la Loi sur les consommateurs.<\/li>\n<li><strong>-Protection de la s\u00e9curit\u00e9, des biens et de la sant\u00e9 :<\/strong> La soci\u00e9t\u00e9 BJELIN SPA\u010cVA d.o.o. collecte et traite vos donn\u00e9es \u00e0 caract\u00e8re personnel par des appareils de surveillance vid\u00e9o plac\u00e9s dans le but de prot\u00e9ger la s\u00e9curit\u00e9 et les biens de la soci\u00e9t\u00e9, des employeurs et des visiteurs. La collecte et le traitement de donn\u00e9es \u00e0 caract\u00e8re personnel par surveillance vid\u00e9o sont r\u00e9gis par le r\u00e8glement sp\u00e9cifique de BJELIN SPA\u010cVA d.o.o.<\/li>\n<li><strong>-Nettoyage et consolidation des donn\u00e9es :<\/strong> De temps en temps, les donn\u00e9es \u00e0 caract\u00e8re personnel que vous avez fournies peuvent \u00eatre v\u00e9rifi\u00e9es ou consolid\u00e9es avec des (i) donn\u00e9es existant dans nos registres (en ligne et hors ligne), (ii) des donn\u00e9es fournies par nos pr\u00e9d\u00e9cesseurs l\u00e9gaux ou (iii) des donn\u00e9es provenant d&rsquo;autres sources.<\/li>\n<\/ul>\n<p>&nbsp;<\/p>\n<ol start=\"3\">\n<li><strong> Transfert et communication de vos donn\u00e9es \u00e0 caract\u00e8re personnel<\/strong><\/li>\n<\/ol>\n<p>Conform\u00e9ment aux dispositions du chapitre pr\u00e9c\u00e9dent et en fonction du type de proc\u00e9dures dans le cadre desquelles nous traitons vos donn\u00e9es \u00e0 caract\u00e8re personnel, certaines d&rsquo;entre elles peuvent \u00eatre transmises \u00e0 des tiers. Cela sera effectu\u00e9e pour ex\u00e9cuter des obligations l\u00e9gales ou pour se conformer \u00e0 une loi, un r\u00e8glement ou \u00e0 un ordre d&rsquo;une autorit\u00e9 publique.<\/p>\n<p>D&rsquo;autre part, vos donn\u00e9es \u00e0 caract\u00e8re personnel sont parfois communiqu\u00e9es \u00e0 des tiers, nos partenaires, dans le but d&rsquo;ex\u00e9cuter des services. En agissant ainsi, nous prenons en compte la cr\u00e9dibilit\u00e9 de ces personnes, les obligeons \u00e0 respecter les normes de protection de donn\u00e9es \u00e0 caract\u00e8re personnel que nous-m\u00eames appliquons et nous interdisons l&rsquo;utilisation de vos donn\u00e9es \u00e0 caract\u00e8re personnel \u00e0 d&rsquo;autres fins que celles mentionn\u00e9es.<\/p>\n<p>Toutefois, vos donn\u00e9es \u00e0 caract\u00e8re personnel ne seront pas transmises \u00e0 d&rsquo;autres pays et\/ou organisations internationales.<\/p>\n<p><strong>\u00a0<\/strong><\/p>\n<ol start=\"4\">\n<li><strong> Dur\u00e9e de conservation de vos donn\u00e9es \u00e0 caract\u00e8re personnel<\/strong><\/li>\n<\/ol>\n<p>La dur\u00e9e de conservation de vos donn\u00e9es \u00e0 caract\u00e8re personnel d\u00e9pend principalement de la raison pour laquelle nous collectons ou bien traitons vos donn\u00e9es. En ce sens, nous vous garantissons que vos donn\u00e9es \u00e0 caract\u00e8re personnel ne seront conserv\u00e9es sous une forme permettant l&rsquo;identification que pendant une dur\u00e9e n&rsquo;exc\u00e9dant pas celle n\u00e9cessaire au regard des finalit\u00e9s pour lesquelles elles sont trait\u00e9es.<strong>\u00a0<\/strong><\/p>\n<p><strong>\u00a0<\/strong><\/p>\n<ol start=\"5\">\n<li><strong> Droit \u00e0 l&rsquo;information, droit au retrait et effacement de vos donn\u00e9es \u00e0 caract\u00e8re personnel<\/strong><\/li>\n<\/ol>\n<p>Vous trouverez ci-dessous vos droits concernant le traitement de vos donn\u00e9es \u00e0 caract\u00e8re personnel. En ce sens, vous avez le droit de :<\/p>\n<ul>\n<li>(i)\u00a0 \u00a0demander par \u00e9crit des informations sur vos donn\u00e9es \u00e0 caract\u00e8re personnel trait\u00e9es par notre soci\u00e9t\u00e9<\/li>\n<li>(ii)\u00a0 demander la rectification de donn\u00e9es \u00e0 caract\u00e8re personnel vous concernant qui sont inexactes<\/li>\n<li>(iii) demander l&rsquo;effacement de donn\u00e9es \u00e0 caract\u00e8re personnel vous concernant ;<\/li>\n<li>(iv) demander la limitation du traitement lorsque\n<ul>\n<li>-vous contestez l&rsquo;exactitude des donn\u00e9es \u00e0 caract\u00e8re personnel,<\/li>\n<li>-vous consid\u00e9rez le traitement de vos donn\u00e9es \u00e0 caract\u00e8re personnel illicite, mais vous vous opposez \u00e0 leur effacement ;<\/li>\n<li>-vous consid\u00e9rez que BJELIN SPA\u010cVA d.o.o. en tant que responsable du traitement n&rsquo;a plus besoin de vos donn\u00e9es \u00e0 caract\u00e8re personnel, mais vous, \u00e9tant la personne concern\u00e9e, les demandez dans le but de constater, exercer ou d\u00e9fendre vos droits en justice ;<\/li>\n<\/ul>\n<\/li>\n<li>(v)\u00a0 recevoir les donn\u00e9es \u00e0 caract\u00e8re personnel vous concernant dans un format structur\u00e9, couramment utilis\u00e9 et lisible sur machine et de transmettre ces donn\u00e9es \u00e0 un autre responsable de traitement ;<\/li>\n<li>(vi)\u00a0 vous opposer au traitement de vos donn\u00e9es \u00e0 caract\u00e8re personnel ;<\/li>\n<li>(vii) introduire une r\u00e9clamation aupr\u00e8s de l&rsquo;autorit\u00e9 de contr\u00f4le en R\u00e9publique de Croatie comp\u00e9tente pour la protection et le contr\u00f4le du traitement des donn\u00e9es \u00e0 caract\u00e8re personnel (Agence pour la protection des donn\u00e9es).<\/li>\n<\/ul>\n<p>Veuillez adresser toute demande par laquelle vous exercez les droits mentionn\u00e9s ci-dessus \u00e0 la personne de contact indiqu\u00e9e au point 7.<\/p>\n<p>Aussi, nous vous informons que quand nous traitons certaines de vos donn\u00e9es \u00e0 caract\u00e8re personnel sur la base du consentement que vous avez donn\u00e9 (dans les cas o\u00f9 le traitement de certaines donn\u00e9es \u00e0 caract\u00e8re personnel n&rsquo;est pas n\u00e9cessaire pour ex\u00e9cuter le contrat de vente ni pour respecter les obligations l\u00e9gales de la soci\u00e9t\u00e9 BJELIN SPA\u010cVA d.o.o. en tant que responsable du traitement, et o\u00f9 la soci\u00e9t\u00e9 BJELIN SPA\u010cVA d.o.o. n&rsquo;a aucun int\u00e9r\u00eat l\u00e9gitime pour le traitement de donn\u00e9es \u00e0 caract\u00e8re personnel), vous \u00eates habilit\u00e9 \u00e0 retirer votre consentement \u00e0 tout moment par simple notification \u00e0 l&rsquo;adresse indiqu\u00e9e au point 7.<\/p>\n<p>&nbsp;<\/p>\n<ol start=\"6\">\n<li><strong> S\u00e9curit\u00e9 des donn\u00e9es \u00e0 caract\u00e8re personnel<\/strong><\/li>\n<\/ol>\n<p>Nous vous informons aussi que la soci\u00e9t\u00e9 BJELIN SPA\u010cVA d.o.o. se consacre \u00e0 l&rsquo;adoption de mesures techniques et de s\u00e9curit\u00e9 pour assurer la confidentialit\u00e9 et l&rsquo;int\u00e9grit\u00e9 de vos donn\u00e9es \u00e0 caract\u00e8re personnel.<\/p>\n<p>&nbsp;<\/p>\n<ol start=\"7\">\n<li><strong> Contact<\/strong><\/li>\n<\/ol>\n<p>Pour plus d&rsquo;informations sur cette D\u00e9claration de confidentialit\u00e9 ou le traitement de vos donn\u00e9es \u00e0 caract\u00e8re personnel, veuillez contacter gdpr@bjelin.hr.<\/p>\n<p>&nbsp;<\/p>\n","protected":false},"excerpt":{"rendered":"D\u00e9claration de confidentialit\u00e9 Nous consid\u00e9rons la protection de votre vie priv\u00e9e et de vos donn\u00e9es \u00e0 caract\u00e8re personnel tr\u00e8s importante et nous y accordons toute notre attention dans toutes nos relations d&rsquo;affaires. Nous respectons la confidentialit\u00e9 de vos donn\u00e9es \u00e0 caract\u00e8re personnel et nous nous conformons toujours aux dispositions pertinentes des lois et autres r\u00e8glements&#8230; <a class=\"view-article\" href=\"https:\/\/spacva.eu\/fr\/privacy-policy-terms-of-use\">Voir l&rsquo;article<\/a>","protected":false},"author":1,"featured_media":0,"parent":0,"menu_order":0,"comment_status":"closed","ping_status":"closed","template":"template-blank.php","meta":{"_acf_changed":false,"footnotes":""},"class_list":["post-3151","page","type-page","status-publish","hentry"],"acf":[],"yoast_head":"<!-- This site is optimized with the Yoast SEO plugin v27.3 - https:\/\/yoast.com\/product\/yoast-seo-wordpress\/ -->\n<title>D\u00e9claration de confidentialit\u00e9 et les termes d&#039;utilisation. - Spa\u010dva<\/title>\n<meta name=\"robots\" content=\"index, follow, max-snippet:-1, max-image-preview:large, max-video-preview:-1\" \/>\n<link rel=\"canonical\" href=\"https:\/\/spacva.eu\/fr\/privacy-policy-terms-of-use\" \/>\n<meta property=\"og:locale\" content=\"fr_FR\" \/>\n<meta property=\"og:type\" content=\"article\" \/>\n<meta property=\"og:title\" content=\"D\u00e9claration de confidentialit\u00e9 et les termes d&#039;utilisation. - Spa\u010dva\" \/>\n<meta property=\"og:description\" content=\"D\u00e9claration de confidentialit\u00e9 Nous consid\u00e9rons la protection de votre vie priv\u00e9e et de vos donn\u00e9es \u00e0 caract\u00e8re personnel tr\u00e8s importante et nous y accordons toute notre attention dans toutes nos relations d&rsquo;affaires. Nous respectons la confidentialit\u00e9 de vos donn\u00e9es \u00e0 caract\u00e8re personnel et nous nous conformons toujours aux dispositions pertinentes des lois et autres r\u00e8glements... Voir l&#039;article\" \/>\n<meta property=\"og:url\" content=\"https:\/\/spacva.eu\/fr\/privacy-policy-terms-of-use\" \/>\n<meta property=\"og:site_name\" content=\"Spa\u010dva\" \/>\n<meta property=\"article:publisher\" content=\"https:\/\/web.facebook.com\/Spacva\/\" \/>\n<meta property=\"article:modified_time\" content=\"2023-05-25T08:28:55+00:00\" \/>\n<meta property=\"og:image\" content=\"https:\/\/spacva.eu\/wp-content\/uploads\/2018\/12\/Spacva-fb-share.jpg\" \/>\n\t<meta property=\"og:image:width\" content=\"1200\" \/>\n\t<meta property=\"og:image:height\" content=\"630\" \/>\n\t<meta property=\"og:image:type\" content=\"image\/jpeg\" \/>\n<meta name=\"twitter:card\" content=\"summary_large_image\" \/>\n<meta name=\"twitter:label1\" content=\"Dur\u00e9e de lecture estim\u00e9e\" \/>\n\t<meta name=\"twitter:data1\" content=\"9 minutes\" \/>\n<script type=\"application\/ld+json\" class=\"yoast-schema-graph\">{\"@context\":\"https:\\\/\\\/schema.org\",\"@graph\":[{\"@type\":\"WebPage\",\"@id\":\"https:\\\/\\\/spacva.eu\\\/fr\\\/privacy-policy-terms-of-use\",\"url\":\"https:\\\/\\\/spacva.eu\\\/fr\\\/privacy-policy-terms-of-use\",\"name\":\"D\u00e9claration de confidentialit\u00e9 et les termes d'utilisation. - Spa\u010dva\",\"isPartOf\":{\"@id\":\"https:\\\/\\\/spacva.eu\\\/fr#website\"},\"datePublished\":\"2018-08-31T08:31:38+00:00\",\"dateModified\":\"2023-05-25T08:28:55+00:00\",\"breadcrumb\":{\"@id\":\"https:\\\/\\\/spacva.eu\\\/fr\\\/privacy-policy-terms-of-use#breadcrumb\"},\"inLanguage\":\"fr-FR\",\"potentialAction\":[{\"@type\":\"ReadAction\",\"target\":[\"https:\\\/\\\/spacva.eu\\\/fr\\\/privacy-policy-terms-of-use\"]}]},{\"@type\":\"BreadcrumbList\",\"@id\":\"https:\\\/\\\/spacva.eu\\\/fr\\\/privacy-policy-terms-of-use#breadcrumb\",\"itemListElement\":[{\"@type\":\"ListItem\",\"position\":1,\"name\":\"\",\"item\":\"https:\\\/\\\/spacva.eu\\\/fr\"},{\"@type\":\"ListItem\",\"position\":2,\"name\":\"D\u00e9claration de confidentialit\u00e9 et les termes d&#8217;utilisation.\"}]},{\"@type\":\"WebSite\",\"@id\":\"https:\\\/\\\/spacva.eu\\\/fr#website\",\"url\":\"https:\\\/\\\/spacva.eu\\\/fr\",\"name\":\"Spa\u010dva\",\"description\":\"\",\"publisher\":{\"@id\":\"https:\\\/\\\/spacva.eu\\\/fr#organization\"},\"potentialAction\":[{\"@type\":\"SearchAction\",\"target\":{\"@type\":\"EntryPoint\",\"urlTemplate\":\"https:\\\/\\\/spacva.eu\\\/fr?s={search_term_string}\"},\"query-input\":{\"@type\":\"PropertyValueSpecification\",\"valueRequired\":true,\"valueName\":\"search_term_string\"}}],\"inLanguage\":\"fr-FR\"},{\"@type\":\"Organization\",\"@id\":\"https:\\\/\\\/spacva.eu\\\/fr#organization\",\"name\":\"Spa\u010dva d.d.\",\"url\":\"https:\\\/\\\/spacva.eu\\\/fr\",\"logo\":{\"@type\":\"ImageObject\",\"inLanguage\":\"fr-FR\",\"@id\":\"https:\\\/\\\/spacva.eu\\\/fr#\\\/schema\\\/logo\\\/image\\\/\",\"url\":\"https:\\\/\\\/spacva.eu\\\/wp-content\\\/uploads\\\/2018\\\/06\\\/logo.png\",\"contentUrl\":\"https:\\\/\\\/spacva.eu\\\/wp-content\\\/uploads\\\/2018\\\/06\\\/logo.png\",\"width\":100,\"height\":124,\"caption\":\"Spa\u010dva d.d.\"},\"image\":{\"@id\":\"https:\\\/\\\/spacva.eu\\\/fr#\\\/schema\\\/logo\\\/image\\\/\"},\"sameAs\":[\"https:\\\/\\\/web.facebook.com\\\/Spacva\\\/\"]}]}<\/script>\n<!-- \/ Yoast SEO plugin. -->","yoast_head_json":{"title":"D\u00e9claration de confidentialit\u00e9 et les termes d'utilisation. - Spa\u010dva","robots":{"index":"index","follow":"follow","max-snippet":"max-snippet:-1","max-image-preview":"max-image-preview:large","max-video-preview":"max-video-preview:-1"},"canonical":"https:\/\/spacva.eu\/fr\/privacy-policy-terms-of-use","og_locale":"fr_FR","og_type":"article","og_title":"D\u00e9claration de confidentialit\u00e9 et les termes d'utilisation. - Spa\u010dva","og_description":"D\u00e9claration de confidentialit\u00e9 Nous consid\u00e9rons la protection de votre vie priv\u00e9e et de vos donn\u00e9es \u00e0 caract\u00e8re personnel tr\u00e8s importante et nous y accordons toute notre attention dans toutes nos relations d&rsquo;affaires. Nous respectons la confidentialit\u00e9 de vos donn\u00e9es \u00e0 caract\u00e8re personnel et nous nous conformons toujours aux dispositions pertinentes des lois et autres r\u00e8glements... Voir l'article","og_url":"https:\/\/spacva.eu\/fr\/privacy-policy-terms-of-use","og_site_name":"Spa\u010dva","article_publisher":"https:\/\/web.facebook.com\/Spacva\/","article_modified_time":"2023-05-25T08:28:55+00:00","og_image":[{"width":1200,"height":630,"url":"https:\/\/spacva.eu\/wp-content\/uploads\/2018\/12\/Spacva-fb-share.jpg","type":"image\/jpeg"}],"twitter_card":"summary_large_image","twitter_misc":{"Dur\u00e9e de lecture estim\u00e9e":"9 minutes"},"schema":{"@context":"https:\/\/schema.org","@graph":[{"@type":"WebPage","@id":"https:\/\/spacva.eu\/fr\/privacy-policy-terms-of-use","url":"https:\/\/spacva.eu\/fr\/privacy-policy-terms-of-use","name":"D\u00e9claration de confidentialit\u00e9 et les termes d'utilisation. - Spa\u010dva","isPartOf":{"@id":"https:\/\/spacva.eu\/fr#website"},"datePublished":"2018-08-31T08:31:38+00:00","dateModified":"2023-05-25T08:28:55+00:00","breadcrumb":{"@id":"https:\/\/spacva.eu\/fr\/privacy-policy-terms-of-use#breadcrumb"},"inLanguage":"fr-FR","potentialAction":[{"@type":"ReadAction","target":["https:\/\/spacva.eu\/fr\/privacy-policy-terms-of-use"]}]},{"@type":"BreadcrumbList","@id":"https:\/\/spacva.eu\/fr\/privacy-policy-terms-of-use#breadcrumb","itemListElement":[{"@type":"ListItem","position":1,"name":"","item":"https:\/\/spacva.eu\/fr"},{"@type":"ListItem","position":2,"name":"D\u00e9claration de confidentialit\u00e9 et les termes d&#8217;utilisation."}]},{"@type":"WebSite","@id":"https:\/\/spacva.eu\/fr#website","url":"https:\/\/spacva.eu\/fr","name":"Spa\u010dva","description":"","publisher":{"@id":"https:\/\/spacva.eu\/fr#organization"},"potentialAction":[{"@type":"SearchAction","target":{"@type":"EntryPoint","urlTemplate":"https:\/\/spacva.eu\/fr?s={search_term_string}"},"query-input":{"@type":"PropertyValueSpecification","valueRequired":true,"valueName":"search_term_string"}}],"inLanguage":"fr-FR"},{"@type":"Organization","@id":"https:\/\/spacva.eu\/fr#organization","name":"Spa\u010dva d.d.","url":"https:\/\/spacva.eu\/fr","logo":{"@type":"ImageObject","inLanguage":"fr-FR","@id":"https:\/\/spacva.eu\/fr#\/schema\/logo\/image\/","url":"https:\/\/spacva.eu\/wp-content\/uploads\/2018\/06\/logo.png","contentUrl":"https:\/\/spacva.eu\/wp-content\/uploads\/2018\/06\/logo.png","width":100,"height":124,"caption":"Spa\u010dva d.d."},"image":{"@id":"https:\/\/spacva.eu\/fr#\/schema\/logo\/image\/"},"sameAs":["https:\/\/web.facebook.com\/Spacva\/"]}]}},"_links":{"self":[{"href":"https:\/\/spacva.eu\/fr\/wp-json\/wp\/v2\/pages\/3151","targetHints":{"allow":["GET"]}}],"collection":[{"href":"https:\/\/spacva.eu\/fr\/wp-json\/wp\/v2\/pages"}],"about":[{"href":"https:\/\/spacva.eu\/fr\/wp-json\/wp\/v2\/types\/page"}],"author":[{"embeddable":true,"href":"https:\/\/spacva.eu\/fr\/wp-json\/wp\/v2\/users\/1"}],"replies":[{"embeddable":true,"href":"https:\/\/spacva.eu\/fr\/wp-json\/wp\/v2\/comments?post=3151"}],"version-history":[{"count":6,"href":"https:\/\/spacva.eu\/fr\/wp-json\/wp\/v2\/pages\/3151\/revisions"}],"predecessor-version":[{"id":5945,"href":"https:\/\/spacva.eu\/fr\/wp-json\/wp\/v2\/pages\/3151\/revisions\/5945"}],"wp:attachment":[{"href":"https:\/\/spacva.eu\/fr\/wp-json\/wp\/v2\/media?parent=3151"}],"curies":[{"name":"wp","href":"https:\/\/api.w.org\/{rel}","templated":true}]}}