{"id":3321,"date":"2018-06-01T14:06:52","date_gmt":"2018-06-01T14:06:52","guid":{"rendered":"https:\/\/spacva.eu\/home"},"modified":"2020-11-05T14:01:44","modified_gmt":"2020-11-05T13:01:44","slug":"home","status":"publish","type":"page","link":"https:\/\/spacva.eu\/fr","title":{"rendered":"Home"},"content":{"rendered":"","protected":false},"excerpt":{"rendered":"","protected":false},"author":1,"featured_media":0,"parent":0,"menu_order":0,"comment_status":"closed","ping_status":"closed","template":"","meta":{"_acf_changed":false,"footnotes":""},"class_list":["post-3321","page","type-page","status-publish","hentry"],"acf":[],"yoast_head":"<!-- This site is optimized with the Yoast SEO plugin v27.3 - https:\/\/yoast.com\/product\/yoast-seo-wordpress\/ -->\n<title>Toute la gamme de produits en ch\u00eane de Croatie<\/title>\n<meta name=\"description\" content=\"Tradition de production et produits fabriqu\u00e9s \u00e0 partir en ch\u00eane de Croatie. Plus d&#039;informations sur notre produits\" \/>\n<meta name=\"robots\" content=\"index, follow, max-snippet:-1, max-image-preview:large, max-video-preview:-1\" \/>\n<link rel=\"canonical\" href=\"https:\/\/spacva.eu\/fr\" \/>\n<meta property=\"og:locale\" content=\"fr_FR\" \/>\n<meta property=\"og:type\" content=\"article\" \/>\n<meta property=\"og:title\" content=\"Spa\u010dva - Natural Perfection Through Solid Wood Flooring\" \/>\n<meta property=\"og:description\" content=\"High-quality solid wood flooring produced in Croatian forests. Our tradition and love for real oak wood separates us from other flooring companies.\" \/>\n<meta property=\"og:url\" content=\"https:\/\/spacva.eu\/fr\" \/>\n<meta property=\"og:site_name\" content=\"Spa\u010dva\" \/>\n<meta property=\"article:publisher\" content=\"https:\/\/web.facebook.com\/Spacva\/\" \/>\n<meta property=\"article:modified_time\" content=\"2020-11-05T13:01:44+00:00\" \/>\n<meta property=\"og:image\" content=\"https:\/\/spacva.eu\/wp-content\/uploads\/2018\/12\/Spacva-fb-share.jpg\" \/>\n\t<meta property=\"og:image:width\" content=\"1200\" \/>\n\t<meta property=\"og:image:height\" content=\"630\" \/>\n\t<meta property=\"og:image:type\" content=\"image\/jpeg\" \/>\n<meta name=\"twitter:card\" content=\"summary_large_image\" \/>\n<meta name=\"twitter:title\" content=\"Spa\u010dva - Natural Perfection Through Solid Wood Flooring\" \/>\n<meta name=\"twitter:description\" content=\"High-quality solid wood flooring produced in Croatian forests. Our tradition and love for real oak wood separates us from other flooring companies.\" \/>\n<script type=\"application\/ld+json\" class=\"yoast-schema-graph\">{\"@context\":\"https:\\\/\\\/schema.org\",\"@graph\":[{\"@type\":\"WebPage\",\"@id\":\"https:\\\/\\\/spacva.eu\\\/fr\",\"url\":\"https:\\\/\\\/spacva.eu\\\/fr\",\"name\":\"Toute la gamme de produits en ch\u00eane de Croatie\",\"isPartOf\":{\"@id\":\"https:\\\/\\\/spacva.eu\\\/fr#website\"},\"datePublished\":\"2018-06-01T14:06:52+00:00\",\"dateModified\":\"2020-11-05T13:01:44+00:00\",\"description\":\"Tradition de production et produits fabriqu\u00e9s \u00e0 partir en ch\u00eane de Croatie. Plus d'informations sur notre produits\",\"breadcrumb\":{\"@id\":\"https:\\\/\\\/spacva.eu\\\/fr#breadcrumb\"},\"inLanguage\":\"fr-FR\",\"potentialAction\":[{\"@type\":\"ReadAction\",\"target\":[\"https:\\\/\\\/spacva.eu\\\/fr\"]}]},{\"@type\":\"BreadcrumbList\",\"@id\":\"https:\\\/\\\/spacva.eu\\\/fr#breadcrumb\",\"itemListElement\":[{\"@type\":\"ListItem\",\"position\":1,\"name\":\"\",\"item\":\"https:\\\/\\\/spacva.eu\\\/fr\"},{\"@type\":\"ListItem\",\"position\":2,\"name\":\"Home\"}]},{\"@type\":\"WebSite\",\"@id\":\"https:\\\/\\\/spacva.eu\\\/fr#website\",\"url\":\"https:\\\/\\\/spacva.eu\\\/fr\",\"name\":\"Spa\u010dva\",\"description\":\"\",\"publisher\":{\"@id\":\"https:\\\/\\\/spacva.eu\\\/fr#organization\"},\"potentialAction\":[{\"@type\":\"SearchAction\",\"target\":{\"@type\":\"EntryPoint\",\"urlTemplate\":\"https:\\\/\\\/spacva.eu\\\/fr?s={search_term_string}\"},\"query-input\":{\"@type\":\"PropertyValueSpecification\",\"valueRequired\":true,\"valueName\":\"search_term_string\"}}],\"inLanguage\":\"fr-FR\"},{\"@type\":\"Organization\",\"@id\":\"https:\\\/\\\/spacva.eu\\\/fr#organization\",\"name\":\"Spa\u010dva d.d.\",\"url\":\"https:\\\/\\\/spacva.eu\\\/fr\",\"logo\":{\"@type\":\"ImageObject\",\"inLanguage\":\"fr-FR\",\"@id\":\"https:\\\/\\\/spacva.eu\\\/fr#\\\/schema\\\/logo\\\/image\\\/\",\"url\":\"https:\\\/\\\/spacva.eu\\\/wp-content\\\/uploads\\\/2018\\\/06\\\/logo.png\",\"contentUrl\":\"https:\\\/\\\/spacva.eu\\\/wp-content\\\/uploads\\\/2018\\\/06\\\/logo.png\",\"width\":100,\"height\":124,\"caption\":\"Spa\u010dva d.d.\"},\"image\":{\"@id\":\"https:\\\/\\\/spacva.eu\\\/fr#\\\/schema\\\/logo\\\/image\\\/\"},\"sameAs\":[\"https:\\\/\\\/web.facebook.com\\\/Spacva\\\/\"]}]}<\/script>\n<!-- \/ Yoast SEO plugin. -->","yoast_head_json":{"title":"Toute la gamme de produits en ch\u00eane de Croatie","description":"Tradition de production et produits fabriqu\u00e9s \u00e0 partir en ch\u00eane de Croatie. Plus d'informations sur notre produits","robots":{"index":"index","follow":"follow","max-snippet":"max-snippet:-1","max-image-preview":"max-image-preview:large","max-video-preview":"max-video-preview:-1"},"canonical":"https:\/\/spacva.eu\/fr","og_locale":"fr_FR","og_type":"article","og_title":"Spa\u010dva - Natural Perfection Through Solid Wood Flooring","og_description":"High-quality solid wood flooring produced in Croatian forests. Our tradition and love for real oak wood separates us from other flooring companies.","og_url":"https:\/\/spacva.eu\/fr","og_site_name":"Spa\u010dva","article_publisher":"https:\/\/web.facebook.com\/Spacva\/","article_modified_time":"2020-11-05T13:01:44+00:00","og_image":[{"width":1200,"height":630,"url":"https:\/\/spacva.eu\/wp-content\/uploads\/2018\/12\/Spacva-fb-share.jpg","type":"image\/jpeg"}],"twitter_card":"summary_large_image","twitter_title":"Spa\u010dva - Natural Perfection Through Solid Wood Flooring","twitter_description":"High-quality solid wood flooring produced in Croatian forests. Our tradition and love for real oak wood separates us from other flooring companies.","schema":{"@context":"https:\/\/schema.org","@graph":[{"@type":"WebPage","@id":"https:\/\/spacva.eu\/fr","url":"https:\/\/spacva.eu\/fr","name":"Toute la gamme de produits en ch\u00eane de Croatie","isPartOf":{"@id":"https:\/\/spacva.eu\/fr#website"},"datePublished":"2018-06-01T14:06:52+00:00","dateModified":"2020-11-05T13:01:44+00:00","description":"Tradition de production et produits fabriqu\u00e9s \u00e0 partir en ch\u00eane de Croatie. Plus d'informations sur notre produits","breadcrumb":{"@id":"https:\/\/spacva.eu\/fr#breadcrumb"},"inLanguage":"fr-FR","potentialAction":[{"@type":"ReadAction","target":["https:\/\/spacva.eu\/fr"]}]},{"@type":"BreadcrumbList","@id":"https:\/\/spacva.eu\/fr#breadcrumb","itemListElement":[{"@type":"ListItem","position":1,"name":"","item":"https:\/\/spacva.eu\/fr"},{"@type":"ListItem","position":2,"name":"Home"}]},{"@type":"WebSite","@id":"https:\/\/spacva.eu\/fr#website","url":"https:\/\/spacva.eu\/fr","name":"Spa\u010dva","description":"","publisher":{"@id":"https:\/\/spacva.eu\/fr#organization"},"potentialAction":[{"@type":"SearchAction","target":{"@type":"EntryPoint","urlTemplate":"https:\/\/spacva.eu\/fr?s={search_term_string}"},"query-input":{"@type":"PropertyValueSpecification","valueRequired":true,"valueName":"search_term_string"}}],"inLanguage":"fr-FR"},{"@type":"Organization","@id":"https:\/\/spacva.eu\/fr#organization","name":"Spa\u010dva d.d.","url":"https:\/\/spacva.eu\/fr","logo":{"@type":"ImageObject","inLanguage":"fr-FR","@id":"https:\/\/spacva.eu\/fr#\/schema\/logo\/image\/","url":"https:\/\/spacva.eu\/wp-content\/uploads\/2018\/06\/logo.png","contentUrl":"https:\/\/spacva.eu\/wp-content\/uploads\/2018\/06\/logo.png","width":100,"height":124,"caption":"Spa\u010dva d.d."},"image":{"@id":"https:\/\/spacva.eu\/fr#\/schema\/logo\/image\/"},"sameAs":["https:\/\/web.facebook.com\/Spacva\/"]}]}},"_links":{"self":[{"href":"https:\/\/spacva.eu\/fr\/wp-json\/wp\/v2\/pages\/3321","targetHints":{"allow":["GET"]}}],"collection":[{"href":"https:\/\/spacva.eu\/fr\/wp-json\/wp\/v2\/pages"}],"about":[{"href":"https:\/\/spacva.eu\/fr\/wp-json\/wp\/v2\/types\/page"}],"author":[{"embeddable":true,"href":"https:\/\/spacva.eu\/fr\/wp-json\/wp\/v2\/users\/1"}],"replies":[{"embeddable":true,"href":"https:\/\/spacva.eu\/fr\/wp-json\/wp\/v2\/comments?post=3321"}],"version-history":[{"count":6,"href":"https:\/\/spacva.eu\/fr\/wp-json\/wp\/v2\/pages\/3321\/revisions"}],"predecessor-version":[{"id":4624,"href":"https:\/\/spacva.eu\/fr\/wp-json\/wp\/v2\/pages\/3321\/revisions\/4624"}],"wp:attachment":[{"href":"https:\/\/spacva.eu\/fr\/wp-json\/wp\/v2\/media?parent=3321"}],"curies":[{"name":"wp","href":"https:\/\/api.w.org\/{rel}","templated":true}]}}