{"id":3435,"date":"2019-02-20T11:22:55","date_gmt":"2019-02-20T10:22:55","guid":{"rendered":"https:\/\/spacva.eu\/about\/news"},"modified":"2020-11-09T10:03:45","modified_gmt":"2020-11-09T09:03:45","slug":"nouvelles","status":"publish","type":"page","link":"https:\/\/spacva.eu\/fr\/qui-sommes-nous\/nouvelles","title":{"rendered":"Nouvelles"},"content":{"rendered":"","protected":false},"excerpt":{"rendered":"","protected":false},"author":1,"featured_media":0,"parent":3065,"menu_order":0,"comment_status":"closed","ping_status":"closed","template":"template-blog-custom-category.php","meta":{"_acf_changed":false,"footnotes":""},"class_list":["post-3435","page","type-page","status-publish","hentry"],"acf":[],"yoast_head":"<!-- This site is optimized with the Yoast SEO plugin v27.3 - https:\/\/yoast.com\/product\/yoast-seo-wordpress\/ -->\n<title>Derni\u00e8res nouveaut\u00e9s de l&#039;industrie du bois<\/title>\n<meta name=\"description\" content=\"D\u00e9couvrez nos actualit\u00e9s de notre production. Nos produits, collections, offres.\" \/>\n<meta name=\"robots\" content=\"index, follow, max-snippet:-1, max-image-preview:large, max-video-preview:-1\" \/>\n<link rel=\"canonical\" href=\"https:\/\/spacva.eu\/fr\/qui-sommes-nous\/nouvelles\" \/>\n<meta property=\"og:locale\" content=\"fr_FR\" \/>\n<meta property=\"og:type\" content=\"article\" \/>\n<meta property=\"og:title\" content=\"Derni\u00e8res nouveaut\u00e9s de l&#039;industrie du bois\" \/>\n<meta property=\"og:description\" content=\"D\u00e9couvrez nos actualit\u00e9s de notre production. Nos produits, collections, offres.\" \/>\n<meta property=\"og:url\" content=\"https:\/\/spacva.eu\/fr\/qui-sommes-nous\/nouvelles\" \/>\n<meta property=\"og:site_name\" content=\"Spa\u010dva\" \/>\n<meta property=\"article:publisher\" content=\"https:\/\/web.facebook.com\/Spacva\/\" \/>\n<meta property=\"article:modified_time\" content=\"2020-11-09T09:03:45+00:00\" \/>\n<meta property=\"og:image\" content=\"https:\/\/spacva.eu\/wp-content\/uploads\/2018\/12\/Spacva-fb-share.jpg\" \/>\n\t<meta property=\"og:image:width\" content=\"1200\" \/>\n\t<meta property=\"og:image:height\" content=\"630\" \/>\n\t<meta property=\"og:image:type\" content=\"image\/jpeg\" \/>\n<meta name=\"twitter:card\" content=\"summary_large_image\" \/>\n<script type=\"application\/ld+json\" class=\"yoast-schema-graph\">{\"@context\":\"https:\\\/\\\/schema.org\",\"@graph\":[{\"@type\":\"WebPage\",\"@id\":\"https:\\\/\\\/spacva.eu\\\/fr\\\/qui-sommes-nous\\\/nouvelles\",\"url\":\"https:\\\/\\\/spacva.eu\\\/fr\\\/qui-sommes-nous\\\/nouvelles\",\"name\":\"Derni\u00e8res nouveaut\u00e9s de l'industrie du bois\",\"isPartOf\":{\"@id\":\"https:\\\/\\\/spacva.eu\\\/fr#website\"},\"datePublished\":\"2019-02-20T10:22:55+00:00\",\"dateModified\":\"2020-11-09T09:03:45+00:00\",\"description\":\"D\u00e9couvrez nos actualit\u00e9s de notre production. Nos produits, collections, offres.\",\"breadcrumb\":{\"@id\":\"https:\\\/\\\/spacva.eu\\\/fr\\\/qui-sommes-nous\\\/nouvelles#breadcrumb\"},\"inLanguage\":\"fr-FR\",\"potentialAction\":[{\"@type\":\"ReadAction\",\"target\":[\"https:\\\/\\\/spacva.eu\\\/fr\\\/qui-sommes-nous\\\/nouvelles\"]}]},{\"@type\":\"BreadcrumbList\",\"@id\":\"https:\\\/\\\/spacva.eu\\\/fr\\\/qui-sommes-nous\\\/nouvelles#breadcrumb\",\"itemListElement\":[{\"@type\":\"ListItem\",\"position\":1,\"name\":\"\",\"item\":\"https:\\\/\\\/spacva.eu\\\/fr\"},{\"@type\":\"ListItem\",\"position\":2,\"name\":\"QUI SOMMES NOUS\",\"item\":\"https:\\\/\\\/spacva.eu\\\/fr\\\/qui-sommes-nous\"},{\"@type\":\"ListItem\",\"position\":3,\"name\":\"Nouvelles\"}]},{\"@type\":\"WebSite\",\"@id\":\"https:\\\/\\\/spacva.eu\\\/fr#website\",\"url\":\"https:\\\/\\\/spacva.eu\\\/fr\",\"name\":\"Spa\u010dva\",\"description\":\"\",\"publisher\":{\"@id\":\"https:\\\/\\\/spacva.eu\\\/fr#organization\"},\"potentialAction\":[{\"@type\":\"SearchAction\",\"target\":{\"@type\":\"EntryPoint\",\"urlTemplate\":\"https:\\\/\\\/spacva.eu\\\/fr?s={search_term_string}\"},\"query-input\":{\"@type\":\"PropertyValueSpecification\",\"valueRequired\":true,\"valueName\":\"search_term_string\"}}],\"inLanguage\":\"fr-FR\"},{\"@type\":\"Organization\",\"@id\":\"https:\\\/\\\/spacva.eu\\\/fr#organization\",\"name\":\"Spa\u010dva d.d.\",\"url\":\"https:\\\/\\\/spacva.eu\\\/fr\",\"logo\":{\"@type\":\"ImageObject\",\"inLanguage\":\"fr-FR\",\"@id\":\"https:\\\/\\\/spacva.eu\\\/fr#\\\/schema\\\/logo\\\/image\\\/\",\"url\":\"https:\\\/\\\/spacva.eu\\\/wp-content\\\/uploads\\\/2018\\\/06\\\/logo.png\",\"contentUrl\":\"https:\\\/\\\/spacva.eu\\\/wp-content\\\/uploads\\\/2018\\\/06\\\/logo.png\",\"width\":100,\"height\":124,\"caption\":\"Spa\u010dva d.d.\"},\"image\":{\"@id\":\"https:\\\/\\\/spacva.eu\\\/fr#\\\/schema\\\/logo\\\/image\\\/\"},\"sameAs\":[\"https:\\\/\\\/web.facebook.com\\\/Spacva\\\/\"]}]}<\/script>\n<!-- \/ Yoast SEO plugin. -->","yoast_head_json":{"title":"Derni\u00e8res nouveaut\u00e9s de l'industrie du bois","description":"D\u00e9couvrez nos actualit\u00e9s de notre production. Nos produits, collections, offres.","robots":{"index":"index","follow":"follow","max-snippet":"max-snippet:-1","max-image-preview":"max-image-preview:large","max-video-preview":"max-video-preview:-1"},"canonical":"https:\/\/spacva.eu\/fr\/qui-sommes-nous\/nouvelles","og_locale":"fr_FR","og_type":"article","og_title":"Derni\u00e8res nouveaut\u00e9s de l'industrie du bois","og_description":"D\u00e9couvrez nos actualit\u00e9s de notre production. Nos produits, collections, offres.","og_url":"https:\/\/spacva.eu\/fr\/qui-sommes-nous\/nouvelles","og_site_name":"Spa\u010dva","article_publisher":"https:\/\/web.facebook.com\/Spacva\/","article_modified_time":"2020-11-09T09:03:45+00:00","og_image":[{"width":1200,"height":630,"url":"https:\/\/spacva.eu\/wp-content\/uploads\/2018\/12\/Spacva-fb-share.jpg","type":"image\/jpeg"}],"twitter_card":"summary_large_image","schema":{"@context":"https:\/\/schema.org","@graph":[{"@type":"WebPage","@id":"https:\/\/spacva.eu\/fr\/qui-sommes-nous\/nouvelles","url":"https:\/\/spacva.eu\/fr\/qui-sommes-nous\/nouvelles","name":"Derni\u00e8res nouveaut\u00e9s de l'industrie du bois","isPartOf":{"@id":"https:\/\/spacva.eu\/fr#website"},"datePublished":"2019-02-20T10:22:55+00:00","dateModified":"2020-11-09T09:03:45+00:00","description":"D\u00e9couvrez nos actualit\u00e9s de notre production. Nos produits, collections, offres.","breadcrumb":{"@id":"https:\/\/spacva.eu\/fr\/qui-sommes-nous\/nouvelles#breadcrumb"},"inLanguage":"fr-FR","potentialAction":[{"@type":"ReadAction","target":["https:\/\/spacva.eu\/fr\/qui-sommes-nous\/nouvelles"]}]},{"@type":"BreadcrumbList","@id":"https:\/\/spacva.eu\/fr\/qui-sommes-nous\/nouvelles#breadcrumb","itemListElement":[{"@type":"ListItem","position":1,"name":"","item":"https:\/\/spacva.eu\/fr"},{"@type":"ListItem","position":2,"name":"QUI SOMMES NOUS","item":"https:\/\/spacva.eu\/fr\/qui-sommes-nous"},{"@type":"ListItem","position":3,"name":"Nouvelles"}]},{"@type":"WebSite","@id":"https:\/\/spacva.eu\/fr#website","url":"https:\/\/spacva.eu\/fr","name":"Spa\u010dva","description":"","publisher":{"@id":"https:\/\/spacva.eu\/fr#organization"},"potentialAction":[{"@type":"SearchAction","target":{"@type":"EntryPoint","urlTemplate":"https:\/\/spacva.eu\/fr?s={search_term_string}"},"query-input":{"@type":"PropertyValueSpecification","valueRequired":true,"valueName":"search_term_string"}}],"inLanguage":"fr-FR"},{"@type":"Organization","@id":"https:\/\/spacva.eu\/fr#organization","name":"Spa\u010dva d.d.","url":"https:\/\/spacva.eu\/fr","logo":{"@type":"ImageObject","inLanguage":"fr-FR","@id":"https:\/\/spacva.eu\/fr#\/schema\/logo\/image\/","url":"https:\/\/spacva.eu\/wp-content\/uploads\/2018\/06\/logo.png","contentUrl":"https:\/\/spacva.eu\/wp-content\/uploads\/2018\/06\/logo.png","width":100,"height":124,"caption":"Spa\u010dva d.d."},"image":{"@id":"https:\/\/spacva.eu\/fr#\/schema\/logo\/image\/"},"sameAs":["https:\/\/web.facebook.com\/Spacva\/"]}]}},"_links":{"self":[{"href":"https:\/\/spacva.eu\/fr\/wp-json\/wp\/v2\/pages\/3435","targetHints":{"allow":["GET"]}}],"collection":[{"href":"https:\/\/spacva.eu\/fr\/wp-json\/wp\/v2\/pages"}],"about":[{"href":"https:\/\/spacva.eu\/fr\/wp-json\/wp\/v2\/types\/page"}],"author":[{"embeddable":true,"href":"https:\/\/spacva.eu\/fr\/wp-json\/wp\/v2\/users\/1"}],"replies":[{"embeddable":true,"href":"https:\/\/spacva.eu\/fr\/wp-json\/wp\/v2\/comments?post=3435"}],"version-history":[{"count":1,"href":"https:\/\/spacva.eu\/fr\/wp-json\/wp\/v2\/pages\/3435\/revisions"}],"predecessor-version":[{"id":3438,"href":"https:\/\/spacva.eu\/fr\/wp-json\/wp\/v2\/pages\/3435\/revisions\/3438"}],"up":[{"embeddable":true,"href":"https:\/\/spacva.eu\/fr\/wp-json\/wp\/v2\/pages\/3065"}],"wp:attachment":[{"href":"https:\/\/spacva.eu\/fr\/wp-json\/wp\/v2\/media?parent=3435"}],"curies":[{"name":"wp","href":"https:\/\/api.w.org\/{rel}","templated":true}]}}