{"id":2110,"date":"2018-07-10T14:14:50","date_gmt":"2018-07-10T14:14:50","guid":{"rendered":"https:\/\/spacva.eu\/organizacija\/"},"modified":"2025-03-28T13:55:59","modified_gmt":"2025-03-28T12:55:59","slug":"organisation","status":"publish","type":"page","link":"https:\/\/spacva.eu\/hr\/organisation","title":{"rendered":"Investitori"},"content":{"rendered":"","protected":false},"excerpt":{"rendered":"","protected":false},"author":1,"featured_media":0,"parent":0,"menu_order":0,"comment_status":"closed","ping_status":"closed","template":"template-investors.php","meta":{"_acf_changed":false,"footnotes":""},"class_list":["post-2110","page","type-page","status-publish","hentry"],"acf":[],"yoast_head":"<!-- This site is optimized with the Yoast SEO plugin v27.3 - https:\/\/yoast.com\/product\/yoast-seo-wordpress\/ -->\n<title>Ukratko o vlasni\u010dkoj strukturi Drvne industrije Spa\u010dva<\/title>\n<meta name=\"description\" content=\"Financijska izvje\u0161\u0107a, dioni\u010dari, \u010dlanovi uprave.\" \/>\n<meta name=\"robots\" content=\"index, follow, max-snippet:-1, max-image-preview:large, max-video-preview:-1\" \/>\n<link rel=\"canonical\" href=\"https:\/\/spacva.eu\/hr\/organisation\" \/>\n<meta property=\"og:locale\" content=\"hr_HR\" \/>\n<meta property=\"og:type\" content=\"article\" \/>\n<meta property=\"og:title\" content=\"Spa\u010dva Slavonian Oak Wood Flooring - About Us\" \/>\n<meta property=\"og:description\" content=\"Pro\u010ditajte o Hrvatskoj tvrtci s desetlje\u0107ima tradicije, kvalitetnog marljivog rada i ljubavi prema svom poslu na podovima od masivnog drva i parketa.\" \/>\n<meta property=\"og:url\" content=\"https:\/\/spacva.eu\/hr\/organisation\" \/>\n<meta property=\"og:site_name\" content=\"Spa\u010dva\" \/>\n<meta property=\"article:publisher\" content=\"https:\/\/web.facebook.com\/Spacva\/\" \/>\n<meta property=\"article:modified_time\" content=\"2025-03-28T12:55:59+00:00\" \/>\n<meta property=\"og:image\" content=\"https:\/\/spacva.eu\/wp-content\/uploads\/2018\/12\/Spacva-fb-share.jpg\" \/>\n\t<meta property=\"og:image:width\" content=\"1200\" \/>\n\t<meta property=\"og:image:height\" content=\"630\" \/>\n\t<meta property=\"og:image:type\" content=\"image\/jpeg\" \/>\n<meta name=\"twitter:card\" content=\"summary_large_image\" \/>\n<meta name=\"twitter:title\" content=\"Spa\u010dva Slavonian Oak Wood Flooring - About Us\" \/>\n<meta name=\"twitter:description\" content=\"Pro\u010ditajte o Hrvatskoj tvrtci s desetlje\u0107ima tradicije, kvalitetnog marljivog rada i ljubavi prema svom poslu na podovima od masivnog drva i parketa.\" \/>\n<script type=\"application\/ld+json\" class=\"yoast-schema-graph\">{\"@context\":\"https:\\\/\\\/schema.org\",\"@graph\":[{\"@type\":\"WebPage\",\"@id\":\"https:\\\/\\\/spacva.eu\\\/hr\\\/organisation\",\"url\":\"https:\\\/\\\/spacva.eu\\\/hr\\\/organisation\",\"name\":\"Ukratko o vlasni\u010dkoj strukturi Drvne industrije Spa\u010dva\",\"isPartOf\":{\"@id\":\"https:\\\/\\\/spacva.eu\\\/hr#website\"},\"datePublished\":\"2018-07-10T14:14:50+00:00\",\"dateModified\":\"2025-03-28T12:55:59+00:00\",\"description\":\"Financijska izvje\u0161\u0107a, dioni\u010dari, \u010dlanovi uprave.\",\"breadcrumb\":{\"@id\":\"https:\\\/\\\/spacva.eu\\\/hr\\\/organisation#breadcrumb\"},\"inLanguage\":\"hr-HR\",\"potentialAction\":[{\"@type\":\"ReadAction\",\"target\":[\"https:\\\/\\\/spacva.eu\\\/hr\\\/organisation\"]}]},{\"@type\":\"BreadcrumbList\",\"@id\":\"https:\\\/\\\/spacva.eu\\\/hr\\\/organisation#breadcrumb\",\"itemListElement\":[{\"@type\":\"ListItem\",\"position\":1,\"name\":\"\",\"item\":\"https:\\\/\\\/spacva.eu\\\/hr\"},{\"@type\":\"ListItem\",\"position\":2,\"name\":\"Investitori\"}]},{\"@type\":\"WebSite\",\"@id\":\"https:\\\/\\\/spacva.eu\\\/hr#website\",\"url\":\"https:\\\/\\\/spacva.eu\\\/hr\",\"name\":\"Spa\u010dva\",\"description\":\"Stvaramo s ljubavlju\",\"publisher\":{\"@id\":\"https:\\\/\\\/spacva.eu\\\/hr#organization\"},\"potentialAction\":[{\"@type\":\"SearchAction\",\"target\":{\"@type\":\"EntryPoint\",\"urlTemplate\":\"https:\\\/\\\/spacva.eu\\\/hr?s={search_term_string}\"},\"query-input\":{\"@type\":\"PropertyValueSpecification\",\"valueRequired\":true,\"valueName\":\"search_term_string\"}}],\"inLanguage\":\"hr-HR\"},{\"@type\":\"Organization\",\"@id\":\"https:\\\/\\\/spacva.eu\\\/hr#organization\",\"name\":\"Spa\u010dva d.d.\",\"url\":\"https:\\\/\\\/spacva.eu\\\/hr\",\"logo\":{\"@type\":\"ImageObject\",\"inLanguage\":\"hr-HR\",\"@id\":\"https:\\\/\\\/spacva.eu\\\/hr#\\\/schema\\\/logo\\\/image\\\/\",\"url\":\"https:\\\/\\\/spacva.eu\\\/wp-content\\\/uploads\\\/2018\\\/06\\\/logo.png\",\"contentUrl\":\"https:\\\/\\\/spacva.eu\\\/wp-content\\\/uploads\\\/2018\\\/06\\\/logo.png\",\"width\":100,\"height\":124,\"caption\":\"Spa\u010dva d.d.\"},\"image\":{\"@id\":\"https:\\\/\\\/spacva.eu\\\/hr#\\\/schema\\\/logo\\\/image\\\/\"},\"sameAs\":[\"https:\\\/\\\/web.facebook.com\\\/Spacva\\\/\"]}]}<\/script>\n<!-- \/ Yoast SEO plugin. -->","yoast_head_json":{"title":"Ukratko o vlasni\u010dkoj strukturi Drvne industrije Spa\u010dva","description":"Financijska izvje\u0161\u0107a, dioni\u010dari, \u010dlanovi uprave.","robots":{"index":"index","follow":"follow","max-snippet":"max-snippet:-1","max-image-preview":"max-image-preview:large","max-video-preview":"max-video-preview:-1"},"canonical":"https:\/\/spacva.eu\/hr\/organisation","og_locale":"hr_HR","og_type":"article","og_title":"Spa\u010dva Slavonian Oak Wood Flooring - About Us","og_description":"Pro\u010ditajte o Hrvatskoj tvrtci s desetlje\u0107ima tradicije, kvalitetnog marljivog rada i ljubavi prema svom poslu na podovima od masivnog drva i parketa.","og_url":"https:\/\/spacva.eu\/hr\/organisation","og_site_name":"Spa\u010dva","article_publisher":"https:\/\/web.facebook.com\/Spacva\/","article_modified_time":"2025-03-28T12:55:59+00:00","og_image":[{"width":1200,"height":630,"url":"https:\/\/spacva.eu\/wp-content\/uploads\/2018\/12\/Spacva-fb-share.jpg","type":"image\/jpeg"}],"twitter_card":"summary_large_image","twitter_title":"Spa\u010dva Slavonian Oak Wood Flooring - About Us","twitter_description":"Pro\u010ditajte o Hrvatskoj tvrtci s desetlje\u0107ima tradicije, kvalitetnog marljivog rada i ljubavi prema svom poslu na podovima od masivnog drva i parketa.","schema":{"@context":"https:\/\/schema.org","@graph":[{"@type":"WebPage","@id":"https:\/\/spacva.eu\/hr\/organisation","url":"https:\/\/spacva.eu\/hr\/organisation","name":"Ukratko o vlasni\u010dkoj strukturi Drvne industrije Spa\u010dva","isPartOf":{"@id":"https:\/\/spacva.eu\/hr#website"},"datePublished":"2018-07-10T14:14:50+00:00","dateModified":"2025-03-28T12:55:59+00:00","description":"Financijska izvje\u0161\u0107a, dioni\u010dari, \u010dlanovi uprave.","breadcrumb":{"@id":"https:\/\/spacva.eu\/hr\/organisation#breadcrumb"},"inLanguage":"hr-HR","potentialAction":[{"@type":"ReadAction","target":["https:\/\/spacva.eu\/hr\/organisation"]}]},{"@type":"BreadcrumbList","@id":"https:\/\/spacva.eu\/hr\/organisation#breadcrumb","itemListElement":[{"@type":"ListItem","position":1,"name":"","item":"https:\/\/spacva.eu\/hr"},{"@type":"ListItem","position":2,"name":"Investitori"}]},{"@type":"WebSite","@id":"https:\/\/spacva.eu\/hr#website","url":"https:\/\/spacva.eu\/hr","name":"Spa\u010dva","description":"Stvaramo s ljubavlju","publisher":{"@id":"https:\/\/spacva.eu\/hr#organization"},"potentialAction":[{"@type":"SearchAction","target":{"@type":"EntryPoint","urlTemplate":"https:\/\/spacva.eu\/hr?s={search_term_string}"},"query-input":{"@type":"PropertyValueSpecification","valueRequired":true,"valueName":"search_term_string"}}],"inLanguage":"hr-HR"},{"@type":"Organization","@id":"https:\/\/spacva.eu\/hr#organization","name":"Spa\u010dva d.d.","url":"https:\/\/spacva.eu\/hr","logo":{"@type":"ImageObject","inLanguage":"hr-HR","@id":"https:\/\/spacva.eu\/hr#\/schema\/logo\/image\/","url":"https:\/\/spacva.eu\/wp-content\/uploads\/2018\/06\/logo.png","contentUrl":"https:\/\/spacva.eu\/wp-content\/uploads\/2018\/06\/logo.png","width":100,"height":124,"caption":"Spa\u010dva d.d."},"image":{"@id":"https:\/\/spacva.eu\/hr#\/schema\/logo\/image\/"},"sameAs":["https:\/\/web.facebook.com\/Spacva\/"]}]}},"_links":{"self":[{"href":"https:\/\/spacva.eu\/hr\/wp-json\/wp\/v2\/pages\/2110","targetHints":{"allow":["GET"]}}],"collection":[{"href":"https:\/\/spacva.eu\/hr\/wp-json\/wp\/v2\/pages"}],"about":[{"href":"https:\/\/spacva.eu\/hr\/wp-json\/wp\/v2\/types\/page"}],"author":[{"embeddable":true,"href":"https:\/\/spacva.eu\/hr\/wp-json\/wp\/v2\/users\/1"}],"replies":[{"embeddable":true,"href":"https:\/\/spacva.eu\/hr\/wp-json\/wp\/v2\/comments?post=2110"}],"version-history":[{"count":35,"href":"https:\/\/spacva.eu\/hr\/wp-json\/wp\/v2\/pages\/2110\/revisions"}],"predecessor-version":[{"id":6295,"href":"https:\/\/spacva.eu\/hr\/wp-json\/wp\/v2\/pages\/2110\/revisions\/6295"}],"wp:attachment":[{"href":"https:\/\/spacva.eu\/hr\/wp-json\/wp\/v2\/media?parent=2110"}],"curies":[{"name":"wp","href":"https:\/\/api.w.org\/{rel}","templated":true}]}}