{"id":2112,"date":"2018-07-06T11:03:11","date_gmt":"2018-07-06T11:03:11","guid":{"rendered":"https:\/\/spacva.eu\/faq\/"},"modified":"2021-02-16T08:22:51","modified_gmt":"2021-02-16T07:22:51","slug":"faq","status":"publish","type":"page","link":"https:\/\/spacva.eu\/hr\/faq","title":{"rendered":"FAQ"},"content":{"rendered":"","protected":false},"excerpt":{"rendered":"","protected":false},"author":1,"featured_media":0,"parent":0,"menu_order":0,"comment_status":"closed","ping_status":"closed","template":"template-faq.php","meta":{"_acf_changed":false,"footnotes":""},"class_list":["post-2112","page","type-page","status-publish","hentry"],"acf":[],"yoast_head":"<!-- This site is optimized with the Yoast SEO plugin v27.3 - https:\/\/yoast.com\/product\/yoast-seo-wordpress\/ -->\n<title>Imate pitanje, mo\u017eda smo ve\u0107 odgovorili na njega<\/title>\n<meta name=\"description\" content=\"Prona\u0111ite odgovore na \u010desto postavljena pitanja. Ako trebate vi\u0161e informacija, slobodno nam se javite. Ono \u0161to Vas zanima, mo\u017eda zanima i druge.\" \/>\n<meta name=\"robots\" content=\"index, follow, max-snippet:-1, max-image-preview:large, max-video-preview:-1\" \/>\n<link rel=\"canonical\" href=\"https:\/\/spacva.eu\/hr\/faq\" \/>\n<meta property=\"og:locale\" content=\"hr_HR\" \/>\n<meta property=\"og:type\" content=\"article\" \/>\n<meta property=\"og:title\" content=\"Spa\u010dva Solid Wood Flooring - Frequently Asked Questions\" \/>\n<meta property=\"og:description\" content=\"Find out answers to questions like &quot;Why is wood flooring healthier than other types of flooring?&quot; and learn more about solid wood flooring.\" \/>\n<meta property=\"og:url\" content=\"https:\/\/spacva.eu\/hr\/faq\" \/>\n<meta property=\"og:site_name\" content=\"Spa\u010dva\" \/>\n<meta property=\"article:publisher\" content=\"https:\/\/web.facebook.com\/Spacva\/\" \/>\n<meta property=\"article:modified_time\" content=\"2021-02-16T07:22:51+00:00\" \/>\n<meta property=\"og:image\" content=\"https:\/\/spacva.eu\/wp-content\/uploads\/2018\/12\/Spacva-fb-share.jpg\" \/>\n\t<meta property=\"og:image:width\" content=\"1200\" \/>\n\t<meta property=\"og:image:height\" content=\"630\" \/>\n\t<meta property=\"og:image:type\" content=\"image\/jpeg\" \/>\n<meta name=\"twitter:card\" content=\"summary_large_image\" \/>\n<meta name=\"twitter:title\" content=\"Spa\u010dva Solid Wood Flooring - Frequently Asked Questions\" \/>\n<meta name=\"twitter:description\" content=\"Find out answers to questions like &quot;Why is wood flooring healthier than other types of flooring?&quot; and learn more about solid wood flooring.\" \/>\n<script type=\"application\/ld+json\" class=\"yoast-schema-graph\">{\"@context\":\"https:\\\/\\\/schema.org\",\"@graph\":[{\"@type\":\"WebPage\",\"@id\":\"https:\\\/\\\/spacva.eu\\\/hr\\\/faq\",\"url\":\"https:\\\/\\\/spacva.eu\\\/hr\\\/faq\",\"name\":\"Imate pitanje, mo\u017eda smo ve\u0107 odgovorili na njega\",\"isPartOf\":{\"@id\":\"https:\\\/\\\/spacva.eu\\\/hr#website\"},\"datePublished\":\"2018-07-06T11:03:11+00:00\",\"dateModified\":\"2021-02-16T07:22:51+00:00\",\"description\":\"Prona\u0111ite odgovore na \u010desto postavljena pitanja. Ako trebate vi\u0161e informacija, slobodno nam se javite. Ono \u0161to Vas zanima, mo\u017eda zanima i druge.\",\"breadcrumb\":{\"@id\":\"https:\\\/\\\/spacva.eu\\\/hr\\\/faq#breadcrumb\"},\"inLanguage\":\"hr-HR\",\"potentialAction\":[{\"@type\":\"ReadAction\",\"target\":[\"https:\\\/\\\/spacva.eu\\\/hr\\\/faq\"]}]},{\"@type\":\"BreadcrumbList\",\"@id\":\"https:\\\/\\\/spacva.eu\\\/hr\\\/faq#breadcrumb\",\"itemListElement\":[{\"@type\":\"ListItem\",\"position\":1,\"name\":\"\",\"item\":\"https:\\\/\\\/spacva.eu\\\/hr\"},{\"@type\":\"ListItem\",\"position\":2,\"name\":\"FAQ\"}]},{\"@type\":\"WebSite\",\"@id\":\"https:\\\/\\\/spacva.eu\\\/hr#website\",\"url\":\"https:\\\/\\\/spacva.eu\\\/hr\",\"name\":\"Spa\u010dva\",\"description\":\"Stvaramo s ljubavlju\",\"publisher\":{\"@id\":\"https:\\\/\\\/spacva.eu\\\/hr#organization\"},\"potentialAction\":[{\"@type\":\"SearchAction\",\"target\":{\"@type\":\"EntryPoint\",\"urlTemplate\":\"https:\\\/\\\/spacva.eu\\\/hr?s={search_term_string}\"},\"query-input\":{\"@type\":\"PropertyValueSpecification\",\"valueRequired\":true,\"valueName\":\"search_term_string\"}}],\"inLanguage\":\"hr-HR\"},{\"@type\":\"Organization\",\"@id\":\"https:\\\/\\\/spacva.eu\\\/hr#organization\",\"name\":\"Spa\u010dva d.d.\",\"url\":\"https:\\\/\\\/spacva.eu\\\/hr\",\"logo\":{\"@type\":\"ImageObject\",\"inLanguage\":\"hr-HR\",\"@id\":\"https:\\\/\\\/spacva.eu\\\/hr#\\\/schema\\\/logo\\\/image\\\/\",\"url\":\"https:\\\/\\\/spacva.eu\\\/wp-content\\\/uploads\\\/2018\\\/06\\\/logo.png\",\"contentUrl\":\"https:\\\/\\\/spacva.eu\\\/wp-content\\\/uploads\\\/2018\\\/06\\\/logo.png\",\"width\":100,\"height\":124,\"caption\":\"Spa\u010dva d.d.\"},\"image\":{\"@id\":\"https:\\\/\\\/spacva.eu\\\/hr#\\\/schema\\\/logo\\\/image\\\/\"},\"sameAs\":[\"https:\\\/\\\/web.facebook.com\\\/Spacva\\\/\"]}]}<\/script>\n<!-- \/ Yoast SEO plugin. -->","yoast_head_json":{"title":"Imate pitanje, mo\u017eda smo ve\u0107 odgovorili na njega","description":"Prona\u0111ite odgovore na \u010desto postavljena pitanja. Ako trebate vi\u0161e informacija, slobodno nam se javite. Ono \u0161to Vas zanima, mo\u017eda zanima i druge.","robots":{"index":"index","follow":"follow","max-snippet":"max-snippet:-1","max-image-preview":"max-image-preview:large","max-video-preview":"max-video-preview:-1"},"canonical":"https:\/\/spacva.eu\/hr\/faq","og_locale":"hr_HR","og_type":"article","og_title":"Spa\u010dva Solid Wood Flooring - Frequently Asked Questions","og_description":"Find out answers to questions like \"Why is wood flooring healthier than other types of flooring?\" and learn more about solid wood flooring.","og_url":"https:\/\/spacva.eu\/hr\/faq","og_site_name":"Spa\u010dva","article_publisher":"https:\/\/web.facebook.com\/Spacva\/","article_modified_time":"2021-02-16T07:22:51+00:00","og_image":[{"width":1200,"height":630,"url":"https:\/\/spacva.eu\/wp-content\/uploads\/2018\/12\/Spacva-fb-share.jpg","type":"image\/jpeg"}],"twitter_card":"summary_large_image","twitter_title":"Spa\u010dva Solid Wood Flooring - Frequently Asked Questions","twitter_description":"Find out answers to questions like \"Why is wood flooring healthier than other types of flooring?\" and learn more about solid wood flooring.","schema":{"@context":"https:\/\/schema.org","@graph":[{"@type":"WebPage","@id":"https:\/\/spacva.eu\/hr\/faq","url":"https:\/\/spacva.eu\/hr\/faq","name":"Imate pitanje, mo\u017eda smo ve\u0107 odgovorili na njega","isPartOf":{"@id":"https:\/\/spacva.eu\/hr#website"},"datePublished":"2018-07-06T11:03:11+00:00","dateModified":"2021-02-16T07:22:51+00:00","description":"Prona\u0111ite odgovore na \u010desto postavljena pitanja. Ako trebate vi\u0161e informacija, slobodno nam se javite. Ono \u0161to Vas zanima, mo\u017eda zanima i druge.","breadcrumb":{"@id":"https:\/\/spacva.eu\/hr\/faq#breadcrumb"},"inLanguage":"hr-HR","potentialAction":[{"@type":"ReadAction","target":["https:\/\/spacva.eu\/hr\/faq"]}]},{"@type":"BreadcrumbList","@id":"https:\/\/spacva.eu\/hr\/faq#breadcrumb","itemListElement":[{"@type":"ListItem","position":1,"name":"","item":"https:\/\/spacva.eu\/hr"},{"@type":"ListItem","position":2,"name":"FAQ"}]},{"@type":"WebSite","@id":"https:\/\/spacva.eu\/hr#website","url":"https:\/\/spacva.eu\/hr","name":"Spa\u010dva","description":"Stvaramo s ljubavlju","publisher":{"@id":"https:\/\/spacva.eu\/hr#organization"},"potentialAction":[{"@type":"SearchAction","target":{"@type":"EntryPoint","urlTemplate":"https:\/\/spacva.eu\/hr?s={search_term_string}"},"query-input":{"@type":"PropertyValueSpecification","valueRequired":true,"valueName":"search_term_string"}}],"inLanguage":"hr-HR"},{"@type":"Organization","@id":"https:\/\/spacva.eu\/hr#organization","name":"Spa\u010dva d.d.","url":"https:\/\/spacva.eu\/hr","logo":{"@type":"ImageObject","inLanguage":"hr-HR","@id":"https:\/\/spacva.eu\/hr#\/schema\/logo\/image\/","url":"https:\/\/spacva.eu\/wp-content\/uploads\/2018\/06\/logo.png","contentUrl":"https:\/\/spacva.eu\/wp-content\/uploads\/2018\/06\/logo.png","width":100,"height":124,"caption":"Spa\u010dva d.d."},"image":{"@id":"https:\/\/spacva.eu\/hr#\/schema\/logo\/image\/"},"sameAs":["https:\/\/web.facebook.com\/Spacva\/"]}]}},"_links":{"self":[{"href":"https:\/\/spacva.eu\/hr\/wp-json\/wp\/v2\/pages\/2112","targetHints":{"allow":["GET"]}}],"collection":[{"href":"https:\/\/spacva.eu\/hr\/wp-json\/wp\/v2\/pages"}],"about":[{"href":"https:\/\/spacva.eu\/hr\/wp-json\/wp\/v2\/types\/page"}],"author":[{"embeddable":true,"href":"https:\/\/spacva.eu\/hr\/wp-json\/wp\/v2\/users\/1"}],"replies":[{"embeddable":true,"href":"https:\/\/spacva.eu\/hr\/wp-json\/wp\/v2\/comments?post=2112"}],"version-history":[{"count":2,"href":"https:\/\/spacva.eu\/hr\/wp-json\/wp\/v2\/pages\/2112\/revisions"}],"predecessor-version":[{"id":2831,"href":"https:\/\/spacva.eu\/hr\/wp-json\/wp\/v2\/pages\/2112\/revisions\/2831"}],"wp:attachment":[{"href":"https:\/\/spacva.eu\/hr\/wp-json\/wp\/v2\/media?parent=2112"}],"curies":[{"name":"wp","href":"https:\/\/api.w.org\/{rel}","templated":true}]}}