{"id":3093,"date":"2018-11-28T11:56:40","date_gmt":"2018-11-28T11:56:40","guid":{"rendered":"https:\/\/spacva.eu\/?page_id=3093"},"modified":"2025-02-03T12:29:50","modified_gmt":"2025-02-03T11:29:50","slug":"drustveno-odgovorno-poslovanje","status":"publish","type":"page","link":"https:\/\/spacva.eu\/hr\/drustveno-odgovorno-poslovanje","title":{"rendered":"Dru\u0161tveno odgovorno poslovanje"},"content":{"rendered":"<p class=\"p1\"><span class=\"s1\">SPA\u010cVA d.d. je prepoznala i u svoje poslovanje implementirala dru\u0161tveno odgovorno poslovanje (DOP) kao jedan od presudnih \u010dimbenika za odr\u017eivi razvoj kroz promicanje odgovorne prakse dobrog i transparentnog upravljanja, te promicanje interesa razli\u010ditih dionika na putu prema postizanju kvalitete i odr\u017eivog razvoja.<\/span><\/p>\n<p class=\"p1\"><span class=\"s1\">Ta poslovna praksa zasniva se na na\u010delu ujedna\u010denog vo\u0111enja ra\u010duna o svom ekonomskom, dru\u0161tvenom i okoli\u0161nom utjecaju te u ulaganju u ljudske potencijale.<\/span><\/p>\n<p class=\"p1\"><span class=\"s1\">Odnosi s partnerima, dobavlja\u010dima i potro\u0161a\u010dima grade se dugi niz godina i to<span class=\"Apple-converted-space\">\u00a0 <\/span>kvalitetnim proizvodom te me\u0111usobnim povjerenjem i fer odnosima. U svoje marketin\u0161ke komunikacije ugradili smo<span class=\"Apple-converted-space\">\u00a0 <\/span>praksu istinitosti pri ogla\u0161avanju na\u0161ih proizvoda.<\/span><\/p>\n<p class=\"p1\"><span class=\"s1\"> Ljudski potencijali promatraju se kao zaposlenici koji su dragocjeni za tvrtku pa smo orijentirani na rast i razvijanje potencijala i vje\u0161tina pojedinaca. Ulaganje u potencijale je isplativije od ulaganja u bilo koje druge resurse. U tom duhu SPA\u010cVA d.d. provodi razne interne edukacije za radnike, te\u010dajeve stranih jezika, razna osposobljavanja radnika za rad u preradi i obradi drva.<\/span><\/p>\n<p class=\"p1\"><span class=\"s1\">Primjerice, svi u\u010denici Drvodjelsko tehni\u010dke \u0161kole koji<span class=\"Apple-converted-space\">\u00a0 <\/span>poha\u0111aju praksu u SPA\u010cVA d.d. i isti\u010du se trudom i zalaganjem, nakon zavr\u0161etka \u0161kolovanja budu primljeni u radni odnos u tvrtku. Od pro\u0161le godine SPA\u010cVA d.d. dodijelila je stipendiju studentici \u0160umarskog fakulteta s ciljem zasnivanja radnog odnosa nakon zavr\u0161etka studija.<\/span><\/p>\n<p class=\"p1\"><span class=\"s1\">Praksa sklapanja ugovora na neodre\u0111eno vrijeme sa svim radnicima traje du\u017ei vremenski period, \u010dime je s jedne strane uspostavljena formalna jednakost svih radnika glede njihovog radnog statusa, a s druge strane takva praksa doprinosi razvijanju osje\u0107aja sigurnosti i stabilnosti te omogu\u0107uje radnicima fokusiranje isklju\u010divo na njihove radne zadatke i obveze.<\/span><\/p>\n<p class=\"p1\"><span class=\"s1\">Potaknuti nastojanjem za jo\u0161 \u010dvr\u0161\u0107im povezivanjem akademske i poslovne zajednice, nastavlja se dugogodi\u0161nja praksa suradnje sa Ekonomskim fakultetom i Hrvatskom udrugom poslodavaca i omogu\u0107uje se obavljanje prakse studentima Ekonomskog fakulteta u Osijeku.<\/span><\/p>\n<p class=\"p1\"><span class=\"s1\">Obavje\u0161tavanje radnika, osim putem oglasnih plo\u010da tvrtke o svim bitnim doga\u0111anjima u tvrtki i va\u017enim informacijama, provodi se i putem facebook stranice E-Novosti SPA\u010cVA d.d.<\/span><\/p>\n<p class=\"p1\"><span class=\"s1\">Tako\u0111er, radi pobolj\u0161anja komunikacije tvrtka<span class=\"Apple-converted-space\">\u00a0 <\/span>je izradila i postavila u svaki pogon \u201esandu\u010di\u0107e za male ideje\u201c u koje svaki radnik mo\u017ee ubaciti svoje pohvale, primjedbe i kritike.<\/span><\/p>\n<p class=\"p1\"><span class=\"s1\">Nadalje, u cilju pobolj\u0161avanja pona\u0161anja i rezultata rada radnika i unaprje\u0111ivanja interne komunikacije tvrtka je uvela proces upravljanja radnim u\u010dinkom, koji \u0107e u kona\u010dnici donijeti dobrobit kako poslodavcu, tako i radnicima. Radnici<span class=\"Apple-converted-space\">\u00a0 <\/span>kroz spomenuti proces jasnije vide va\u017enost svog radnog mjesta u tvrtki, to\u010dno znaju koji su njihovi radni ciljevi i u kojoj mjeri su oni postignuti te imaju pravovremenu informaciju \u0161to treba u\u010diniti da bi rezultati bili jo\u0161 bolji, \u010dime je osigurana i bolja dvosmjerna komunikacija radnika i neposrednog rukovoditelja.<\/span><\/p>\n<p class=\"p1\"><span class=\"s1\">SPA\u010cVA d.d. svake godine organizira prigodno dru\u017eenje i<span class=\"Apple-converted-space\">\u00a0 <\/span>ru\u010dak za sve radnike tvrtke.<\/span><\/p>\n<p class=\"p1\"><span class=\"s1\">U sferi za\u0161tite okoli\u0161a, SPA\u010cVA d.d. djeluje u vi\u0161e podru\u010dja. Provode se tehni\u010dke mjere za smanjenje utjecaja na okoli\u0161, sustavno se prati utjecaj na\u0161e tvrtke na okoli\u0161 mjerenjem emisija iz stacionarnih izvora te se provodi<span class=\"Apple-converted-space\">\u00a0 <\/span>mjerenje kvalitete zraka. Investira se u strojeve i opremu za u\u0161tedu energije u pogledu poduzimanja mjera za smanjenje potro\u0161nje energije. Glede mjera za smanjenje koli\u010dine otpada, tvrtka vodi brigu o razvrstavanju otpada, kao i zbrinjavanju otpada kao mjere za smanjenje utjecaja na okoli\u0161. Provodi se, tako\u0111er, sustavno pra\u0107enje i kontrola voda. Ove godine investirano je u rekonstrukciju kanalizacijskog sustava, \u0161to \u0107e u kona\u010dnici dovesti do pobolj\u0161anja kvalitete otpadnih voda.<\/span><\/p>\n<p class=\"p1\"><span class=\"s1\">Iz svih gore navedenih razloga, na dru\u0161tveno odgovorno poslovanje ne gledamo kao na tro\u0161ak nego kao ulaganje u budu\u0107nost.<\/span><\/p>\n<p><strong>\u00a0<\/strong><\/p>\n","protected":false},"excerpt":{"rendered":"SPA\u010cVA d.d. je prepoznala i u svoje poslovanje implementirala dru\u0161tveno odgovorno poslovanje (DOP) kao jedan od presudnih \u010dimbenika za odr\u017eivi razvoj kroz promicanje odgovorne prakse dobrog i transparentnog upravljanja, te promicanje interesa razli\u010ditih dionika na putu prema postizanju kvalitete i odr\u017eivog razvoja. Ta poslovna praksa zasniva se na na\u010delu ujedna\u010denog vo\u0111enja ra\u010duna o svom ekonomskom,&#8230; <a class=\"view-article\" href=\"https:\/\/spacva.eu\/hr\/drustveno-odgovorno-poslovanje\">Pogledaj proizvod<\/a>","protected":false},"author":1,"featured_media":0,"parent":0,"menu_order":0,"comment_status":"closed","ping_status":"closed","template":"template-blank.php","meta":{"_acf_changed":false,"footnotes":""},"class_list":["post-3093","page","type-page","status-publish","hentry"],"acf":[],"yoast_head":"<!-- This site is optimized with the Yoast SEO plugin v27.3 - https:\/\/yoast.com\/product\/yoast-seo-wordpress\/ -->\n<title>Dru\u0161tveno odgovorno poslovanje - Spa\u010dva<\/title>\n<meta name=\"robots\" content=\"index, follow, max-snippet:-1, max-image-preview:large, max-video-preview:-1\" \/>\n<link rel=\"canonical\" href=\"https:\/\/spacva.eu\/hr\/drustveno-odgovorno-poslovanje\" \/>\n<meta property=\"og:locale\" content=\"hr_HR\" \/>\n<meta property=\"og:type\" content=\"article\" \/>\n<meta property=\"og:title\" content=\"Dru\u0161tveno odgovorno poslovanje - Spa\u010dva\" \/>\n<meta property=\"og:description\" content=\"SPA\u010cVA d.d. je prepoznala i u svoje poslovanje implementirala dru\u0161tveno odgovorno poslovanje (DOP) kao jedan od presudnih \u010dimbenika za odr\u017eivi razvoj kroz promicanje odgovorne prakse dobrog i transparentnog upravljanja, te promicanje interesa razli\u010ditih dionika na putu prema postizanju kvalitete i odr\u017eivog razvoja. Ta poslovna praksa zasniva se na na\u010delu ujedna\u010denog vo\u0111enja ra\u010duna o svom ekonomskom,... Pogledaj proizvod\" \/>\n<meta property=\"og:url\" content=\"https:\/\/spacva.eu\/hr\/drustveno-odgovorno-poslovanje\" \/>\n<meta property=\"og:site_name\" content=\"Spa\u010dva\" \/>\n<meta property=\"article:publisher\" content=\"https:\/\/web.facebook.com\/Spacva\/\" \/>\n<meta property=\"article:modified_time\" content=\"2025-02-03T11:29:50+00:00\" \/>\n<meta property=\"og:image\" content=\"https:\/\/spacva.eu\/wp-content\/uploads\/2018\/12\/Spacva-fb-share.jpg\" \/>\n\t<meta property=\"og:image:width\" content=\"1200\" \/>\n\t<meta property=\"og:image:height\" content=\"630\" \/>\n\t<meta property=\"og:image:type\" content=\"image\/jpeg\" \/>\n<meta name=\"twitter:card\" content=\"summary_large_image\" \/>\n<meta name=\"twitter:label1\" content=\"Est. reading time\" \/>\n\t<meta name=\"twitter:data1\" content=\"3 minutes\" \/>\n<script type=\"application\/ld+json\" class=\"yoast-schema-graph\">{\"@context\":\"https:\\\/\\\/schema.org\",\"@graph\":[{\"@type\":\"WebPage\",\"@id\":\"https:\\\/\\\/spacva.eu\\\/hr\\\/drustveno-odgovorno-poslovanje\",\"url\":\"https:\\\/\\\/spacva.eu\\\/hr\\\/drustveno-odgovorno-poslovanje\",\"name\":\"Dru\u0161tveno odgovorno poslovanje - Spa\u010dva\",\"isPartOf\":{\"@id\":\"https:\\\/\\\/spacva.eu\\\/hr#website\"},\"datePublished\":\"2018-11-28T11:56:40+00:00\",\"dateModified\":\"2025-02-03T11:29:50+00:00\",\"breadcrumb\":{\"@id\":\"https:\\\/\\\/spacva.eu\\\/hr\\\/drustveno-odgovorno-poslovanje#breadcrumb\"},\"inLanguage\":\"hr-HR\",\"potentialAction\":[{\"@type\":\"ReadAction\",\"target\":[\"https:\\\/\\\/spacva.eu\\\/hr\\\/drustveno-odgovorno-poslovanje\"]}]},{\"@type\":\"BreadcrumbList\",\"@id\":\"https:\\\/\\\/spacva.eu\\\/hr\\\/drustveno-odgovorno-poslovanje#breadcrumb\",\"itemListElement\":[{\"@type\":\"ListItem\",\"position\":1,\"name\":\"\",\"item\":\"https:\\\/\\\/spacva.eu\\\/hr\"},{\"@type\":\"ListItem\",\"position\":2,\"name\":\"Dru\u0161tveno odgovorno poslovanje\"}]},{\"@type\":\"WebSite\",\"@id\":\"https:\\\/\\\/spacva.eu\\\/hr#website\",\"url\":\"https:\\\/\\\/spacva.eu\\\/hr\",\"name\":\"Spa\u010dva\",\"description\":\"Stvaramo s ljubavlju\",\"publisher\":{\"@id\":\"https:\\\/\\\/spacva.eu\\\/hr#organization\"},\"potentialAction\":[{\"@type\":\"SearchAction\",\"target\":{\"@type\":\"EntryPoint\",\"urlTemplate\":\"https:\\\/\\\/spacva.eu\\\/hr?s={search_term_string}\"},\"query-input\":{\"@type\":\"PropertyValueSpecification\",\"valueRequired\":true,\"valueName\":\"search_term_string\"}}],\"inLanguage\":\"hr-HR\"},{\"@type\":\"Organization\",\"@id\":\"https:\\\/\\\/spacva.eu\\\/hr#organization\",\"name\":\"Spa\u010dva d.d.\",\"url\":\"https:\\\/\\\/spacva.eu\\\/hr\",\"logo\":{\"@type\":\"ImageObject\",\"inLanguage\":\"hr-HR\",\"@id\":\"https:\\\/\\\/spacva.eu\\\/hr#\\\/schema\\\/logo\\\/image\\\/\",\"url\":\"https:\\\/\\\/spacva.eu\\\/wp-content\\\/uploads\\\/2018\\\/06\\\/logo.png\",\"contentUrl\":\"https:\\\/\\\/spacva.eu\\\/wp-content\\\/uploads\\\/2018\\\/06\\\/logo.png\",\"width\":100,\"height\":124,\"caption\":\"Spa\u010dva d.d.\"},\"image\":{\"@id\":\"https:\\\/\\\/spacva.eu\\\/hr#\\\/schema\\\/logo\\\/image\\\/\"},\"sameAs\":[\"https:\\\/\\\/web.facebook.com\\\/Spacva\\\/\"]}]}<\/script>\n<!-- \/ Yoast SEO plugin. -->","yoast_head_json":{"title":"Dru\u0161tveno odgovorno poslovanje - Spa\u010dva","robots":{"index":"index","follow":"follow","max-snippet":"max-snippet:-1","max-image-preview":"max-image-preview:large","max-video-preview":"max-video-preview:-1"},"canonical":"https:\/\/spacva.eu\/hr\/drustveno-odgovorno-poslovanje","og_locale":"hr_HR","og_type":"article","og_title":"Dru\u0161tveno odgovorno poslovanje - Spa\u010dva","og_description":"SPA\u010cVA d.d. je prepoznala i u svoje poslovanje implementirala dru\u0161tveno odgovorno poslovanje (DOP) kao jedan od presudnih \u010dimbenika za odr\u017eivi razvoj kroz promicanje odgovorne prakse dobrog i transparentnog upravljanja, te promicanje interesa razli\u010ditih dionika na putu prema postizanju kvalitete i odr\u017eivog razvoja. Ta poslovna praksa zasniva se na na\u010delu ujedna\u010denog vo\u0111enja ra\u010duna o svom ekonomskom,... Pogledaj proizvod","og_url":"https:\/\/spacva.eu\/hr\/drustveno-odgovorno-poslovanje","og_site_name":"Spa\u010dva","article_publisher":"https:\/\/web.facebook.com\/Spacva\/","article_modified_time":"2025-02-03T11:29:50+00:00","og_image":[{"width":1200,"height":630,"url":"https:\/\/spacva.eu\/wp-content\/uploads\/2018\/12\/Spacva-fb-share.jpg","type":"image\/jpeg"}],"twitter_card":"summary_large_image","twitter_misc":{"Est. reading time":"3 minutes"},"schema":{"@context":"https:\/\/schema.org","@graph":[{"@type":"WebPage","@id":"https:\/\/spacva.eu\/hr\/drustveno-odgovorno-poslovanje","url":"https:\/\/spacva.eu\/hr\/drustveno-odgovorno-poslovanje","name":"Dru\u0161tveno odgovorno poslovanje - Spa\u010dva","isPartOf":{"@id":"https:\/\/spacva.eu\/hr#website"},"datePublished":"2018-11-28T11:56:40+00:00","dateModified":"2025-02-03T11:29:50+00:00","breadcrumb":{"@id":"https:\/\/spacva.eu\/hr\/drustveno-odgovorno-poslovanje#breadcrumb"},"inLanguage":"hr-HR","potentialAction":[{"@type":"ReadAction","target":["https:\/\/spacva.eu\/hr\/drustveno-odgovorno-poslovanje"]}]},{"@type":"BreadcrumbList","@id":"https:\/\/spacva.eu\/hr\/drustveno-odgovorno-poslovanje#breadcrumb","itemListElement":[{"@type":"ListItem","position":1,"name":"","item":"https:\/\/spacva.eu\/hr"},{"@type":"ListItem","position":2,"name":"Dru\u0161tveno odgovorno poslovanje"}]},{"@type":"WebSite","@id":"https:\/\/spacva.eu\/hr#website","url":"https:\/\/spacva.eu\/hr","name":"Spa\u010dva","description":"Stvaramo s ljubavlju","publisher":{"@id":"https:\/\/spacva.eu\/hr#organization"},"potentialAction":[{"@type":"SearchAction","target":{"@type":"EntryPoint","urlTemplate":"https:\/\/spacva.eu\/hr?s={search_term_string}"},"query-input":{"@type":"PropertyValueSpecification","valueRequired":true,"valueName":"search_term_string"}}],"inLanguage":"hr-HR"},{"@type":"Organization","@id":"https:\/\/spacva.eu\/hr#organization","name":"Spa\u010dva d.d.","url":"https:\/\/spacva.eu\/hr","logo":{"@type":"ImageObject","inLanguage":"hr-HR","@id":"https:\/\/spacva.eu\/hr#\/schema\/logo\/image\/","url":"https:\/\/spacva.eu\/wp-content\/uploads\/2018\/06\/logo.png","contentUrl":"https:\/\/spacva.eu\/wp-content\/uploads\/2018\/06\/logo.png","width":100,"height":124,"caption":"Spa\u010dva d.d."},"image":{"@id":"https:\/\/spacva.eu\/hr#\/schema\/logo\/image\/"},"sameAs":["https:\/\/web.facebook.com\/Spacva\/"]}]}},"_links":{"self":[{"href":"https:\/\/spacva.eu\/hr\/wp-json\/wp\/v2\/pages\/3093","targetHints":{"allow":["GET"]}}],"collection":[{"href":"https:\/\/spacva.eu\/hr\/wp-json\/wp\/v2\/pages"}],"about":[{"href":"https:\/\/spacva.eu\/hr\/wp-json\/wp\/v2\/types\/page"}],"author":[{"embeddable":true,"href":"https:\/\/spacva.eu\/hr\/wp-json\/wp\/v2\/users\/1"}],"replies":[{"embeddable":true,"href":"https:\/\/spacva.eu\/hr\/wp-json\/wp\/v2\/comments?post=3093"}],"version-history":[{"count":3,"href":"https:\/\/spacva.eu\/hr\/wp-json\/wp\/v2\/pages\/3093\/revisions"}],"predecessor-version":[{"id":6244,"href":"https:\/\/spacva.eu\/hr\/wp-json\/wp\/v2\/pages\/3093\/revisions\/6244"}],"wp:attachment":[{"href":"https:\/\/spacva.eu\/hr\/wp-json\/wp\/v2\/media?parent=3093"}],"curies":[{"name":"wp","href":"https:\/\/api.w.org\/{rel}","templated":true}]}}