{"id":3125,"date":"2018-11-28T12:03:38","date_gmt":"2018-11-28T12:03:38","guid":{"rendered":"https:\/\/spacva.eu\/eu-projekt-spacva"},"modified":"2022-01-25T11:42:10","modified_gmt":"2022-01-25T10:42:10","slug":"eu-projekt-spacva","status":"publish","type":"page","link":"https:\/\/spacva.eu\/hr\/eu-projekt-spacva","title":{"rendered":"EU projekt Spa\u010dva d.d."},"content":{"rendered":"<h3 class=\"p1\"><span class=\"s1\">Opis projekta <\/span><\/h3>\n<p class=\"p1\"><span class=\"s1\">Kroz projekt \u017eelimo pove\u0107ati istra\u017eiva\u010dke aktivnosti tvrtke Spa\u010dva d.d. s ciljem razvoja inovativnog i tehnolo\u0161ki zna\u010dajno pobolj\u0161anog proizvoda, inovativnih hrastovih vrata, zna\u010dajno pobolj\u0161ane funkcionalnosti. Projekt se provodi u suradnji sa \u0160umarskim fakultetom u Zagrebu i Fakultetom elektrotehnike, ra\u010dunarstva i informacijskih tehnologija u Osijeku.<\/span><\/p>\n<h3 class=\"p1\"><span class=\"s1\">Ciljevi i rezultati<\/span><\/h3>\n<p class=\"p1\"><span class=\"s1\">Op\u0107i cilj projekta je doprinos tvrtke Spa\u010dva d.d. pove\u0107anju konkurentnosti i ja\u010danju tr\u017ei\u0161ne pozicije doma\u0107eg poduzetni\u0161tva razvojem novih izna\u010dajno pobolj\u0161anih proizvoda kroz pove\u0107anje ulaganja u istra\u017eivanje, razvoj i inovacije. <\/span><\/p>\n<p class=\"p1\"><span class=\"s1\">Specifi\u010dni ciljevi projekta: pove\u0107anje istra\u017eiva\u010dkih aktivnosti tvrtke Spa\u010dva d.d. s ciljem razvoja inovativnog i tehnolo\u0161ki zna\u010dajno pobolj\u0161anog proizvoda \u2013 inovativnih hrastovih vrata zna\u010dajno pobolj\u0161ane funkcionalnosti, pove\u0107anje konkurentnosti i ja\u010danje tr\u017ei\u0161ne pozicije tvrtke Spa\u010dva d.d. pove\u0107anje broja novozaposlenih u poduze\u0107u Spa\u010dva d.d. te posljedi\u010dno doprinos lokalnoj zajednici u nastojanjima za smanjenjem nezaposlenosti.<br \/>\n<\/span><\/p>\n<h3 class=\"p1\"><span class=\"s1\">Ukupna vrijednost projekta i iznos koji se sufinancira:<\/span><\/h3>\n<p class=\"p1\"><span class=\"s1\">Ukupna vrijednost projekta 45.787.603,70 kn<\/span><\/p>\n<p class=\"p1\"><span class=\"s1\">Iznos bespovratnih sredstava 20.719.724,42 kn<\/span><\/p>\n<h3 class=\"p1\"><span class=\"s1\">Razdoblje provedbe<\/span><\/h3>\n<p class=\"p1\"><span class=\"s1\">Projekt se provodi 48 mjeseci, od 16.07.2018. do 16.07.2022-<\/span><\/p>\n<h3 class=\"p3\"><span class=\"s2\">Kontakt osoba<\/span><\/h3>\n<p class=\"p3\"><span class=\"s1\">An\u0111elko Dobro\u010dinac<br \/>\ne-mail: <a href=\"mailto:andjelko.dobrocinac@spacva.hr\"><span class=\"s3\">andjelko.dobrocinac@spacva.hr<\/span><\/a><\/span><\/p>\n<p>&nbsp;<\/p>\n<p>Za vi\u0161e informacija o Europskim strukturnim i investicijskim fondovima te operativnom programu posjetite:<\/p>\n<p>https:\/\/strukturnifondovi.hr\/<\/p>\n<blockquote class=\"wp-embedded-content\" data-secret=\"NPxIHUbQzx\"><p><a href=\"https:\/\/strukturnifondovi.hr\/eu-fondovi\/esi-fondovi-2014-2020\/op-konkurentnost-i-kohezija\/\">Operativni program konkurentnost i kohezija 2014.-2020.<\/a><\/p><\/blockquote>\n<p><iframe loading=\"lazy\" class=\"wp-embedded-content\" sandbox=\"allow-scripts\" security=\"restricted\" style=\"position: absolute; clip: rect(1px, 1px, 1px, 1px);\" title=\"&#8220;Operativni program konkurentnost i kohezija 2014.-2020.&#8221; &#8212; Europski strukturni i investicijski fondovi\" src=\"https:\/\/strukturnifondovi.hr\/eu-fondovi\/esi-fondovi-2014-2020\/op-konkurentnost-i-kohezija\/embed\/#?secret=NPxIHUbQzx\" data-secret=\"NPxIHUbQzx\" width=\"600\" height=\"338\" frameborder=\"0\" marginwidth=\"0\" marginheight=\"0\" scrolling=\"no\"><\/iframe><\/p>\n<p>&nbsp;<\/p>\n","protected":false},"excerpt":{"rendered":"Opis projekta Kroz projekt \u017eelimo pove\u0107ati istra\u017eiva\u010dke aktivnosti tvrtke Spa\u010dva d.d. s ciljem razvoja inovativnog i tehnolo\u0161ki zna\u010dajno pobolj\u0161anog proizvoda, inovativnih hrastovih vrata, zna\u010dajno pobolj\u0161ane funkcionalnosti. Projekt se provodi u suradnji sa \u0160umarskim fakultetom u Zagrebu i Fakultetom elektrotehnike, ra\u010dunarstva i informacijskih tehnologija u Osijeku. Ciljevi i rezultati Op\u0107i cilj projekta je doprinos tvrtke Spa\u010dva&#8230; <a class=\"view-article\" href=\"https:\/\/spacva.eu\/hr\/eu-projekt-spacva\">Pogledaj proizvod<\/a>","protected":false},"author":1,"featured_media":0,"parent":0,"menu_order":0,"comment_status":"closed","ping_status":"closed","template":"template-eu-projekt.php","meta":{"_acf_changed":false,"footnotes":""},"class_list":["post-3125","page","type-page","status-publish","hentry"],"acf":[],"yoast_head":"<!-- This site is optimized with the Yoast SEO plugin v27.3 - https:\/\/yoast.com\/product\/yoast-seo-wordpress\/ -->\n<title>Istra\u017eivanje u poduze\u0107u Spa\u010dva d.d.<\/title>\n<meta name=\"description\" content=\"Pove\u0107anje istra\u017eiva\u010dke aktivnosti tvrtke Spa\u010dva d.d. s ciljem razvoja inovativnog i tehnolo\u0161ki zna\u010dajno pobolj\u0161anog proizvoda, inovativnih hrastovih vrata\" \/>\n<meta name=\"robots\" content=\"index, follow, max-snippet:-1, max-image-preview:large, max-video-preview:-1\" \/>\n<link rel=\"canonical\" href=\"https:\/\/spacva.eu\/hr\/eu-projekt-spacva\" \/>\n<meta property=\"og:locale\" content=\"hr_HR\" \/>\n<meta property=\"og:type\" content=\"article\" \/>\n<meta property=\"og:title\" content=\"Istra\u017eivanje u poduze\u0107u Spa\u010dva d.d.\" \/>\n<meta property=\"og:description\" content=\"Pove\u0107anje istra\u017eiva\u010dke aktivnosti tvrtke Spa\u010dva d.d. s ciljem razvoja inovativnog i tehnolo\u0161ki zna\u010dajno pobolj\u0161anog proizvoda, inovativnih hrastovih vrata\" \/>\n<meta property=\"og:url\" content=\"https:\/\/spacva.eu\/hr\/eu-projekt-spacva\" \/>\n<meta property=\"og:site_name\" content=\"Spa\u010dva\" \/>\n<meta property=\"article:publisher\" content=\"https:\/\/web.facebook.com\/Spacva\/\" \/>\n<meta property=\"article:modified_time\" content=\"2022-01-25T10:42:10+00:00\" \/>\n<meta property=\"og:image\" content=\"https:\/\/spacva.eu\/wp-content\/uploads\/2018\/12\/Spacva-fb-share.jpg\" \/>\n\t<meta property=\"og:image:width\" content=\"1200\" \/>\n\t<meta property=\"og:image:height\" content=\"630\" \/>\n\t<meta property=\"og:image:type\" content=\"image\/jpeg\" \/>\n<meta name=\"twitter:card\" content=\"summary_large_image\" \/>\n<meta name=\"twitter:label1\" content=\"Est. reading time\" \/>\n\t<meta name=\"twitter:data1\" content=\"1 minute\" \/>\n<script type=\"application\/ld+json\" class=\"yoast-schema-graph\">{\"@context\":\"https:\\\/\\\/schema.org\",\"@graph\":[{\"@type\":\"WebPage\",\"@id\":\"https:\\\/\\\/spacva.eu\\\/hr\\\/eu-projekt-spacva\",\"url\":\"https:\\\/\\\/spacva.eu\\\/hr\\\/eu-projekt-spacva\",\"name\":\"Istra\u017eivanje u poduze\u0107u Spa\u010dva d.d.\",\"isPartOf\":{\"@id\":\"https:\\\/\\\/spacva.eu\\\/hr#website\"},\"datePublished\":\"2018-11-28T12:03:38+00:00\",\"dateModified\":\"2022-01-25T10:42:10+00:00\",\"description\":\"Pove\u0107anje istra\u017eiva\u010dke aktivnosti tvrtke Spa\u010dva d.d. s ciljem razvoja inovativnog i tehnolo\u0161ki zna\u010dajno pobolj\u0161anog proizvoda, inovativnih hrastovih vrata\",\"breadcrumb\":{\"@id\":\"https:\\\/\\\/spacva.eu\\\/hr\\\/eu-projekt-spacva#breadcrumb\"},\"inLanguage\":\"hr-HR\",\"potentialAction\":[{\"@type\":\"ReadAction\",\"target\":[\"https:\\\/\\\/spacva.eu\\\/hr\\\/eu-projekt-spacva\"]}]},{\"@type\":\"BreadcrumbList\",\"@id\":\"https:\\\/\\\/spacva.eu\\\/hr\\\/eu-projekt-spacva#breadcrumb\",\"itemListElement\":[{\"@type\":\"ListItem\",\"position\":1,\"name\":\"\",\"item\":\"https:\\\/\\\/spacva.eu\\\/hr\"},{\"@type\":\"ListItem\",\"position\":2,\"name\":\"EU projekt Spa\u010dva d.d.\"}]},{\"@type\":\"WebSite\",\"@id\":\"https:\\\/\\\/spacva.eu\\\/hr#website\",\"url\":\"https:\\\/\\\/spacva.eu\\\/hr\",\"name\":\"Spa\u010dva\",\"description\":\"Stvaramo s ljubavlju\",\"publisher\":{\"@id\":\"https:\\\/\\\/spacva.eu\\\/hr#organization\"},\"potentialAction\":[{\"@type\":\"SearchAction\",\"target\":{\"@type\":\"EntryPoint\",\"urlTemplate\":\"https:\\\/\\\/spacva.eu\\\/hr?s={search_term_string}\"},\"query-input\":{\"@type\":\"PropertyValueSpecification\",\"valueRequired\":true,\"valueName\":\"search_term_string\"}}],\"inLanguage\":\"hr-HR\"},{\"@type\":\"Organization\",\"@id\":\"https:\\\/\\\/spacva.eu\\\/hr#organization\",\"name\":\"Spa\u010dva d.d.\",\"url\":\"https:\\\/\\\/spacva.eu\\\/hr\",\"logo\":{\"@type\":\"ImageObject\",\"inLanguage\":\"hr-HR\",\"@id\":\"https:\\\/\\\/spacva.eu\\\/hr#\\\/schema\\\/logo\\\/image\\\/\",\"url\":\"https:\\\/\\\/spacva.eu\\\/wp-content\\\/uploads\\\/2018\\\/06\\\/logo.png\",\"contentUrl\":\"https:\\\/\\\/spacva.eu\\\/wp-content\\\/uploads\\\/2018\\\/06\\\/logo.png\",\"width\":100,\"height\":124,\"caption\":\"Spa\u010dva d.d.\"},\"image\":{\"@id\":\"https:\\\/\\\/spacva.eu\\\/hr#\\\/schema\\\/logo\\\/image\\\/\"},\"sameAs\":[\"https:\\\/\\\/web.facebook.com\\\/Spacva\\\/\"]}]}<\/script>\n<!-- \/ Yoast SEO plugin. -->","yoast_head_json":{"title":"Istra\u017eivanje u poduze\u0107u Spa\u010dva d.d.","description":"Pove\u0107anje istra\u017eiva\u010dke aktivnosti tvrtke Spa\u010dva d.d. s ciljem razvoja inovativnog i tehnolo\u0161ki zna\u010dajno pobolj\u0161anog proizvoda, inovativnih hrastovih vrata","robots":{"index":"index","follow":"follow","max-snippet":"max-snippet:-1","max-image-preview":"max-image-preview:large","max-video-preview":"max-video-preview:-1"},"canonical":"https:\/\/spacva.eu\/hr\/eu-projekt-spacva","og_locale":"hr_HR","og_type":"article","og_title":"Istra\u017eivanje u poduze\u0107u Spa\u010dva d.d.","og_description":"Pove\u0107anje istra\u017eiva\u010dke aktivnosti tvrtke Spa\u010dva d.d. s ciljem razvoja inovativnog i tehnolo\u0161ki zna\u010dajno pobolj\u0161anog proizvoda, inovativnih hrastovih vrata","og_url":"https:\/\/spacva.eu\/hr\/eu-projekt-spacva","og_site_name":"Spa\u010dva","article_publisher":"https:\/\/web.facebook.com\/Spacva\/","article_modified_time":"2022-01-25T10:42:10+00:00","og_image":[{"width":1200,"height":630,"url":"https:\/\/spacva.eu\/wp-content\/uploads\/2018\/12\/Spacva-fb-share.jpg","type":"image\/jpeg"}],"twitter_card":"summary_large_image","twitter_misc":{"Est. reading time":"1 minute"},"schema":{"@context":"https:\/\/schema.org","@graph":[{"@type":"WebPage","@id":"https:\/\/spacva.eu\/hr\/eu-projekt-spacva","url":"https:\/\/spacva.eu\/hr\/eu-projekt-spacva","name":"Istra\u017eivanje u poduze\u0107u Spa\u010dva d.d.","isPartOf":{"@id":"https:\/\/spacva.eu\/hr#website"},"datePublished":"2018-11-28T12:03:38+00:00","dateModified":"2022-01-25T10:42:10+00:00","description":"Pove\u0107anje istra\u017eiva\u010dke aktivnosti tvrtke Spa\u010dva d.d. s ciljem razvoja inovativnog i tehnolo\u0161ki zna\u010dajno pobolj\u0161anog proizvoda, inovativnih hrastovih vrata","breadcrumb":{"@id":"https:\/\/spacva.eu\/hr\/eu-projekt-spacva#breadcrumb"},"inLanguage":"hr-HR","potentialAction":[{"@type":"ReadAction","target":["https:\/\/spacva.eu\/hr\/eu-projekt-spacva"]}]},{"@type":"BreadcrumbList","@id":"https:\/\/spacva.eu\/hr\/eu-projekt-spacva#breadcrumb","itemListElement":[{"@type":"ListItem","position":1,"name":"","item":"https:\/\/spacva.eu\/hr"},{"@type":"ListItem","position":2,"name":"EU projekt Spa\u010dva d.d."}]},{"@type":"WebSite","@id":"https:\/\/spacva.eu\/hr#website","url":"https:\/\/spacva.eu\/hr","name":"Spa\u010dva","description":"Stvaramo s ljubavlju","publisher":{"@id":"https:\/\/spacva.eu\/hr#organization"},"potentialAction":[{"@type":"SearchAction","target":{"@type":"EntryPoint","urlTemplate":"https:\/\/spacva.eu\/hr?s={search_term_string}"},"query-input":{"@type":"PropertyValueSpecification","valueRequired":true,"valueName":"search_term_string"}}],"inLanguage":"hr-HR"},{"@type":"Organization","@id":"https:\/\/spacva.eu\/hr#organization","name":"Spa\u010dva d.d.","url":"https:\/\/spacva.eu\/hr","logo":{"@type":"ImageObject","inLanguage":"hr-HR","@id":"https:\/\/spacva.eu\/hr#\/schema\/logo\/image\/","url":"https:\/\/spacva.eu\/wp-content\/uploads\/2018\/06\/logo.png","contentUrl":"https:\/\/spacva.eu\/wp-content\/uploads\/2018\/06\/logo.png","width":100,"height":124,"caption":"Spa\u010dva d.d."},"image":{"@id":"https:\/\/spacva.eu\/hr#\/schema\/logo\/image\/"},"sameAs":["https:\/\/web.facebook.com\/Spacva\/"]}]}},"_links":{"self":[{"href":"https:\/\/spacva.eu\/hr\/wp-json\/wp\/v2\/pages\/3125","targetHints":{"allow":["GET"]}}],"collection":[{"href":"https:\/\/spacva.eu\/hr\/wp-json\/wp\/v2\/pages"}],"about":[{"href":"https:\/\/spacva.eu\/hr\/wp-json\/wp\/v2\/types\/page"}],"author":[{"embeddable":true,"href":"https:\/\/spacva.eu\/hr\/wp-json\/wp\/v2\/users\/1"}],"replies":[{"embeddable":true,"href":"https:\/\/spacva.eu\/hr\/wp-json\/wp\/v2\/comments?post=3125"}],"version-history":[{"count":7,"href":"https:\/\/spacva.eu\/hr\/wp-json\/wp\/v2\/pages\/3125\/revisions"}],"predecessor-version":[{"id":5722,"href":"https:\/\/spacva.eu\/hr\/wp-json\/wp\/v2\/pages\/3125\/revisions\/5722"}],"wp:attachment":[{"href":"https:\/\/spacva.eu\/hr\/wp-json\/wp\/v2\/media?parent=3125"}],"curies":[{"name":"wp","href":"https:\/\/api.w.org\/{rel}","templated":true}]}}