{"id":3461,"date":"2019-03-11T13:47:20","date_gmt":"2019-03-11T12:47:20","guid":{"rendered":"https:\/\/spacva.eu\/o-nama\/akcije"},"modified":"2021-10-12T09:19:02","modified_gmt":"2021-10-12T07:19:02","slug":"akcije","status":"publish","type":"page","link":"https:\/\/spacva.eu\/hr\/blog\/akcije","title":{"rendered":"Akcije"},"content":{"rendered":"<p>JAKLJAN 1-strip hrast parket Bjelin<\/p>\n<p>Akcija na parket je po\u010dela.<br \/>\nProizvod koji generacijama ne izlazi iz mode i uvijek mo\u017ee biti u trendu.<\/p>\n<p>Dimenzija 2200 x 182 x 14 mm, natur mat lak po <strong>akcijskoj cijeni od 320,00 kn\/m2.<\/strong><\/p>\n<p>Akcija traje do isteka zaliha, zato po\u017eurite u na\u0161e maloprodajne salone!<\/p>\n","protected":false},"excerpt":{"rendered":"JAKLJAN 1-strip hrast parket Bjelin Akcija na parket je po\u010dela. Proizvod koji generacijama ne izlazi iz mode i uvijek mo\u017ee biti u trendu. Dimenzija 2200 x 182 x 14 mm, natur mat lak po akcijskoj cijeni od 320,00 kn\/m2. Akcija traje do isteka zaliha, zato po\u017eurite u na\u0161e maloprodajne salone!","protected":false},"author":1,"featured_media":5589,"parent":2115,"menu_order":0,"comment_status":"closed","ping_status":"closed","template":"template-akcije.php","meta":{"_acf_changed":false,"footnotes":""},"class_list":["post-3461","page","type-page","status-publish","has-post-thumbnail","hentry"],"acf":[],"yoast_head":"<!-- This site is optimized with the Yoast SEO plugin v27.3 - https:\/\/yoast.com\/product\/yoast-seo-wordpress\/ -->\n<title>Akcijske cijene proizvoda koje se ne propu\u0161taju<\/title>\n<meta name=\"description\" content=\"Pogledajte aktualne akcije na na\u0161e proizvode. Kupite hrast selja\u010dki pod, klasi\u010dni parket ili sobna vrata po sni\u017eenim cijenama.\" \/>\n<meta name=\"robots\" content=\"index, follow, max-snippet:-1, max-image-preview:large, max-video-preview:-1\" \/>\n<link rel=\"canonical\" href=\"https:\/\/spacva.eu\/hr\/blog\/akcije\" \/>\n<meta property=\"og:locale\" content=\"hr_HR\" \/>\n<meta property=\"og:type\" content=\"article\" \/>\n<meta property=\"og:title\" content=\"Akcijske cijene proizvoda koje se ne propu\u0161taju\" \/>\n<meta property=\"og:description\" content=\"Pogledajte aktualne akcije na na\u0161e proizvode. Kupite hrast selja\u010dki pod, klasi\u010dni parket ili sobna vrata po sni\u017eenim cijenama.\" \/>\n<meta property=\"og:url\" content=\"https:\/\/spacva.eu\/hr\/blog\/akcije\" \/>\n<meta property=\"og:site_name\" content=\"Spa\u010dva\" \/>\n<meta property=\"article:publisher\" content=\"https:\/\/web.facebook.com\/Spacva\/\" \/>\n<meta property=\"article:modified_time\" content=\"2021-10-12T07:19:02+00:00\" \/>\n<meta property=\"og:image\" content=\"https:\/\/spacva.eu\/wp-content\/uploads\/2021\/10\/IMG_1232_JAKLJAN-scaled.jpg\" \/>\n\t<meta property=\"og:image:width\" content=\"1797\" \/>\n\t<meta property=\"og:image:height\" content=\"2560\" \/>\n\t<meta property=\"og:image:type\" content=\"image\/jpeg\" \/>\n<meta name=\"twitter:card\" content=\"summary_large_image\" \/>\n<script type=\"application\/ld+json\" class=\"yoast-schema-graph\">{\"@context\":\"https:\\\/\\\/schema.org\",\"@graph\":[{\"@type\":\"WebPage\",\"@id\":\"https:\\\/\\\/spacva.eu\\\/hr\\\/blog\\\/akcije\",\"url\":\"https:\\\/\\\/spacva.eu\\\/hr\\\/blog\\\/akcije\",\"name\":\"Akcijske cijene proizvoda koje se ne propu\u0161taju\",\"isPartOf\":{\"@id\":\"https:\\\/\\\/spacva.eu\\\/hr#website\"},\"primaryImageOfPage\":{\"@id\":\"https:\\\/\\\/spacva.eu\\\/hr\\\/blog\\\/akcije#primaryimage\"},\"image\":{\"@id\":\"https:\\\/\\\/spacva.eu\\\/hr\\\/blog\\\/akcije#primaryimage\"},\"thumbnailUrl\":\"https:\\\/\\\/spacva.eu\\\/wp-content\\\/uploads\\\/2021\\\/10\\\/IMG_1232_JAKLJAN-scaled.jpg\",\"datePublished\":\"2019-03-11T12:47:20+00:00\",\"dateModified\":\"2021-10-12T07:19:02+00:00\",\"description\":\"Pogledajte aktualne akcije na na\u0161e proizvode. Kupite hrast selja\u010dki pod, klasi\u010dni parket ili sobna vrata po sni\u017eenim cijenama.\",\"breadcrumb\":{\"@id\":\"https:\\\/\\\/spacva.eu\\\/hr\\\/blog\\\/akcije#breadcrumb\"},\"inLanguage\":\"hr-HR\",\"potentialAction\":[{\"@type\":\"ReadAction\",\"target\":[\"https:\\\/\\\/spacva.eu\\\/hr\\\/blog\\\/akcije\"]}]},{\"@type\":\"ImageObject\",\"inLanguage\":\"hr-HR\",\"@id\":\"https:\\\/\\\/spacva.eu\\\/hr\\\/blog\\\/akcije#primaryimage\",\"url\":\"https:\\\/\\\/spacva.eu\\\/wp-content\\\/uploads\\\/2021\\\/10\\\/IMG_1232_JAKLJAN-scaled.jpg\",\"contentUrl\":\"https:\\\/\\\/spacva.eu\\\/wp-content\\\/uploads\\\/2021\\\/10\\\/IMG_1232_JAKLJAN-scaled.jpg\",\"width\":1797,\"height\":2560},{\"@type\":\"BreadcrumbList\",\"@id\":\"https:\\\/\\\/spacva.eu\\\/hr\\\/blog\\\/akcije#breadcrumb\",\"itemListElement\":[{\"@type\":\"ListItem\",\"position\":1,\"name\":\"\",\"item\":\"https:\\\/\\\/spacva.eu\\\/hr\"},{\"@type\":\"ListItem\",\"position\":2,\"name\":\"Blog\",\"item\":\"https:\\\/\\\/spacva.eu\\\/hr\\\/blog\"},{\"@type\":\"ListItem\",\"position\":3,\"name\":\"Akcije\"}]},{\"@type\":\"WebSite\",\"@id\":\"https:\\\/\\\/spacva.eu\\\/hr#website\",\"url\":\"https:\\\/\\\/spacva.eu\\\/hr\",\"name\":\"Spa\u010dva\",\"description\":\"Stvaramo s ljubavlju\",\"publisher\":{\"@id\":\"https:\\\/\\\/spacva.eu\\\/hr#organization\"},\"potentialAction\":[{\"@type\":\"SearchAction\",\"target\":{\"@type\":\"EntryPoint\",\"urlTemplate\":\"https:\\\/\\\/spacva.eu\\\/hr?s={search_term_string}\"},\"query-input\":{\"@type\":\"PropertyValueSpecification\",\"valueRequired\":true,\"valueName\":\"search_term_string\"}}],\"inLanguage\":\"hr-HR\"},{\"@type\":\"Organization\",\"@id\":\"https:\\\/\\\/spacva.eu\\\/hr#organization\",\"name\":\"Spa\u010dva d.d.\",\"url\":\"https:\\\/\\\/spacva.eu\\\/hr\",\"logo\":{\"@type\":\"ImageObject\",\"inLanguage\":\"hr-HR\",\"@id\":\"https:\\\/\\\/spacva.eu\\\/hr#\\\/schema\\\/logo\\\/image\\\/\",\"url\":\"https:\\\/\\\/spacva.eu\\\/wp-content\\\/uploads\\\/2018\\\/06\\\/logo.png\",\"contentUrl\":\"https:\\\/\\\/spacva.eu\\\/wp-content\\\/uploads\\\/2018\\\/06\\\/logo.png\",\"width\":100,\"height\":124,\"caption\":\"Spa\u010dva d.d.\"},\"image\":{\"@id\":\"https:\\\/\\\/spacva.eu\\\/hr#\\\/schema\\\/logo\\\/image\\\/\"},\"sameAs\":[\"https:\\\/\\\/web.facebook.com\\\/Spacva\\\/\"]}]}<\/script>\n<!-- \/ Yoast SEO plugin. -->","yoast_head_json":{"title":"Akcijske cijene proizvoda koje se ne propu\u0161taju","description":"Pogledajte aktualne akcije na na\u0161e proizvode. Kupite hrast selja\u010dki pod, klasi\u010dni parket ili sobna vrata po sni\u017eenim cijenama.","robots":{"index":"index","follow":"follow","max-snippet":"max-snippet:-1","max-image-preview":"max-image-preview:large","max-video-preview":"max-video-preview:-1"},"canonical":"https:\/\/spacva.eu\/hr\/blog\/akcije","og_locale":"hr_HR","og_type":"article","og_title":"Akcijske cijene proizvoda koje se ne propu\u0161taju","og_description":"Pogledajte aktualne akcije na na\u0161e proizvode. Kupite hrast selja\u010dki pod, klasi\u010dni parket ili sobna vrata po sni\u017eenim cijenama.","og_url":"https:\/\/spacva.eu\/hr\/blog\/akcije","og_site_name":"Spa\u010dva","article_publisher":"https:\/\/web.facebook.com\/Spacva\/","article_modified_time":"2021-10-12T07:19:02+00:00","og_image":[{"width":1797,"height":2560,"url":"https:\/\/spacva.eu\/wp-content\/uploads\/2021\/10\/IMG_1232_JAKLJAN-scaled.jpg","type":"image\/jpeg"}],"twitter_card":"summary_large_image","schema":{"@context":"https:\/\/schema.org","@graph":[{"@type":"WebPage","@id":"https:\/\/spacva.eu\/hr\/blog\/akcije","url":"https:\/\/spacva.eu\/hr\/blog\/akcije","name":"Akcijske cijene proizvoda koje se ne propu\u0161taju","isPartOf":{"@id":"https:\/\/spacva.eu\/hr#website"},"primaryImageOfPage":{"@id":"https:\/\/spacva.eu\/hr\/blog\/akcije#primaryimage"},"image":{"@id":"https:\/\/spacva.eu\/hr\/blog\/akcije#primaryimage"},"thumbnailUrl":"https:\/\/spacva.eu\/wp-content\/uploads\/2021\/10\/IMG_1232_JAKLJAN-scaled.jpg","datePublished":"2019-03-11T12:47:20+00:00","dateModified":"2021-10-12T07:19:02+00:00","description":"Pogledajte aktualne akcije na na\u0161e proizvode. Kupite hrast selja\u010dki pod, klasi\u010dni parket ili sobna vrata po sni\u017eenim cijenama.","breadcrumb":{"@id":"https:\/\/spacva.eu\/hr\/blog\/akcije#breadcrumb"},"inLanguage":"hr-HR","potentialAction":[{"@type":"ReadAction","target":["https:\/\/spacva.eu\/hr\/blog\/akcije"]}]},{"@type":"ImageObject","inLanguage":"hr-HR","@id":"https:\/\/spacva.eu\/hr\/blog\/akcije#primaryimage","url":"https:\/\/spacva.eu\/wp-content\/uploads\/2021\/10\/IMG_1232_JAKLJAN-scaled.jpg","contentUrl":"https:\/\/spacva.eu\/wp-content\/uploads\/2021\/10\/IMG_1232_JAKLJAN-scaled.jpg","width":1797,"height":2560},{"@type":"BreadcrumbList","@id":"https:\/\/spacva.eu\/hr\/blog\/akcije#breadcrumb","itemListElement":[{"@type":"ListItem","position":1,"name":"","item":"https:\/\/spacva.eu\/hr"},{"@type":"ListItem","position":2,"name":"Blog","item":"https:\/\/spacva.eu\/hr\/blog"},{"@type":"ListItem","position":3,"name":"Akcije"}]},{"@type":"WebSite","@id":"https:\/\/spacva.eu\/hr#website","url":"https:\/\/spacva.eu\/hr","name":"Spa\u010dva","description":"Stvaramo s ljubavlju","publisher":{"@id":"https:\/\/spacva.eu\/hr#organization"},"potentialAction":[{"@type":"SearchAction","target":{"@type":"EntryPoint","urlTemplate":"https:\/\/spacva.eu\/hr?s={search_term_string}"},"query-input":{"@type":"PropertyValueSpecification","valueRequired":true,"valueName":"search_term_string"}}],"inLanguage":"hr-HR"},{"@type":"Organization","@id":"https:\/\/spacva.eu\/hr#organization","name":"Spa\u010dva d.d.","url":"https:\/\/spacva.eu\/hr","logo":{"@type":"ImageObject","inLanguage":"hr-HR","@id":"https:\/\/spacva.eu\/hr#\/schema\/logo\/image\/","url":"https:\/\/spacva.eu\/wp-content\/uploads\/2018\/06\/logo.png","contentUrl":"https:\/\/spacva.eu\/wp-content\/uploads\/2018\/06\/logo.png","width":100,"height":124,"caption":"Spa\u010dva d.d."},"image":{"@id":"https:\/\/spacva.eu\/hr#\/schema\/logo\/image\/"},"sameAs":["https:\/\/web.facebook.com\/Spacva\/"]}]}},"_links":{"self":[{"href":"https:\/\/spacva.eu\/hr\/wp-json\/wp\/v2\/pages\/3461","targetHints":{"allow":["GET"]}}],"collection":[{"href":"https:\/\/spacva.eu\/hr\/wp-json\/wp\/v2\/pages"}],"about":[{"href":"https:\/\/spacva.eu\/hr\/wp-json\/wp\/v2\/types\/page"}],"author":[{"embeddable":true,"href":"https:\/\/spacva.eu\/hr\/wp-json\/wp\/v2\/users\/1"}],"replies":[{"embeddable":true,"href":"https:\/\/spacva.eu\/hr\/wp-json\/wp\/v2\/comments?post=3461"}],"version-history":[{"count":3,"href":"https:\/\/spacva.eu\/hr\/wp-json\/wp\/v2\/pages\/3461\/revisions"}],"predecessor-version":[{"id":5595,"href":"https:\/\/spacva.eu\/hr\/wp-json\/wp\/v2\/pages\/3461\/revisions\/5595"}],"up":[{"embeddable":true,"href":"https:\/\/spacva.eu\/hr\/wp-json\/wp\/v2\/pages\/2115"}],"wp:featuredmedia":[{"embeddable":true,"href":"https:\/\/spacva.eu\/hr\/wp-json\/wp\/v2\/media\/5589"}],"wp:attachment":[{"href":"https:\/\/spacva.eu\/hr\/wp-json\/wp\/v2\/media?parent=3461"}],"curies":[{"name":"wp","href":"https:\/\/api.w.org\/{rel}","templated":true}]}}