{"id":3533,"date":"2019-08-20T11:26:53","date_gmt":"2019-08-20T09:26:53","guid":{"rendered":"https:\/\/spacva.eu\/?page_id=3533"},"modified":"2019-08-20T11:27:43","modified_gmt":"2019-08-20T09:27:43","slug":"izjava-o-privatnosti-2","status":"publish","type":"page","link":"https:\/\/spacva.eu\/hr\/politika-privatnosti-i-pravila-koristenja\/izjava-o-privatnosti-2","title":{"rendered":"Izjava o privatnosti"},"content":{"rendered":"<p><strong>Izjava o privatnosti<\/strong><\/p>\n<p>Smatramo da je za\u0161tita Va\u0161e privatnosti i Va\u0161ih osobnih podataka vrlo va\u017ena stvar na koju obra\u0107amo pozornost u svim na\u0161im poslovnim odnosima. Po\u0161tujemo tajnost Va\u0161ih osobnih podataka i uvijek postupamo u skladu s odgovaraju\u0107im odredbama zakona i drugih propisa koji ure\u0111uju za\u0161titu osobnih podataka te odredbama ove Izjave o privatnosti.<\/p>\n<p>Stoga, ovim Vas putem obavje\u0161tavamo da smo u vidu sveop\u0107e za\u0161tite osobnih podataka na\u0161e poslovanje uskladili sa svim zahtjevima Uredbe (EU) 2016\/679 Europskog Parlamenta i Vije\u0107a od 27. travnja 2016.o za\u0161titi pojedinaca u vezi s obradom osobnih podataka i o slobodnom kretanju takvih podataka te o stavljanju izvan snage Direktive 95\/46\/EZ (Op\u0107a uredba o za\u0161titi podataka) (dalje u tekstu: &#8220;<strong>GDPR<\/strong>&#8220;), kao i pripadaju\u0107eg Zakona o provedbi Op\u0107e uredbe o za\u0161titi podataka (Narodne novine br. 42\/2018; dalje u tekstu: &#8220;<strong>Zakon<\/strong>&#8220;).<\/p>\n<p>Napominjemo da se ova Izjava o privatnosti primjenjuje na Vas kao kupce SPA\u010cVE d.d., odnosno da se sve ovdje izneseno primjenjuje na obradu Va\u0161ih osobnih podataka kao kupaca SPA\u010cVE d.d..<\/p>\n<p>Stoga, ni\u017ee u tekstu ove izjave prona\u0107i \u0107ete informacije o (i) tome tko to\u010dno obra\u0111uje Va\u0161e osobne podatke, (ii) o svrhama zbog kojih se podatci osobni obra\u0111uju, o (iii) tome prenosimo li Va\u0161e osobne podatke drugim osobama ili eventualno u druge dr\u017eave i\/ili me\u0111unarodne organizacije, (iv) o razdoblju u kojem obra\u0111ujemo Va\u0161e osobne podatke, te (v) o Va\u0161im pravima u pogledu predmetnih osobnih podataka.<\/p>\n<ol>\n<li><strong> Opseg ove Izjave o privatnosti<\/strong><\/li>\n<\/ol>\n<p>Nastavno na gore opisani uvod, ova <em>Izjava o privatnosti<\/em> namijenjena je da Vas kao kupca obavijesti o tome kako prodavatelj, trgova\u010dko dru\u0161tvo Drvna industrija SPA\u010cVA dioni\u010dko dru\u0161tvo sa sjedi\u0161tem u Vinkovcima, Duga 181, OIB: 02046778584, upisano u sudski registar Trgova\u010dkog suda u Osijeku pod brojem MBS: 030014502 (u nastavku: &#8220;<strong>SPA\u010cVA d.d.<\/strong>&#8220;) obra\u0111uje Va\u0161e osobne podatke.<\/p>\n<p>U tom smislu, SPA\u010cVA d.d. je tzv. <em>Voditelj obrade <\/em>u pogledu osobnih podataka koje obra\u0111uje.<\/p>\n<p>Tako\u0111er, budu\u0107i da smo svjesni da sam pojam <em><u>obrada osobnih podataka<\/u><\/em> potencijalno predstavlja donekle zbunjuju\u0107u konstrukciju, u sljede\u0107oj tablici mo\u017eete prona\u0107i kratak podsjetnik u pogledu \u0161to se sve smatra kao <em>osobni podatak<\/em>, te \u0161to se sve smatra <em>obradom tih podataka<\/em>.<\/p>\n<p>&nbsp;<\/p>\n<table>\n<tbody>\n<tr>\n<td width=\"231\">OSOBNI PODATAK<\/td>\n<td width=\"240\">OBRADA OSOBNIH PODATAKA<\/td>\n<\/tr>\n<tr>\n<td width=\"231\">Svaki podatak koji se odnosi na pojedinca \u010diji je identitet utvr\u0111en ili se mo\u017ee utvrditi (&#8220;<strong>Ispitanik<\/strong>&#8220;). Pojedinac \u010diji se identitet mo\u017ee utvrditi jest osoba koja se mo\u017ee identificirati izravno ili neizravno, osobito uz pomo\u0107 identifikatora kao \u0161to su ime, identifikacijski broj, podaci o lokaciji, mre\u017eni identifikator ili uz pomo\u0107 jednog ili vi\u0161e \u010dimbenika svojstvenih za fizi\u010dki, fiziolo\u0161ki, genetski, mentalni, ekonomski, kulturni ili socijalni identitet.<\/td>\n<td width=\"240\">Svaki postupak ili skup postupaka koji se obavljaju na osobnim podacima ili na skupovima osobnih podataka, (automatiziranim ili neautomatiziranim sredstvima) poput prikupljanja, bilje\u017eenja, organizacije, strukturiranja, pohrane, prilagodbe ili izmjene, pronala\u017eenje, obavljanje uvida, uporaba, otkrivanje prijenosom, \u0161irenjem ili stavljanjem na raspolaganje na drugi na\u010din, uskla\u0111ivanje ili kombiniranje, ograni\u010davanje, brisanje ili uni\u0161tavanje.<\/td>\n<\/tr>\n<\/tbody>\n<\/table>\n<p><strong>\u00a0<\/strong><\/p>\n<ol start=\"2\">\n<li><strong> Prikupljanje i kori\u0161tenje podataka<\/strong><\/li>\n<\/ol>\n<p><strong>\u00a0<\/strong><\/p>\n<p>Va\u0161e osobne podatke prikupljamo izravno od Vas u okviru poslovnog odnosa kojeg ste s nama zasnovali kao kupac na\u0161ih proizvoda. Podatke prikupljamo (i) kako bi mogli izvr\u0161avati obveze iz ugovora o kupoprodaji robe iz na\u0161e ponude kojeg smo s Vama sklopili, (ii) kako bi bili u mogu\u0107nosti ispuniti odre\u0111ene obveze koje je zakonodavac propisao za nas kao prodavatelja u odnosu na Vas kao potro\u0161a\u010da, te (iii) podatke prikupljamo i na temelju odre\u0111enih legitimnih interesa SPA\u010cVE d.d.<\/p>\n<p>Osobne podatke koje ste nam pru\u017eili obra\u0111ujemo i koristimo isklju\u010divo za odre\u0111ene svrhe koje uklju\u010duju osobito:<\/p>\n<ul>\n<li><strong>Poduzimanje radnji na zahtjev kupca prije sklapanja ugovora o kupoprodaji.<\/strong> Prikupljanje i obrada Va\u0161ih osobnih podataka nu\u017ean je uvjet za poduzimanje radnji na Va\u0161 zahtjev prije sklapanja ugovora o kupoprodaji proizvoda iz na\u0161e ponude kao \u0161to su odgovaranje na Va\u0161e upite vezano za ponudu, karakteristike robe, uvjete pru\u017eanja usluga i sli\u010dno.<\/li>\n<li><strong>Izvr\u0161enje ugovora o kupoprodaji. <\/strong>U svrhu izvr\u0161enja na\u0161ih obveza kao prodavatelja iz ugovora o kupoprodaji s kupcima, prikupljamo i obra\u0111ujemo Va\u0161e osobne podatke kako bismo obradili zaprimljene narud\u017ebe, po potrebi Vas kontaktirali radi okolnosti va\u017enih za izvr\u0161enje ugovora, izdali Vam ra\u010dun i isporu\u010dili kupljenu robu te po potrebi izdali potrebne isprave i deklaracije sukladno poreznim i\/ili carinskim propisima.<\/li>\n<li><strong>Vo\u0111enje zakonom propisanih evidencija<\/strong>: Va\u0161i osobni podaci mogu \u010diniti dio evidencija koje imamo zakonsku obvezu voditi, a \u0161to osobito uklju\u010duje vo\u0111enje poslovnih knjiga sukladno Zakonu o ra\u010dunovodstvu, vo\u0111enje poreznih evidencija te vo\u0111enje evidencija prigovora sukladno Zakonu o potro\u0161a\u010dima.<\/li>\n<li><strong>Za\u0161tita sigurnosti, imovine i zdravlja<\/strong>: Dru\u0161tvo SPA\u010cVA d.d. prikuplja i obra\u0111uje Va\u0161e osobne podatke putem ure\u0111aja za videonadzor koji su postavljeni sa svrhom za\u0161tite sigurnosti i imovine dru\u0161tva, radnika i posjetitelja. Pitanja prikupljanja i obrade osobnih podatka putem videonadzora SPA\u010cVA d.d. uredila je posebnim pravilnikom.<\/li>\n<li><strong>\u010ci\u0161\u0107enje i konsolidacija podataka<\/strong>: S vremena na vrijeme, osobni podaci koje ste pru\u017eili, mogu se provjeriti ili konsolidirati s (i) podacima iz na\u0161ih postoje\u0107ih registara (online i offline), (ii) podacima preuzetih od zakonskih prednika, ili (iii) podacima iz drugih izvora.<\/li>\n<\/ul>\n<ol start=\"3\">\n<li><strong> Prijenos i otkrivanje Va\u0161ih osobnih podataka<\/strong><\/li>\n<\/ol>\n<p>Sukladno onome \u0161to smo opisali u prethodnom poglavlju, ovisno o vrsti procesa unutar kojeg obra\u0111ujemo Va\u0161e podatke, neki podaci mogu biti preneseni tre\u0107im stranama. To \u0107emo u\u010diniti kako bismo izvr\u0161ili zakonske obveze ili se uskladili sa zakonom, propisom ili nalogom javnog tijela.<\/p>\n<p>Osim toga, Va\u0161e osobne podatke ponekad dijelimo s tre\u0107im osobama s kojima poslovno sura\u0111ujemo radi izvr\u0161enja na\u0161ih usluga pri \u010demu vodimo ra\u010duna o pouzdanosti tih osoba, obvezujemo ih na po\u0161tivanje standarda za\u0161tite osobnih podataka koje i samo primjenjujemo te zabranjujemo upotrebu Va\u0161ih osobnih podataka u bilo koje druge svrhe osim navedenih.<\/p>\n<p>Me\u0111utim, Va\u0161e osobne podatke ne prenosimo u druge dr\u017eave i\/ili me\u0111unarodne organizacije.<\/p>\n<p><strong>\u00a0<\/strong><\/p>\n<ol start=\"4\">\n<li><strong> Vrijeme \u010duvanja Va\u0161ih podataka<\/strong><\/li>\n<\/ol>\n<p>Razdoblje pohrane Va\u0161ih osobnih podataka primarno \u0107e ovisiti o svrsi za koju su prikupljeni odnosno o razlogu zbog kojeg obra\u0111ujemo Va\u0161e osobne podatke. U tom smislu, jam\u010dimo Vam da Va\u0161e podatke ne\u0107emo \u010duvati u obliku koji omogu\u0107uje Va\u0161u identifikaciju dulje nego li je to nu\u017eno potrebno za izvr\u0161enje svrhe za koju su prikupljeni.<\/p>\n<ol start=\"5\">\n<li><strong> Pravo na informaciju, pravo povla\u010denja i brisanja Va\u0161ih osobnih podataka<\/strong><\/li>\n<\/ol>\n<p>Sljede\u0107e Vam navodimo Va\u0161a prava koja imate pravo ostvarivati u pogledu obrade osobnih podataka kako je gornjim tekstom opisano. U tom smislu imate sljede\u0107a prava:<\/p>\n<ul>\n<li>pravo pisanim putem tra\u017eiti informacije o Va\u0161im osobnim podacima koje obra\u0111ujemo;<\/li>\n<li>pravo na ispravak neto\u010dnih osobnih podataka koji se na Vas odnose;<\/li>\n<li>pravo na brisanje osobnih podataka koje se na Vas odnose;<\/li>\n<li>pravo na ograni\u010denje obrade kad<\/li>\n<li>osporavate to\u010dnost osobnih podataka koji se na Vas odnose,<\/li>\n<li>kad je smatrate da je obrada Va\u0161ih osobnih podataka nezakonita ali se protivite brisanju osobnih podataka<\/li>\n<li>kad smatrate da Spa\u010dva d.d. kao voditelj obrade vi\u0161e ne treba Va\u0161e osobne podatke, ali ih Vi kao ali ih ispitanik tra\u017eite radi postavljanja, ostvarivanja ili obrane Va\u0161ih pravnih zahtjeva;<\/li>\n<li>pravo da zaprimite osobne podatke koji se odnose na Vas te da ih u strukturiranom, uobi\u010dajeno upotrebljavanom i strojno \u010ditljivom formatu prenesete drugom Voditelju obrade osobnih podataka;<\/li>\n<li>pravo na ulaganje prigovora na obradu Va\u0161ih osobnih podataka;<\/li>\n<li>pravo na podno\u0161enje prigovora tijelu koje je u Republici Hrvatskoj nadle\u017eno za za\u0161titu osobnih podataka i nadzora nad obradom osobnih podataka (Agencija za za\u0161titu osobnih podataka).<\/li>\n<\/ul>\n<p>Svaki zahtjev kojim ostvarujete gore opisana prava molimo usmjerite na kontakt to\u010dku navedenu u to\u010dki 7.<\/p>\n<p>Tako\u0111er, obavje\u0161tavamo Vas da ako pojedine Va\u0161e osobne podatke obra\u0111ujemo na temelju privole koju ste nam dali (a to \u0107e biti u slu\u010dajevima kada obrada pojedinih osobnih podataka nije nu\u017ena niti za izvr\u0161avanje ugovora o kupoprodaji, niti radi po\u0161tivanja pravnih obveza SPA\u010cVE d.d. kao voditelja obrade, niti je obrada osobnih podataka legitimni interes SPA\u010cVE d.d.), tu ste privolu ovla\u0161teni povu\u0107i u svakom trenutku i to slanjem obavijesti na e-mail na adresu navedenu u to\u010dki 7.<\/p>\n<p>&nbsp;<\/p>\n<ol start=\"6\">\n<li><strong> Sigurnost podataka<\/strong><\/li>\n<\/ol>\n<p>Obavje\u0161tavamo Vas i da je SPA\u010cVA d.d. posve\u0107ena provo\u0111enju za\u0161titnih tehni\u010dkih i sigurnosnih mjera kako bi se osigurala povjerljivost i integritet Va\u0161ih osobnih podataka.<\/p>\n<ol start=\"7\">\n<li><strong> Kontakt<\/strong><\/li>\n<\/ol>\n<p>Za sva pitanja vezana uz ovu Izjavu o privatnosti ili obradu va\u0161ih podataka molimo kontaktirajte gdpr@spacva.hr.<\/p>\n","protected":false},"excerpt":{"rendered":"Izjava o privatnosti Smatramo da je za\u0161tita Va\u0161e privatnosti i Va\u0161ih osobnih podataka vrlo va\u017ena stvar na koju obra\u0107amo pozornost u svim na\u0161im poslovnim odnosima. Po\u0161tujemo tajnost Va\u0161ih osobnih podataka i uvijek postupamo u skladu s odgovaraju\u0107im odredbama zakona i drugih propisa koji ure\u0111uju za\u0161titu osobnih podataka te odredbama ove Izjave o privatnosti. Stoga, ovim&#8230; <a class=\"view-article\" href=\"https:\/\/spacva.eu\/hr\/politika-privatnosti-i-pravila-koristenja\/izjava-o-privatnosti-2\">Pogledaj proizvod<\/a>","protected":false},"author":1,"featured_media":0,"parent":2109,"menu_order":0,"comment_status":"closed","ping_status":"closed","template":"","meta":{"_acf_changed":false,"footnotes":""},"class_list":["post-3533","page","type-page","status-publish","hentry"],"acf":[],"yoast_head":"<!-- This site is optimized with the Yoast SEO plugin v27.3 - https:\/\/yoast.com\/product\/yoast-seo-wordpress\/ -->\n<title>Izjava o privatnosti - Spa\u010dva<\/title>\n<meta name=\"robots\" content=\"index, follow, max-snippet:-1, max-image-preview:large, max-video-preview:-1\" \/>\n<link rel=\"canonical\" href=\"https:\/\/spacva.eu\/hr\/politika-privatnosti-i-pravila-koristenja\/izjava-o-privatnosti-2\" \/>\n<meta property=\"og:locale\" content=\"hr_HR\" \/>\n<meta property=\"og:type\" content=\"article\" \/>\n<meta property=\"og:title\" content=\"Izjava o privatnosti - Spa\u010dva\" \/>\n<meta property=\"og:description\" content=\"Izjava o privatnosti Smatramo da je za\u0161tita Va\u0161e privatnosti i Va\u0161ih osobnih podataka vrlo va\u017ena stvar na koju obra\u0107amo pozornost u svim na\u0161im poslovnim odnosima. Po\u0161tujemo tajnost Va\u0161ih osobnih podataka i uvijek postupamo u skladu s odgovaraju\u0107im odredbama zakona i drugih propisa koji ure\u0111uju za\u0161titu osobnih podataka te odredbama ove Izjave o privatnosti. Stoga, ovim... Pogledaj proizvod\" \/>\n<meta property=\"og:url\" content=\"https:\/\/spacva.eu\/hr\/politika-privatnosti-i-pravila-koristenja\/izjava-o-privatnosti-2\" \/>\n<meta property=\"og:site_name\" content=\"Spa\u010dva\" \/>\n<meta property=\"article:publisher\" content=\"https:\/\/web.facebook.com\/Spacva\/\" \/>\n<meta property=\"article:modified_time\" content=\"2019-08-20T09:27:43+00:00\" \/>\n<meta property=\"og:image\" content=\"https:\/\/spacva.eu\/wp-content\/uploads\/2018\/12\/Spacva-fb-share.jpg\" \/>\n\t<meta property=\"og:image:width\" content=\"1200\" \/>\n\t<meta property=\"og:image:height\" content=\"630\" \/>\n\t<meta property=\"og:image:type\" content=\"image\/jpeg\" \/>\n<meta name=\"twitter:card\" content=\"summary_large_image\" \/>\n<meta name=\"twitter:label1\" content=\"Est. reading time\" \/>\n\t<meta name=\"twitter:data1\" content=\"7 minutes\" \/>\n<script type=\"application\/ld+json\" class=\"yoast-schema-graph\">{\"@context\":\"https:\\\/\\\/schema.org\",\"@graph\":[{\"@type\":\"WebPage\",\"@id\":\"https:\\\/\\\/spacva.eu\\\/hr\\\/politika-privatnosti-i-pravila-koristenja\\\/izjava-o-privatnosti-2\",\"url\":\"https:\\\/\\\/spacva.eu\\\/hr\\\/politika-privatnosti-i-pravila-koristenja\\\/izjava-o-privatnosti-2\",\"name\":\"Izjava o privatnosti - Spa\u010dva\",\"isPartOf\":{\"@id\":\"https:\\\/\\\/spacva.eu\\\/hr#website\"},\"datePublished\":\"2019-08-20T09:26:53+00:00\",\"dateModified\":\"2019-08-20T09:27:43+00:00\",\"breadcrumb\":{\"@id\":\"https:\\\/\\\/spacva.eu\\\/hr\\\/politika-privatnosti-i-pravila-koristenja\\\/izjava-o-privatnosti-2#breadcrumb\"},\"inLanguage\":\"hr-HR\",\"potentialAction\":[{\"@type\":\"ReadAction\",\"target\":[\"https:\\\/\\\/spacva.eu\\\/hr\\\/politika-privatnosti-i-pravila-koristenja\\\/izjava-o-privatnosti-2\"]}]},{\"@type\":\"BreadcrumbList\",\"@id\":\"https:\\\/\\\/spacva.eu\\\/hr\\\/politika-privatnosti-i-pravila-koristenja\\\/izjava-o-privatnosti-2#breadcrumb\",\"itemListElement\":[{\"@type\":\"ListItem\",\"position\":1,\"name\":\"\",\"item\":\"https:\\\/\\\/spacva.eu\\\/hr\"},{\"@type\":\"ListItem\",\"position\":2,\"name\":\"Politika privatnosti i pravila kori\u0161tenja\",\"item\":\"https:\\\/\\\/spacva.eu\\\/hr\\\/politika-privatnosti-i-pravila-koristenja\"},{\"@type\":\"ListItem\",\"position\":3,\"name\":\"Izjava o privatnosti\"}]},{\"@type\":\"WebSite\",\"@id\":\"https:\\\/\\\/spacva.eu\\\/hr#website\",\"url\":\"https:\\\/\\\/spacva.eu\\\/hr\",\"name\":\"Spa\u010dva\",\"description\":\"Stvaramo s ljubavlju\",\"publisher\":{\"@id\":\"https:\\\/\\\/spacva.eu\\\/hr#organization\"},\"potentialAction\":[{\"@type\":\"SearchAction\",\"target\":{\"@type\":\"EntryPoint\",\"urlTemplate\":\"https:\\\/\\\/spacva.eu\\\/hr?s={search_term_string}\"},\"query-input\":{\"@type\":\"PropertyValueSpecification\",\"valueRequired\":true,\"valueName\":\"search_term_string\"}}],\"inLanguage\":\"hr-HR\"},{\"@type\":\"Organization\",\"@id\":\"https:\\\/\\\/spacva.eu\\\/hr#organization\",\"name\":\"Spa\u010dva d.d.\",\"url\":\"https:\\\/\\\/spacva.eu\\\/hr\",\"logo\":{\"@type\":\"ImageObject\",\"inLanguage\":\"hr-HR\",\"@id\":\"https:\\\/\\\/spacva.eu\\\/hr#\\\/schema\\\/logo\\\/image\\\/\",\"url\":\"https:\\\/\\\/spacva.eu\\\/wp-content\\\/uploads\\\/2018\\\/06\\\/logo.png\",\"contentUrl\":\"https:\\\/\\\/spacva.eu\\\/wp-content\\\/uploads\\\/2018\\\/06\\\/logo.png\",\"width\":100,\"height\":124,\"caption\":\"Spa\u010dva d.d.\"},\"image\":{\"@id\":\"https:\\\/\\\/spacva.eu\\\/hr#\\\/schema\\\/logo\\\/image\\\/\"},\"sameAs\":[\"https:\\\/\\\/web.facebook.com\\\/Spacva\\\/\"]}]}<\/script>\n<!-- \/ Yoast SEO plugin. -->","yoast_head_json":{"title":"Izjava o privatnosti - Spa\u010dva","robots":{"index":"index","follow":"follow","max-snippet":"max-snippet:-1","max-image-preview":"max-image-preview:large","max-video-preview":"max-video-preview:-1"},"canonical":"https:\/\/spacva.eu\/hr\/politika-privatnosti-i-pravila-koristenja\/izjava-o-privatnosti-2","og_locale":"hr_HR","og_type":"article","og_title":"Izjava o privatnosti - Spa\u010dva","og_description":"Izjava o privatnosti Smatramo da je za\u0161tita Va\u0161e privatnosti i Va\u0161ih osobnih podataka vrlo va\u017ena stvar na koju obra\u0107amo pozornost u svim na\u0161im poslovnim odnosima. Po\u0161tujemo tajnost Va\u0161ih osobnih podataka i uvijek postupamo u skladu s odgovaraju\u0107im odredbama zakona i drugih propisa koji ure\u0111uju za\u0161titu osobnih podataka te odredbama ove Izjave o privatnosti. Stoga, ovim... Pogledaj proizvod","og_url":"https:\/\/spacva.eu\/hr\/politika-privatnosti-i-pravila-koristenja\/izjava-o-privatnosti-2","og_site_name":"Spa\u010dva","article_publisher":"https:\/\/web.facebook.com\/Spacva\/","article_modified_time":"2019-08-20T09:27:43+00:00","og_image":[{"width":1200,"height":630,"url":"https:\/\/spacva.eu\/wp-content\/uploads\/2018\/12\/Spacva-fb-share.jpg","type":"image\/jpeg"}],"twitter_card":"summary_large_image","twitter_misc":{"Est. reading time":"7 minutes"},"schema":{"@context":"https:\/\/schema.org","@graph":[{"@type":"WebPage","@id":"https:\/\/spacva.eu\/hr\/politika-privatnosti-i-pravila-koristenja\/izjava-o-privatnosti-2","url":"https:\/\/spacva.eu\/hr\/politika-privatnosti-i-pravila-koristenja\/izjava-o-privatnosti-2","name":"Izjava o privatnosti - Spa\u010dva","isPartOf":{"@id":"https:\/\/spacva.eu\/hr#website"},"datePublished":"2019-08-20T09:26:53+00:00","dateModified":"2019-08-20T09:27:43+00:00","breadcrumb":{"@id":"https:\/\/spacva.eu\/hr\/politika-privatnosti-i-pravila-koristenja\/izjava-o-privatnosti-2#breadcrumb"},"inLanguage":"hr-HR","potentialAction":[{"@type":"ReadAction","target":["https:\/\/spacva.eu\/hr\/politika-privatnosti-i-pravila-koristenja\/izjava-o-privatnosti-2"]}]},{"@type":"BreadcrumbList","@id":"https:\/\/spacva.eu\/hr\/politika-privatnosti-i-pravila-koristenja\/izjava-o-privatnosti-2#breadcrumb","itemListElement":[{"@type":"ListItem","position":1,"name":"","item":"https:\/\/spacva.eu\/hr"},{"@type":"ListItem","position":2,"name":"Politika privatnosti i pravila kori\u0161tenja","item":"https:\/\/spacva.eu\/hr\/politika-privatnosti-i-pravila-koristenja"},{"@type":"ListItem","position":3,"name":"Izjava o privatnosti"}]},{"@type":"WebSite","@id":"https:\/\/spacva.eu\/hr#website","url":"https:\/\/spacva.eu\/hr","name":"Spa\u010dva","description":"Stvaramo s ljubavlju","publisher":{"@id":"https:\/\/spacva.eu\/hr#organization"},"potentialAction":[{"@type":"SearchAction","target":{"@type":"EntryPoint","urlTemplate":"https:\/\/spacva.eu\/hr?s={search_term_string}"},"query-input":{"@type":"PropertyValueSpecification","valueRequired":true,"valueName":"search_term_string"}}],"inLanguage":"hr-HR"},{"@type":"Organization","@id":"https:\/\/spacva.eu\/hr#organization","name":"Spa\u010dva d.d.","url":"https:\/\/spacva.eu\/hr","logo":{"@type":"ImageObject","inLanguage":"hr-HR","@id":"https:\/\/spacva.eu\/hr#\/schema\/logo\/image\/","url":"https:\/\/spacva.eu\/wp-content\/uploads\/2018\/06\/logo.png","contentUrl":"https:\/\/spacva.eu\/wp-content\/uploads\/2018\/06\/logo.png","width":100,"height":124,"caption":"Spa\u010dva d.d."},"image":{"@id":"https:\/\/spacva.eu\/hr#\/schema\/logo\/image\/"},"sameAs":["https:\/\/web.facebook.com\/Spacva\/"]}]}},"_links":{"self":[{"href":"https:\/\/spacva.eu\/hr\/wp-json\/wp\/v2\/pages\/3533","targetHints":{"allow":["GET"]}}],"collection":[{"href":"https:\/\/spacva.eu\/hr\/wp-json\/wp\/v2\/pages"}],"about":[{"href":"https:\/\/spacva.eu\/hr\/wp-json\/wp\/v2\/types\/page"}],"author":[{"embeddable":true,"href":"https:\/\/spacva.eu\/hr\/wp-json\/wp\/v2\/users\/1"}],"replies":[{"embeddable":true,"href":"https:\/\/spacva.eu\/hr\/wp-json\/wp\/v2\/comments?post=3533"}],"version-history":[{"count":2,"href":"https:\/\/spacva.eu\/hr\/wp-json\/wp\/v2\/pages\/3533\/revisions"}],"predecessor-version":[{"id":3822,"href":"https:\/\/spacva.eu\/hr\/wp-json\/wp\/v2\/pages\/3533\/revisions\/3822"}],"up":[{"embeddable":true,"href":"https:\/\/spacva.eu\/hr\/wp-json\/wp\/v2\/pages\/2109"}],"wp:attachment":[{"href":"https:\/\/spacva.eu\/hr\/wp-json\/wp\/v2\/media?parent=3533"}],"curies":[{"name":"wp","href":"https:\/\/api.w.org\/{rel}","templated":true}]}}